{"id":22492,"date":"2026-03-18T08:30:07","date_gmt":"2026-03-18T07:30:07","guid":{"rendered":"https:\/\/hidroterm.dmcsrbija.com\/proizvod\/filter-astral-vesubio-top-mounted-8000-l-h-fi-450mm-outlet-50-mm\/"},"modified":"2026-03-18T08:30:08","modified_gmt":"2026-03-18T07:30:08","slug":"filter-astral-vesubio-top-mounted-8000-l-h-fi-450mm-outlet-50-mm","status":"publish","type":"product","link":"https:\/\/hidroterm.dmcsrbija.com\/ru\/proizvod\/filter-astral-vesubio-top-mounted-8000-l-h-fi-450mm-outlet-50-mm\/","title":{"rendered":"Filter Astral Vesubio Top mounted 8000 l\/h fi 450mm outlet 50 mm"},"content":{"rendered":"<p class=\"\" data-start=\"63\" data-end=\"132\"><strong data-start=\"63\" data-end=\"132\">AstralPool Vesubio Top Mounted Laminated Filter<\/strong><\/p>\n<p class=\"\" data-start=\"134\" data-end=\"412\">AstralPool Vesubio filter je visokokvalitetni pe\u0161\u010dani filter za bazene, dizajniran da efikasno elimini\u0161e nepo\u017eeljne \u010destice i mikroorganizme, obezbe\u0111uju\u0107i tako kristalno \u010distu i zdravu vodu. Idealno je re\u0161enje za bazene do 72 m\u00b3 i mo\u017ee posti\u0107i filtracionu brzinu od 50 m\u00b3\/h\/m\u00b2.<\/p>\n<p class=\"\" data-start=\"414\" data-end=\"440\"><strong data-start=\"414\" data-end=\"440\">Glavne karakteristike:<\/strong><\/p>\n<ul data-start=\"441\" data-end=\"799\">\n<li class=\"\" data-start=\"441\" data-end=\"576\">\n<p class=\"\" data-start=\"443\" data-end=\"576\"><strong data-start=\"443\" data-end=\"458\">Proizvodnja<\/strong>: Filter je napravljen od staklenih vlakana i poliesterskih smola, \u0161to mu omogu\u0107ava visoku otpornost i dugotrajan rad.<\/p>\n<\/li>\n<li class=\"\" data-start=\"577\" data-end=\"613\">\n<p class=\"\" data-start=\"579\" data-end=\"613\"><strong data-start=\"579\" data-end=\"600\">Brzina filtracije<\/strong>: 50 m\u00b3\/h\/m\u00b2.<\/p>\n<\/li>\n<li class=\"\" data-start=\"636\" data-end=\"665\"><strong data-start=\"668\" data-end=\"699\">Preporu\u010dena veli\u010dina bazena<\/strong>: do 72 m\u00b3.<\/li>\n<li class=\"\" data-start=\"711\" data-end=\"754\">\n<p class=\"\" data-start=\"713\" data-end=\"754\"><strong data-start=\"713\" data-end=\"728\">Povezivanje<\/strong>: Konektori pre\u010dnika 1 \u00bd&#8221;.<\/p>\n<\/li>\n<li class=\"\" data-start=\"755\" data-end=\"799\">\n<p class=\"\" data-start=\"757\" data-end=\"799\"><strong data-start=\"757\" data-end=\"786\">Maksimalni radni pritisak<\/strong>: 2,5 Kg\/cm\u00b2.<\/p>\n<\/li>\n<\/ul>\n<p class=\"\" data-start=\"801\" data-end=\"1018\">Filter je opremljen sa ekspanzivnim plasti\u010dnim poklopcem, manometrom, automatskim i mehani\u010dkim ventilima za vazduh, kao i mehani\u010dkim ventilom za otpu\u0161tanje vode, \u0161to obezbe\u0111uje lako odr\u017eavanje i maksimalnu efikasnost.<\/p>\n<p class=\"\" data-start=\"1020\" data-end=\"1117\"><strong data-start=\"1020\" data-end=\"1055\">Selekcioni ventil sa 6 pozicija<\/strong> omogu\u0107ava jednostavno upravljanje radom filtera, uklju\u010duju\u0107i:<\/p>\n<ul data-start=\"1118\" data-end=\"1546\">\n<li class=\"\" data-start=\"1118\" data-end=\"1194\">\n<p class=\"\" data-start=\"1120\" data-end=\"1194\"><strong data-start=\"1120\" data-end=\"1134\">Filtracija<\/strong>: Kontinuirano nadgledanje pritiska za optimalnu efikasnost.<\/p>\n<\/li>\n<li class=\"\" data-start=\"1195\" data-end=\"1294\">\n<p class=\"\" data-start=\"1197\" data-end=\"1294\"><strong data-start=\"1197\" data-end=\"1209\">Backwash<\/strong>: Preporu\u010duje se kada pritisak dostigne 18,5 PSI, za uklanjanje zaga\u0111enja iz filtera.<\/p>\n<\/li>\n<li class=\"\" data-start=\"1295\" data-end=\"1358\">\n<p class=\"\" data-start=\"1297\" data-end=\"1358\"><strong data-start=\"1297\" data-end=\"1314\">Recirculacija<\/strong>: Voda direktno ide u bazen, bez filtracije.<\/p>\n<\/li>\n<li class=\"\" data-start=\"1359\" data-end=\"1404\">\n<p class=\"\" data-start=\"1361\" data-end=\"1404\"><strong data-start=\"1361\" data-end=\"1370\">Otpad<\/strong>: Koristi se za pra\u017enjenje bazena.<\/p>\n<\/li>\n<li class=\"\" data-start=\"1405\" data-end=\"1465\">\n<p class=\"\" data-start=\"1407\" data-end=\"1465\"><strong data-start=\"1407\" data-end=\"1420\">Ispiranje<\/strong>: Za \u010di\u0161\u0107enje filtera nakon backwash procesa.<\/p>\n<\/li>\n<li class=\"\" data-start=\"1466\" data-end=\"1546\">\n<p class=\"\" data-start=\"1468\" data-end=\"1546\"><strong data-start=\"1468\" data-end=\"1481\">Zatvoreno<\/strong>: Zatvara protok vode prema pumpi i omogu\u0107ava odr\u017eavanje filtera.<\/p>\n<\/li>\n<\/ul>\n<p class=\"\" data-start=\"1548\" data-end=\"1575\"><strong data-start=\"1548\" data-end=\"1574\">Dodatne karakteristike<\/strong>:<\/p>\n<ul data-start=\"1576\" data-end=\"1712\">\n<li class=\"\" data-start=\"1576\" data-end=\"1643\">\n<p class=\"\" data-start=\"1578\" data-end=\"1643\">Filteri sa pre\u010dnikom do \u00d81050 mm mogu koristiti multiport ventil.<\/p>\n<\/li>\n<li class=\"\" data-start=\"1644\" data-end=\"1712\">\n<p class=\"\" data-start=\"1646\" data-end=\"1712\">Filteri sa pre\u010dnikom od \u00d8900 mm i ve\u0107im isporu\u010duju se bez ventila.<\/p>\n<\/li>\n<\/ul>\n<p class=\"\" data-start=\"1714\" data-end=\"1835\">Ovaj filter je idealan za sve tipove bazena, obezbe\u0111uju\u0107i visoke standarde sanitacije i zdravu, sigurnu vodu za plivanje.<\/p>\n<p>Filter Vesubio Top mount je filter namenjen za javne i privatne bazene.<\/p>\n<p>Da bi voda u bazenu bila kristalno \u010dista, pored upotrebe hemije, potrebno je svakodnevno vr\u0161iti filtraciju vode uz pomo\u0107 pe\u0161\u010danog filtera.<\/p>\n<p>Od ispuna se moze koristiti kvarcni pesak, filtraciono staklo ili zeolit.<\/p>\n<p>Potrebna koli\u010dina ispune zavisi od modela filtera.<\/p>\n<p>Za 4 sata pro\u010disti svu vodu iz bazena.<\/p>\n<p>Mo\u017ee biti postavljen ispod nivoa vode ili iznad. Na njemu se postavlja \u0161estopolo\u017eajni ventil koji slu\u017ei kao ure\u0111aj za upravljanje radom filtera.<\/p>","protected":false},"excerpt":{"rendered":"<p>AstralPool Vesubio top mounted filter je visokokvalitetni pe\u0161\u010dani filter za bazene do 72 m\u00b3, proizveden od staklenih vlakana i poliesterskih smola, sa selektorskim ventilom sa 6 pozicija, manometrom i automatskim ventilima, pru\u017eaju\u0107i efikasnu filtraciju i dugotrajan rad pri maksimalnom pritisku od 2,5 Kg\/cm\u00b2.<\/p>","protected":false},"featured_media":22493,"template":"","meta":[],"product_brand":[],"product_cat":[15],"product_tag":[],"class_list":{"0":"post-22492","1":"product","2":"type-product","3":"status-publish","4":"has-post-thumbnail","6":"product_cat-uncategorized","8":"first","9":"instock","10":"sold-individually","11":"purchasable","12":"product-type-simple"},"_links":{"self":[{"href":"https:\/\/hidroterm.dmcsrbija.com\/ru\/wp-json\/wp\/v2\/product\/22492","targetHints":{"allow":["GET"]}}],"collection":[{"href":"https:\/\/hidroterm.dmcsrbija.com\/ru\/wp-json\/wp\/v2\/product"}],"about":[{"href":"https:\/\/hidroterm.dmcsrbija.com\/ru\/wp-json\/wp\/v2\/types\/product"}],"wp:featuredmedia":[{"embeddable":true,"href":"https:\/\/hidroterm.dmcsrbija.com\/ru\/wp-json\/wp\/v2\/media\/22493"}],"wp:attachment":[{"href":"https:\/\/hidroterm.dmcsrbija.com\/ru\/wp-json\/wp\/v2\/media?parent=22492"}],"wp:term":[{"taxonomy":"product_brand","embeddable":true,"href":"https:\/\/hidroterm.dmcsrbija.com\/ru\/wp-json\/wp\/v2\/product_brand?post=22492"},{"taxonomy":"product_cat","embeddable":true,"href":"https:\/\/hidroterm.dmcsrbija.com\/ru\/wp-json\/wp\/v2\/product_cat?post=22492"},{"taxonomy":"product_tag","embeddable":true,"href":"https:\/\/hidroterm.dmcsrbija.com\/ru\/wp-json\/wp\/v2\/product_tag?post=22492"}],"curies":[{"name":"wp","href":"https:\/\/api.w.org\/{rel}","templated":true}]}}