{"id":22346,"date":"2025-11-21T15:01:41","date_gmt":"2025-11-21T14:01:41","guid":{"rendered":"https:\/\/hidroterm.dmcsrbija.com\/?post_type=product&#038;p=22346"},"modified":"2025-11-21T15:15:44","modified_gmt":"2025-11-21T14:15:44","slug":"kotao-sukoplam-50kw-bios","status":"publish","type":"product","link":"https:\/\/hidroterm.dmcsrbija.com\/ru\/proizvod\/kotao-sukoplam-50kw-bios\/","title":{"rendered":"Kotao \u0160ukoplam 50kW BIOS"},"content":{"rendered":"<h2><strong>Kotao \u0160ukoplam 50kW BIOS<\/strong><\/h2>\n<p>Kotao \u0160ukoplam BIOS raspona snage 25-60 kW je konstruisan za sagorevanje balirane biomase (npr. slama) i drugih oblika \u010dvrstog goriva. Model 50 kW (u rasponu 50-65 kW) je dizajniran za objekte srednje do ve\u0107e veli\u010dine.<br \/>\nTelo kotla je izra\u0111eno kao tropromajni sistem \u2014 dimni gasovi prolaze kroz lo\u017ei\u0161te, vodom hla\u0111enu pregradu i cevni snop, \u0161to omogu\u0107ava maksimalnu predaju toplote vodi.\u00a0 Kotao ima vrata dimenzija pogodnih za balirane bale, ventilator za dimne gasove, automatiku i sistem za regulaciju sagorevanja.\u00a0<br data-start=\"1056\" data-end=\"1059\" \/>Namenjen je za radne re\u017eime vode 110\/90 \u00b0C ili 90\/70 \u00b0C uz maksimalan radni pritisak 2,5 bar.<\/p>\n<h3 data-start=\"2192\" data-end=\"2207\"><strong>Prednosti<\/strong><\/h3>\n<ul>\n<li data-start=\"2210\" data-end=\"2270\">Visoka efikasnost zahvaljuju\u0107i trostrukoj razmeni toplote.<\/li>\n<li data-start=\"2273\" data-end=\"2338\">Fleksibilnost izbora goriva (balirana biomasa + \u010dvrsto gorivo).<\/li>\n<li data-start=\"2341\" data-end=\"2409\">Ventilator dimnih gasova i automatika za optimizaciju sagorevanja.<\/li>\n<li data-start=\"2412\" data-end=\"2465\">Pouzdan i robustan kotao za srednje i ve\u0107e objekte.<\/li>\n<li data-start=\"2468\" data-end=\"2560\">Proizveden prema standardima za grejanje na biomasu i \u010dvrsta goriva.<\/li>\n<\/ul>","protected":false},"excerpt":{"rendered":"<p data-start=\"116\" data-end=\"328\">Kotao \u0160ukoplam BIOS 50 kW \u2014 \u010deli\u010dni kotao tipa BIOS (biomasa, balirana slama, \u010dvrsto gorivo) sa ventilatorom dimnih gasova, trostrukom razmenom toplote i visokim iskori\u0161\u0107enjem \u2014 idealan za ve\u0107e objektne povr\u0161ine.<\/p>","protected":false},"featured_media":16233,"template":"","meta":[],"product_brand":[4200],"product_cat":[4235],"product_tag":[],"class_list":{"0":"post-22346","1":"product","2":"type-product","3":"status-publish","4":"has-post-thumbnail","6":"product_brand-sukom","7":"product_cat-kotlovi-na-biomasu","9":"first","10":"instock","11":"shipping-taxable","12":"purchasable","13":"product-type-simple"},"_links":{"self":[{"href":"https:\/\/hidroterm.dmcsrbija.com\/ru\/wp-json\/wp\/v2\/product\/22346","targetHints":{"allow":["GET"]}}],"collection":[{"href":"https:\/\/hidroterm.dmcsrbija.com\/ru\/wp-json\/wp\/v2\/product"}],"about":[{"href":"https:\/\/hidroterm.dmcsrbija.com\/ru\/wp-json\/wp\/v2\/types\/product"}],"wp:featuredmedia":[{"embeddable":true,"href":"https:\/\/hidroterm.dmcsrbija.com\/ru\/wp-json\/wp\/v2\/media\/16233"}],"wp:attachment":[{"href":"https:\/\/hidroterm.dmcsrbija.com\/ru\/wp-json\/wp\/v2\/media?parent=22346"}],"wp:term":[{"taxonomy":"product_brand","embeddable":true,"href":"https:\/\/hidroterm.dmcsrbija.com\/ru\/wp-json\/wp\/v2\/product_brand?post=22346"},{"taxonomy":"product_cat","embeddable":true,"href":"https:\/\/hidroterm.dmcsrbija.com\/ru\/wp-json\/wp\/v2\/product_cat?post=22346"},{"taxonomy":"product_tag","embeddable":true,"href":"https:\/\/hidroterm.dmcsrbija.com\/ru\/wp-json\/wp\/v2\/product_tag?post=22346"}],"curies":[{"name":"wp","href":"https:\/\/api.w.org\/{rel}","templated":true}]}}