{"id":22336,"date":"2025-11-21T11:50:47","date_gmt":"2025-11-21T10:50:47","guid":{"rendered":"https:\/\/hidroterm.dmcsrbija.com\/?post_type=product&#038;p=22336"},"modified":"2025-11-21T11:52:53","modified_gmt":"2025-11-21T10:52:53","slug":"crevo-za-gas-inox-3-4-2000mm-atom","status":"publish","type":"product","link":"https:\/\/hidroterm.dmcsrbija.com\/ru\/proizvod\/crevo-za-gas-inox-3-4-2000mm-atom\/","title":{"rendered":"Crevo za gas inox 3\/4 2000mm Atom"},"content":{"rendered":"<p data-start=\"128\" data-end=\"468\">Crevo za gas inox 3\/4 \u2013 2000 mm Atom je fleksibilno priklju\u010dno crevo visokog kvaliteta, izra\u0111eno od ner\u0111aju\u0107eg \u010delika i presvu\u010deno specijalnom \u017eutom folijom koja ozna\u010dava da je namenjeno za gasne instalacije, namenjeno za pouzdano i sigurno povezivanje gasnih ure\u0111aja ve\u0107eg protoka. Du\u017eina od 2000 mm omogu\u0107ava jednostavno postavljanje ure\u0111aja koji su udaljeni od priklju\u010dka, uz o\u010duvanje stabilnog i sigurnog protoka gasa.<br \/>\nOvo crevo je idealno za kotlove, bojlere i profesionalne plinske ure\u0111aje gde je potrebna dodatna fleksibilnost i sigurnost.<\/p>\n<h3 data-start=\"930\" data-end=\"947\"><strong data-start=\"934\" data-end=\"947\">Prednosti<\/strong><\/h3>\n<ul>\n<li data-start=\"950\" data-end=\"1011\">Stabilan i pouzdan protok gasa zahvaljuju\u0107i 3\/4&#8243; priklju\u010dku.<\/li>\n<li data-start=\"1014\" data-end=\"1075\">Velika du\u017eina (2 m) olak\u0161ava monta\u017eu na udaljenim ure\u0111ajima.<\/li>\n<li data-start=\"1078\" data-end=\"1124\">Idealno za profesionalne i ku\u0107ne instalacije.<\/li>\n<li data-start=\"1127\" data-end=\"1177\">Minimalno odr\u017eavanje i dugotrajna funkcionalnost.<\/li>\n<li data-start=\"1180\" data-end=\"1231\">Sigurno i fleksibilno re\u0161enje za gasne priklju\u010dke.<\/li>\n<\/ul>","protected":false},"excerpt":{"rendered":"<p data-start=\"1427\" data-end=\"1582\">Crevo za gas inox 3\/4 \u2013 2000 mm. Fleksibilno i izdr\u017eljivo crevo za sigurno povezivanje kotlova, bojlera i profesionalnih gasnih ure\u0111aja ve\u0107eg protoka.<\/p>\n<h2 data-start=\"1584\" data-end=\"1603\"><\/h2>","protected":false},"featured_media":16900,"template":"","meta":[],"product_brand":[4331],"product_cat":[4332],"product_tag":[],"class_list":{"0":"post-22336","1":"product","2":"type-product","3":"status-publish","4":"has-post-thumbnail","6":"product_brand-atom","7":"product_cat-creva-za-gas","9":"first","10":"instock","11":"shipping-taxable","12":"purchasable","13":"product-type-simple"},"_links":{"self":[{"href":"https:\/\/hidroterm.dmcsrbija.com\/ru\/wp-json\/wp\/v2\/product\/22336","targetHints":{"allow":["GET"]}}],"collection":[{"href":"https:\/\/hidroterm.dmcsrbija.com\/ru\/wp-json\/wp\/v2\/product"}],"about":[{"href":"https:\/\/hidroterm.dmcsrbija.com\/ru\/wp-json\/wp\/v2\/types\/product"}],"wp:featuredmedia":[{"embeddable":true,"href":"https:\/\/hidroterm.dmcsrbija.com\/ru\/wp-json\/wp\/v2\/media\/16900"}],"wp:attachment":[{"href":"https:\/\/hidroterm.dmcsrbija.com\/ru\/wp-json\/wp\/v2\/media?parent=22336"}],"wp:term":[{"taxonomy":"product_brand","embeddable":true,"href":"https:\/\/hidroterm.dmcsrbija.com\/ru\/wp-json\/wp\/v2\/product_brand?post=22336"},{"taxonomy":"product_cat","embeddable":true,"href":"https:\/\/hidroterm.dmcsrbija.com\/ru\/wp-json\/wp\/v2\/product_cat?post=22336"},{"taxonomy":"product_tag","embeddable":true,"href":"https:\/\/hidroterm.dmcsrbija.com\/ru\/wp-json\/wp\/v2\/product_tag?post=22336"}],"curies":[{"name":"wp","href":"https:\/\/api.w.org\/{rel}","templated":true}]}}