{"id":22333,"date":"2025-11-21T11:41:38","date_gmt":"2025-11-21T10:41:38","guid":{"rendered":"https:\/\/hidroterm.dmcsrbija.com\/?post_type=product&#038;p=22333"},"modified":"2025-11-21T11:49:35","modified_gmt":"2025-11-21T10:49:35","slug":"crevo-za-gas-inox-3-4-1500mm-atom","status":"publish","type":"product","link":"https:\/\/hidroterm.dmcsrbija.com\/ru\/proizvod\/crevo-za-gas-inox-3-4-1500mm-atom\/","title":{"rendered":"Crevo za gas inox 3\/4 1500mm Atom"},"content":{"rendered":"<p data-start=\"128\" data-end=\"471\">Crevo za gas inox 3\/4 \u2013 1500 mm Atom je fleksibilno i izdr\u017eljivo priklju\u010dno crevo od ner\u0111aju\u0107eg \u010delika i presvu\u010deno specijalnom \u017eutom folijom koja ozna\u010dava da je namenjeno za gasne instalacije, namenjeno za pouzdano i sigurno povezivanje plinskih ure\u0111aja ve\u0107eg protoka. Du\u017eina od 1500 mm omogu\u0107ava jednostavniju monta\u017eu ure\u0111aja koji su udaljeni od priklju\u010dne ta\u010dke, uz o\u010duvanje maksimalne sigurnosti i stabilnog protoka gasa.<br \/>\nOvo crevo je idealno za kotlove, bojlere i profesionalne plinske ure\u0111aje koji zahtevaju ve\u0107i protok i fleksibilnost pri instalaciji.<\/p>\n<h3 data-start=\"937\" data-end=\"954\"><strong data-start=\"941\" data-end=\"954\">Prednosti<\/strong><\/h3>\n<ul>\n<li>Stabilan protok gasa zahvaljuju\u0107i priklju\u010dku 3\/4&#8243;.<\/li>\n<li>Du\u017eina od 1500 mm omogu\u0107ava jednostavnu instalaciju na ve\u0107im udaljenostima.<\/li>\n<li>Pouzdano re\u0161enje za profesionalne i ku\u0107ne gasne ure\u0111aje.<\/li>\n<li>Minimalno odr\u017eavanje i dugotrajna funkcionalnost.<\/li>\n<li data-start=\"730\" data-end=\"788\">Otpornost na koroziju, pritisak i visoke temperature.<\/li>\n<li>Sigurna i fleksibilna monta\u017ea.<\/li>\n<\/ul>","protected":false},"excerpt":{"rendered":"<p data-start=\"1430\" data-end=\"1587\">Crevo za gas inox 3\/4 \u2013 1500 mm. Fleksibilno i izdr\u017eljivo crevo za sigurno povezivanje kotlova, bojlera i profesionalnih plinskih ure\u0111aja ve\u0107eg protoka.<\/p>\n<h2 data-start=\"1589\" data-end=\"1608\"><\/h2>","protected":false},"featured_media":16900,"template":"","meta":[],"product_brand":[4331],"product_cat":[4332],"product_tag":[],"class_list":{"0":"post-22333","1":"product","2":"type-product","3":"status-publish","4":"has-post-thumbnail","6":"product_brand-atom","7":"product_cat-creva-za-gas","9":"first","10":"instock","11":"shipping-taxable","12":"purchasable","13":"product-type-simple"},"_links":{"self":[{"href":"https:\/\/hidroterm.dmcsrbija.com\/ru\/wp-json\/wp\/v2\/product\/22333","targetHints":{"allow":["GET"]}}],"collection":[{"href":"https:\/\/hidroterm.dmcsrbija.com\/ru\/wp-json\/wp\/v2\/product"}],"about":[{"href":"https:\/\/hidroterm.dmcsrbija.com\/ru\/wp-json\/wp\/v2\/types\/product"}],"wp:featuredmedia":[{"embeddable":true,"href":"https:\/\/hidroterm.dmcsrbija.com\/ru\/wp-json\/wp\/v2\/media\/16900"}],"wp:attachment":[{"href":"https:\/\/hidroterm.dmcsrbija.com\/ru\/wp-json\/wp\/v2\/media?parent=22333"}],"wp:term":[{"taxonomy":"product_brand","embeddable":true,"href":"https:\/\/hidroterm.dmcsrbija.com\/ru\/wp-json\/wp\/v2\/product_brand?post=22333"},{"taxonomy":"product_cat","embeddable":true,"href":"https:\/\/hidroterm.dmcsrbija.com\/ru\/wp-json\/wp\/v2\/product_cat?post=22333"},{"taxonomy":"product_tag","embeddable":true,"href":"https:\/\/hidroterm.dmcsrbija.com\/ru\/wp-json\/wp\/v2\/product_tag?post=22333"}],"curies":[{"name":"wp","href":"https:\/\/api.w.org\/{rel}","templated":true}]}}