{"id":22329,"date":"2025-11-21T11:11:37","date_gmt":"2025-11-21T10:11:37","guid":{"rendered":"https:\/\/hidroterm.dmcsrbija.com\/?post_type=product&#038;p=22329"},"modified":"2025-11-21T11:39:22","modified_gmt":"2025-11-21T10:39:22","slug":"crevo-za-gas-inox-3-4-1200mm-atom","status":"publish","type":"product","link":"https:\/\/hidroterm.dmcsrbija.com\/ru\/proizvod\/crevo-za-gas-inox-3-4-1200mm-atom\/","title":{"rendered":"Crevo za gas inox 3\/4 1200mm Atom"},"content":{"rendered":"<p data-start=\"128\" data-end=\"436\">Crevo za gas inox 3\/4 \u2013 1200 mm Atom je fleksibilno i izdr\u017eljivo priklju\u010dno crevo izra\u0111eno od ner\u0111aju\u0107eg \u010delika i presvu\u010deno specijalnom \u017eutom folijom koja ozna\u010dava da je namenjeno za gasne instalacije, namenjeno za sigurno povezivanje gasnih ure\u0111aja ve\u0107eg protoka. Du\u017eina od 1200 mm omogu\u0107ava dodatnu fleksibilnost u monta\u017ei i jednostavno povezivanje ure\u0111aja udaljenih od priklju\u010dne ta\u010dke.<br \/>\nOvo crevo je idealno za kotlove, bojlere i profesionalne plinske ure\u0111aje koji zahtevaju stabilan i pouzdan protok gasa.<\/p>\n<h3 data-start=\"868\" data-end=\"885\"><strong data-start=\"872\" data-end=\"885\">Prednosti<\/strong><\/h3>\n<ul>\n<li data-start=\"888\" data-end=\"945\">Stabilan protok gasa zahvaljuju\u0107i ve\u0107em priklju\u010dku 3\/4&#8243;<\/li>\n<li data-start=\"948\" data-end=\"1003\">Du\u017eina od 1200 mm pru\u017ea dodatnu slobodu u instalaciji<\/li>\n<li data-start=\"1006\" data-end=\"1063\">Pouzdano re\u0161enje za profesionalne i ku\u0107ne gasne ure\u0111aje<\/li>\n<li data-start=\"1066\" data-end=\"1109\">Minimalno odr\u017eavanje i visoka dugove\u010dnost<\/li>\n<li data-start=\"1112\" data-end=\"1143\">Sigurna i fleksibilna monta\u017ea<\/li>\n<\/ul>","protected":false},"excerpt":{"rendered":"<p data-start=\"1321\" data-end=\"1464\">Crevo za gas inox 3\/4 \u2013 1200 mm Atom. Fleksibilno i izdr\u017eljivo crevo za sigurno povezivanje kotlova, bojlera i profesionalnih plinskih ure\u0111aja.<\/p>\n<h2 data-start=\"1466\" data-end=\"1485\"><\/h2>","protected":false},"featured_media":16900,"template":"","meta":[],"product_brand":[4331],"product_cat":[4332],"product_tag":[],"class_list":{"0":"post-22329","1":"product","2":"type-product","3":"status-publish","4":"has-post-thumbnail","6":"product_brand-atom","7":"product_cat-creva-za-gas","9":"first","10":"instock","11":"shipping-taxable","12":"purchasable","13":"product-type-simple"},"_links":{"self":[{"href":"https:\/\/hidroterm.dmcsrbija.com\/ru\/wp-json\/wp\/v2\/product\/22329","targetHints":{"allow":["GET"]}}],"collection":[{"href":"https:\/\/hidroterm.dmcsrbija.com\/ru\/wp-json\/wp\/v2\/product"}],"about":[{"href":"https:\/\/hidroterm.dmcsrbija.com\/ru\/wp-json\/wp\/v2\/types\/product"}],"wp:featuredmedia":[{"embeddable":true,"href":"https:\/\/hidroterm.dmcsrbija.com\/ru\/wp-json\/wp\/v2\/media\/16900"}],"wp:attachment":[{"href":"https:\/\/hidroterm.dmcsrbija.com\/ru\/wp-json\/wp\/v2\/media?parent=22329"}],"wp:term":[{"taxonomy":"product_brand","embeddable":true,"href":"https:\/\/hidroterm.dmcsrbija.com\/ru\/wp-json\/wp\/v2\/product_brand?post=22329"},{"taxonomy":"product_cat","embeddable":true,"href":"https:\/\/hidroterm.dmcsrbija.com\/ru\/wp-json\/wp\/v2\/product_cat?post=22329"},{"taxonomy":"product_tag","embeddable":true,"href":"https:\/\/hidroterm.dmcsrbija.com\/ru\/wp-json\/wp\/v2\/product_tag?post=22329"}],"curies":[{"name":"wp","href":"https:\/\/api.w.org\/{rel}","templated":true}]}}