{"id":22325,"date":"2025-11-21T11:01:38","date_gmt":"2025-11-21T10:01:38","guid":{"rendered":"https:\/\/hidroterm.dmcsrbija.com\/?post_type=product&#038;p=22325"},"modified":"2025-11-21T11:10:23","modified_gmt":"2025-11-21T10:10:23","slug":"crevo-za-gas-inox-3-4-1000mm-atom","status":"publish","type":"product","link":"https:\/\/hidroterm.dmcsrbija.com\/ru\/proizvod\/crevo-za-gas-inox-3-4-1000mm-atom\/","title":{"rendered":"Crevo za gas inox 3\/4 1000mm Atom"},"content":{"rendered":"<p data-start=\"135\" data-end=\"471\">Crevo za gas inox 3\/4 \u2013 1000 mm Atom predstavlja fleksibilno, visokokvalitetno i izuzetno pouzdano priklju\u010dno crevo namenjeno za povezivanje gasnih ure\u0111aja koji zahtevaju ve\u0107i protok gasa. Izra\u0111eno od ner\u0111aju\u0107eg \u010delika i presvu\u010deno specijalnom \u017eutom folijom koja ozna\u010dava da je namenjeno za gasne instalacije, ovo crevo pru\u017ea odli\u010dnu otpornost na koroziju, visoke temperature i pritisak, \u010dime obezbe\u0111uje dug i siguran rad.<br \/>\nSa du\u017einom od 1000 mm, idealno je za instalacije gde je potreban ve\u0107i domet i lak\u0161e pozicioniranje ure\u0111aja u odnosu na priklju\u010dak.<\/p>\n<h3 data-start=\"926\" data-end=\"943\"><strong data-start=\"930\" data-end=\"943\">Prednosti<\/strong><\/h3>\n<ul>\n<li data-start=\"946\" data-end=\"1007\">Stabilan i poja\u010dan protok gasa zahvaljuju\u0107i priklju\u010dku 3\/4&#8243;.<\/li>\n<li data-start=\"1010\" data-end=\"1068\">Ve\u0107a du\u017eina (1 m) omogu\u0107ava ve\u0107u slobodu pri instalaciji.<\/li>\n<li data-start=\"1071\" data-end=\"1121\">Visoka sigurnost i pouzdanost gasnih priklju\u010daka.<\/li>\n<li data-start=\"1124\" data-end=\"1177\">Prikladno za profesionalne i zahtevnije instalacije.<\/li>\n<li data-start=\"1180\" data-end=\"1230\">Minimalno odr\u017eavanje i dugotrajna funkcionalnost.<\/li>\n<\/ul>","protected":false},"excerpt":{"rendered":"<p data-start=\"1416\" data-end=\"1595\">Inox crevo za gas 3\/4 \u2013 1000 mm Atom. Kvalitetno, fleksibilno i izdr\u017eljivo crevo za sigurno povezivanje gasnih ure\u0111aja ve\u0107eg protoka. Idealno za profesionalne i ku\u0107ne instalacije.<\/p>\n<h2 data-start=\"1597\" data-end=\"1616\"><\/h2>","protected":false},"featured_media":16900,"template":"","meta":[],"product_brand":[4331],"product_cat":[4332],"product_tag":[],"class_list":{"0":"post-22325","1":"product","2":"type-product","3":"status-publish","4":"has-post-thumbnail","6":"product_brand-atom","7":"product_cat-creva-za-gas","9":"first","10":"instock","11":"shipping-taxable","12":"purchasable","13":"product-type-simple"},"_links":{"self":[{"href":"https:\/\/hidroterm.dmcsrbija.com\/ru\/wp-json\/wp\/v2\/product\/22325","targetHints":{"allow":["GET"]}}],"collection":[{"href":"https:\/\/hidroterm.dmcsrbija.com\/ru\/wp-json\/wp\/v2\/product"}],"about":[{"href":"https:\/\/hidroterm.dmcsrbija.com\/ru\/wp-json\/wp\/v2\/types\/product"}],"wp:featuredmedia":[{"embeddable":true,"href":"https:\/\/hidroterm.dmcsrbija.com\/ru\/wp-json\/wp\/v2\/media\/16900"}],"wp:attachment":[{"href":"https:\/\/hidroterm.dmcsrbija.com\/ru\/wp-json\/wp\/v2\/media?parent=22325"}],"wp:term":[{"taxonomy":"product_brand","embeddable":true,"href":"https:\/\/hidroterm.dmcsrbija.com\/ru\/wp-json\/wp\/v2\/product_brand?post=22325"},{"taxonomy":"product_cat","embeddable":true,"href":"https:\/\/hidroterm.dmcsrbija.com\/ru\/wp-json\/wp\/v2\/product_cat?post=22325"},{"taxonomy":"product_tag","embeddable":true,"href":"https:\/\/hidroterm.dmcsrbija.com\/ru\/wp-json\/wp\/v2\/product_tag?post=22325"}],"curies":[{"name":"wp","href":"https:\/\/api.w.org\/{rel}","templated":true}]}}