{"id":22321,"date":"2025-11-21T10:55:42","date_gmt":"2025-11-21T09:55:42","guid":{"rendered":"https:\/\/hidroterm.dmcsrbija.com\/?post_type=product&#038;p=22321"},"modified":"2025-11-21T11:00:07","modified_gmt":"2025-11-21T10:00:07","slug":"crevo-za-gas-inox-3-4-800mm-atom","status":"publish","type":"product","link":"https:\/\/hidroterm.dmcsrbija.com\/ru\/proizvod\/crevo-za-gas-inox-3-4-800mm-atom\/","title":{"rendered":"Crevo za gas inox 3\/4 800mm Atom"},"content":{"rendered":"<p data-start=\"133\" data-end=\"516\">Crevo za gas inox 3\/4 \u2013 800 mm Atom je fleksibilno i izuzetno izdr\u017eljivo priklju\u010dno crevo izra\u0111eno od visokokvalitetnog ner\u0111aju\u0107eg \u010delika i presvu\u010deno specijalnom \u017eutom folijom koja ozna\u010dava da je namenjeno za gasne instalacije, namenjeno za sigurno povezivanje gasnih ure\u0111aja ve\u0107eg kapaciteta. Sa priklju\u010dkom 3\/4&#8243;, omogu\u0107ava stabilan protok gasa i pouzdan rad ure\u0111aja koji zahtevaju ve\u0107i protok, dok du\u017eina od 800 mm pru\u017ea optimalnu fleksibilnost pri ugradnji.<br \/>\nOvo crevo je idealno za kotlove, profesionalne plinske ure\u0111aje i sve instalacije koje zahtevaju dodatni domet i sigurnost.<\/p>\n<h3 data-start=\"956\" data-end=\"973\"><strong data-start=\"960\" data-end=\"973\">Prednosti<\/strong><\/h3>\n<ul>\n<li data-start=\"976\" data-end=\"1018\">Ve\u0107i protok zahvaljuju\u0107i 3\/4&#8243; priklju\u010dku.<\/li>\n<li data-start=\"1021\" data-end=\"1068\">Dodatna fleksibilnost zbog du\u017ee cevi (800 mm) i jednostavna monta\u017ea.<\/li>\n<li data-start=\"1071\" data-end=\"1116\">Sigurna i stabilna veza sa gasnim ure\u0111ajima.<\/li>\n<li data-start=\"1119\" data-end=\"1164\">Robusna izrada koja garantuje dug radni vek.<\/li>\n<li data-start=\"1167\" data-end=\"1213\">Idealno za profesionalne i ku\u0107ne instalacije.<\/li>\n<\/ul>","protected":false},"excerpt":{"rendered":"<p data-start=\"1404\" data-end=\"1552\">Crevo za gas inox 3\/4 \u2013 800 mm Atom. Fleksibilno, izdr\u017eljivo i sertifikovano inox crevo za sigurno povezivanje gasnih ure\u0111aja ve\u0107eg protoka i snage.<\/p>\n<h2 data-start=\"1554\" data-end=\"1573\"><\/h2>","protected":false},"featured_media":16900,"template":"","meta":[],"product_brand":[4331],"product_cat":[4332],"product_tag":[],"class_list":{"0":"post-22321","1":"product","2":"type-product","3":"status-publish","4":"has-post-thumbnail","6":"product_brand-atom","7":"product_cat-creva-za-gas","9":"first","10":"instock","11":"shipping-taxable","12":"purchasable","13":"product-type-simple"},"_links":{"self":[{"href":"https:\/\/hidroterm.dmcsrbija.com\/ru\/wp-json\/wp\/v2\/product\/22321","targetHints":{"allow":["GET"]}}],"collection":[{"href":"https:\/\/hidroterm.dmcsrbija.com\/ru\/wp-json\/wp\/v2\/product"}],"about":[{"href":"https:\/\/hidroterm.dmcsrbija.com\/ru\/wp-json\/wp\/v2\/types\/product"}],"wp:featuredmedia":[{"embeddable":true,"href":"https:\/\/hidroterm.dmcsrbija.com\/ru\/wp-json\/wp\/v2\/media\/16900"}],"wp:attachment":[{"href":"https:\/\/hidroterm.dmcsrbija.com\/ru\/wp-json\/wp\/v2\/media?parent=22321"}],"wp:term":[{"taxonomy":"product_brand","embeddable":true,"href":"https:\/\/hidroterm.dmcsrbija.com\/ru\/wp-json\/wp\/v2\/product_brand?post=22321"},{"taxonomy":"product_cat","embeddable":true,"href":"https:\/\/hidroterm.dmcsrbija.com\/ru\/wp-json\/wp\/v2\/product_cat?post=22321"},{"taxonomy":"product_tag","embeddable":true,"href":"https:\/\/hidroterm.dmcsrbija.com\/ru\/wp-json\/wp\/v2\/product_tag?post=22321"}],"curies":[{"name":"wp","href":"https:\/\/api.w.org\/{rel}","templated":true}]}}