{"id":22316,"date":"2025-11-21T10:31:37","date_gmt":"2025-11-21T09:31:37","guid":{"rendered":"https:\/\/hidroterm.dmcsrbija.com\/?post_type=product&#038;p=22316"},"modified":"2025-11-21T10:35:50","modified_gmt":"2025-11-21T09:35:50","slug":"crevo-za-gas-inox-1-2-2000mm-atom","status":"publish","type":"product","link":"https:\/\/hidroterm.dmcsrbija.com\/ru\/proizvod\/crevo-za-gas-inox-1-2-2000mm-atom\/","title":{"rendered":"Crevo za gas inox 1\/2 2000mm Atom"},"content":{"rendered":"<p data-start=\"120\" data-end=\"475\">Crevo za gas inox 1\/2 \u2013 2000 mm Atom predstavlja izuzetno fleksibilno i pouzdano priklju\u010dno crevo namenjeno za bezbedno povezivanje plinskih ure\u0111aja na instalaciju. Izra\u0111eno je od visokokvalitetnog ner\u0111aju\u0107eg \u010delika koji obezbe\u0111uje maksimalnu otpornost na pritisak, koroziju i mehani\u010dka o\u0161te\u0107enja, \u0161to ga \u010dini idealnim za dugoro\u010dnu i sigurnu upotrebu i presvu\u010deno specijalnom \u017eutom folijom koja ozna\u010dava da je namenjeno za gasne instalacije.<br \/>\nSa du\u017einom od 2000 mm, ovo inox crevo pru\u017ea veliku slobodu pri monta\u017ei, posebno tamo gde je priklju\u010dna ta\u010dka udaljena ili te\u0161ko dostupna. Standardno ima priklju\u010dak mu\u0161ki-\u017eenski 1\/2\u2033\u00d71\/2\u2033 navoj.<\/p>\n<h3 data-start=\"958\" data-end=\"975\"><strong data-start=\"962\" data-end=\"975\">Prednosti<\/strong><\/h3>\n<ul>\n<li data-start=\"978\" data-end=\"1030\">Omogu\u0107ava povezivanje ure\u0111aja na ve\u0107oj udaljenosti.<\/li>\n<li data-start=\"1033\" data-end=\"1068\">Stabilan i neprekinut protok gasa.<\/li>\n<li data-start=\"1071\" data-end=\"1131\">Bezbedno i pouzdano re\u0161enje za sve tipove plinskih ure\u0111aja.<\/li>\n<li data-start=\"1134\" data-end=\"1180\">Idealno za profesionalne i ku\u0107ne instalacije.<\/li>\n<li data-start=\"743\" data-end=\"813\">Visoka fleksibilnost \u2013 jednostavno postavljanje i prilago\u0111avanje.<\/li>\n<li data-start=\"816\" data-end=\"864\">Otpornost na koroziju i visoke temperature.<\/li>\n<li data-start=\"910\" data-end=\"956\">Dug vek trajanja uz minimalno odr\u017eavanje.<\/li>\n<\/ul>","protected":false},"excerpt":{"rendered":"<p>Inox crevo za gas ATOM 1\/2\u2033 \u00d7 2000mm \u2013 fleksibilno metalno crevo od ner\u0111aju\u0107eg \u010delika, sa \u017eutom za\u0161titnom folijom, za spajanje gasnih priklju\u010daka u kotlarnicama i instalacijama.<\/p>","protected":false},"featured_media":16794,"template":"","meta":[],"product_brand":[4331],"product_cat":[4332],"product_tag":[],"class_list":{"0":"post-22316","1":"product","2":"type-product","3":"status-publish","4":"has-post-thumbnail","6":"product_brand-atom","7":"product_cat-creva-za-gas","9":"first","10":"instock","11":"shipping-taxable","12":"purchasable","13":"product-type-simple"},"_links":{"self":[{"href":"https:\/\/hidroterm.dmcsrbija.com\/ru\/wp-json\/wp\/v2\/product\/22316","targetHints":{"allow":["GET"]}}],"collection":[{"href":"https:\/\/hidroterm.dmcsrbija.com\/ru\/wp-json\/wp\/v2\/product"}],"about":[{"href":"https:\/\/hidroterm.dmcsrbija.com\/ru\/wp-json\/wp\/v2\/types\/product"}],"wp:featuredmedia":[{"embeddable":true,"href":"https:\/\/hidroterm.dmcsrbija.com\/ru\/wp-json\/wp\/v2\/media\/16794"}],"wp:attachment":[{"href":"https:\/\/hidroterm.dmcsrbija.com\/ru\/wp-json\/wp\/v2\/media?parent=22316"}],"wp:term":[{"taxonomy":"product_brand","embeddable":true,"href":"https:\/\/hidroterm.dmcsrbija.com\/ru\/wp-json\/wp\/v2\/product_brand?post=22316"},{"taxonomy":"product_cat","embeddable":true,"href":"https:\/\/hidroterm.dmcsrbija.com\/ru\/wp-json\/wp\/v2\/product_cat?post=22316"},{"taxonomy":"product_tag","embeddable":true,"href":"https:\/\/hidroterm.dmcsrbija.com\/ru\/wp-json\/wp\/v2\/product_tag?post=22316"}],"curies":[{"name":"wp","href":"https:\/\/api.w.org\/{rel}","templated":true}]}}