{"id":22313,"date":"2025-11-21T10:21:33","date_gmt":"2025-11-21T09:21:33","guid":{"rendered":"https:\/\/hidroterm.dmcsrbija.com\/?post_type=product&#038;p=22313"},"modified":"2025-11-21T10:30:34","modified_gmt":"2025-11-21T09:30:34","slug":"crevo-za-gas-inox-1-2-1500mm-atom","status":"publish","type":"product","link":"https:\/\/hidroterm.dmcsrbija.com\/ru\/proizvod\/crevo-za-gas-inox-1-2-1500mm-atom\/","title":{"rendered":"Crevo za gas inox 1\/2 1500mm Atom"},"content":{"rendered":"<p data-start=\"120\" data-end=\"480\">Crevo za gas inox 1\/2 \u2013 1500 mm Atom je pouzdano i fleksibilno priklju\u010dno crevo izra\u0111eno od visokokvalitetnog ner\u0111aju\u0107eg \u010delika i presvu\u010deno specijalnom \u017eutom folijom koja ozna\u010dava da je namenjeno za gasne instalacije, namenjeno bezbednom povezivanju svih vrsta plinskih ure\u0111aja. Zahvaljuju\u0107i du\u017eini od 1500 mm, odli\u010dno je re\u0161enje za instalacije gde je potrebna ve\u0107a udaljenost izme\u0111u priklju\u010dka i ure\u0111aja, obezbe\u0111uju\u0107i lak\u0161u i sigurniju monta\u017eu.\u00a0 Standardno ima priklju\u010dak mu\u0161ki-\u017eenski 1\/2\u2033\u00d71\/2\u2033 navoj. <br data-start=\"1115\" data-end=\"1118\" \/>Preporu\u010duje se upotreba u skladu sa propisima za gasne instalacije.<\/p>\n<h3 data-start=\"843\" data-end=\"860\"><strong data-start=\"847\" data-end=\"860\">Prednosti<\/strong><\/h3>\n<ul>\n<li>Sigurno i stabilno povezivanje plinskih ure\u0111aja.<\/li>\n<li>Velika du\u017eina omogu\u0107ava jednostavniju monta\u017eu.<\/li>\n<li>Univerzalno kompatibilno sa \u0161irokim spektrom plinskih potro\u0161a\u010da.<\/li>\n<li>Pouzdan protok gasa uz minimalno odr\u017eavanje.<\/li>\n<li data-start=\"667\" data-end=\"725\">Otpornost na koroziju, pritisak i visoke temperature.<\/li>\n<\/ul>","protected":false},"excerpt":{"rendered":"<p>Inox crevo za gas ATOM 1\/2\u2033 \u00d7 1500 mm \u2013 fleksibilno metalno crevo od ner\u0111aju\u0107eg \u010delika, sa \u017eutom za\u0161titnom folijom, za spajanje gasnih priklju\u010daka u kotlarnicama i instalacijama.<\/p>","protected":false},"featured_media":16794,"template":"","meta":[],"product_brand":[4331],"product_cat":[4332],"product_tag":[],"class_list":{"0":"post-22313","1":"product","2":"type-product","3":"status-publish","4":"has-post-thumbnail","6":"product_brand-atom","7":"product_cat-creva-za-gas","9":"first","10":"instock","11":"shipping-taxable","12":"purchasable","13":"product-type-simple"},"_links":{"self":[{"href":"https:\/\/hidroterm.dmcsrbija.com\/ru\/wp-json\/wp\/v2\/product\/22313","targetHints":{"allow":["GET"]}}],"collection":[{"href":"https:\/\/hidroterm.dmcsrbija.com\/ru\/wp-json\/wp\/v2\/product"}],"about":[{"href":"https:\/\/hidroterm.dmcsrbija.com\/ru\/wp-json\/wp\/v2\/types\/product"}],"wp:featuredmedia":[{"embeddable":true,"href":"https:\/\/hidroterm.dmcsrbija.com\/ru\/wp-json\/wp\/v2\/media\/16794"}],"wp:attachment":[{"href":"https:\/\/hidroterm.dmcsrbija.com\/ru\/wp-json\/wp\/v2\/media?parent=22313"}],"wp:term":[{"taxonomy":"product_brand","embeddable":true,"href":"https:\/\/hidroterm.dmcsrbija.com\/ru\/wp-json\/wp\/v2\/product_brand?post=22313"},{"taxonomy":"product_cat","embeddable":true,"href":"https:\/\/hidroterm.dmcsrbija.com\/ru\/wp-json\/wp\/v2\/product_cat?post=22313"},{"taxonomy":"product_tag","embeddable":true,"href":"https:\/\/hidroterm.dmcsrbija.com\/ru\/wp-json\/wp\/v2\/product_tag?post=22313"}],"curies":[{"name":"wp","href":"https:\/\/api.w.org\/{rel}","templated":true}]}}