{"id":22309,"date":"2025-11-21T10:06:12","date_gmt":"2025-11-21T09:06:12","guid":{"rendered":"https:\/\/hidroterm.dmcsrbija.com\/?post_type=product&#038;p=22309"},"modified":"2025-11-21T10:20:14","modified_gmt":"2025-11-21T09:20:14","slug":"crevo-za-gas-inox-1-2-1200mm-atom","status":"publish","type":"product","link":"https:\/\/hidroterm.dmcsrbija.com\/ru\/proizvod\/crevo-za-gas-inox-1-2-1200mm-atom\/","title":{"rendered":"Crevo za gas inox 1\/2 1200mm Atom"},"content":{"rendered":"<p>Crevo za gas inox 1\/2 \u2013 1200 mm Atom je fleksibilno, pouzdano i visoko kvalitetno priklju\u010dno crevo namenjeno za bezbedno povezivanje gasnih sistema poput \u0161poreta, kotlova, bojlera. Izra\u0111eno je od ner\u0111aju\u0107eg \u010delika (inox) i presvu\u010deno specijalnom \u017eutom folijom koja ozna\u010dava da je namenjeno za gasne instalacije, \u0161to obezbe\u0111uje dug vek trajanja, otpornost na koroziju i maksimalnu sigurnost u radu. Ovaj tip creva koristi se za fleksibilno povezivanje, omogu\u0107avaju\u0107i elasti\u010dno montiranje bez potrebe za zavarivanjem ili krutim spojnicama. Standardno ima priklju\u010dak mu\u0161ki-\u017eenski 1\/2\u2033\u00d71\/2\u2033 navoj.<\/p>\n<h3 data-start=\"1024\" data-end=\"1042\"><strong data-start=\"1028\" data-end=\"1042\">Prednosti:<\/strong><\/h3>\n<ul>\n<li data-start=\"2403\" data-end=\"2535\">Visoka sigurnost i kvalitet zahvaljuju\u0107i konstrukciji od ner\u0111aju\u0107eg \u010delika (prohroma) \u2013 otpornost na koroziju i mehani\u010dke napore.<\/li>\n<li data-start=\"2538\" data-end=\"2641\">Fleksibilnost pri monta\u017ei \u2013 omogu\u0107ava lak\u0161e spajanje gasnog potro\u0161a\u010da bez potrebe za rigidnim cevima.<\/li>\n<li data-start=\"2644\" data-end=\"2749\">Standardna du\u017eina 1200 mm i navoj 1\/2\u2033 \u010dine ga prikladnim za ve\u0107inu ku\u0107nih i profesionalnih instalacija.<\/li>\n<li data-start=\"2752\" data-end=\"2882\">\u017duta folija pru\u017ea vizuelnu identifikaciju da je proizvod namenjen za gas, \u0161to pove\u0107ava sigurnost prilikom ugradnje i inspekcije.<\/li>\n<\/ul>\n<p>&nbsp;<\/p>","protected":false},"excerpt":{"rendered":"<p data-start=\"303\" data-end=\"455\">Inox crevo za gas ATOM 1\/2\u2033 \u00d7 1200 mm \u2013 fleksibilno crevo od ner\u0111aju\u0107eg \u010delika sa \u017eutom za\u0161titnom folijom, za spajanje gasnih potro\u0161a\u010da u instalacijama.<\/p>","protected":false},"featured_media":16794,"template":"","meta":[],"product_brand":[4331],"product_cat":[4332],"product_tag":[],"class_list":{"0":"post-22309","1":"product","2":"type-product","3":"status-publish","4":"has-post-thumbnail","6":"product_brand-atom","7":"product_cat-creva-za-gas","9":"first","10":"instock","11":"shipping-taxable","12":"purchasable","13":"product-type-simple"},"_links":{"self":[{"href":"https:\/\/hidroterm.dmcsrbija.com\/ru\/wp-json\/wp\/v2\/product\/22309","targetHints":{"allow":["GET"]}}],"collection":[{"href":"https:\/\/hidroterm.dmcsrbija.com\/ru\/wp-json\/wp\/v2\/product"}],"about":[{"href":"https:\/\/hidroterm.dmcsrbija.com\/ru\/wp-json\/wp\/v2\/types\/product"}],"wp:featuredmedia":[{"embeddable":true,"href":"https:\/\/hidroterm.dmcsrbija.com\/ru\/wp-json\/wp\/v2\/media\/16794"}],"wp:attachment":[{"href":"https:\/\/hidroterm.dmcsrbija.com\/ru\/wp-json\/wp\/v2\/media?parent=22309"}],"wp:term":[{"taxonomy":"product_brand","embeddable":true,"href":"https:\/\/hidroterm.dmcsrbija.com\/ru\/wp-json\/wp\/v2\/product_brand?post=22309"},{"taxonomy":"product_cat","embeddable":true,"href":"https:\/\/hidroterm.dmcsrbija.com\/ru\/wp-json\/wp\/v2\/product_cat?post=22309"},{"taxonomy":"product_tag","embeddable":true,"href":"https:\/\/hidroterm.dmcsrbija.com\/ru\/wp-json\/wp\/v2\/product_tag?post=22309"}],"curies":[{"name":"wp","href":"https:\/\/api.w.org\/{rel}","templated":true}]}}