{"id":22305,"date":"2025-11-21T09:41:08","date_gmt":"2025-11-21T08:41:08","guid":{"rendered":"https:\/\/hidroterm.dmcsrbija.com\/?post_type=product&#038;p=22305"},"modified":"2025-11-21T10:04:17","modified_gmt":"2025-11-21T09:04:17","slug":"crevo-za-gas-inox-1-2-1000mm-atom","status":"publish","type":"product","link":"https:\/\/hidroterm.dmcsrbija.com\/ru\/proizvod\/crevo-za-gas-inox-1-2-1000mm-atom\/","title":{"rendered":"Crevo za gas inox 1\/2 1000mm Atom"},"content":{"rendered":"<p>Crevo za gas ATOM du\u017eine 1000 mm, priklju\u010dka 1\/2\u2033, je izra\u0111eno od ner\u0111aju\u0107e \u010deli\u010dne pletenice (\u201eprohroma\u201c) i spolja je oblo\u017eeno \u017eutom folijom koja ozna\u010dava da se radi o instalaciji za gas. <br data-start=\"712\" data-end=\"715\" \/>Koristi se za fleksibilno povezivanje gasnih potro\u0161a\u010da (kotlovi, bojleri) sa fiksnom gasnom instalacijom, elimini\u0161u\u0107i potrebu za rigidnim spajanjem i olak\u0161avaju\u0107i ugradnju.<br data-start=\"887\" data-end=\"890\" \/>Proizvod je u skladu sa standardom za gasne instalacije (npr. SRPS M.E3.535).<\/p>\n<h3 data-start=\"1940\" data-end=\"1955\"><strong>Prednosti<\/strong><\/h3>\n<ul>\n<li data-start=\"1958\" data-end=\"2036\">Izuzetna trajnost i otpornost na koroziju zahvaljuju\u0107i ner\u0111aju\u0107em \u010deliku.<\/li>\n<li data-start=\"2039\" data-end=\"2143\">Fleksibilnost pri monta\u017ei \u2013 olak\u0161ava monta\u017eu gasnih potro\u0161a\u010da u prostoru bez potrebe za rigidnim cevi.<\/li>\n<li data-start=\"2146\" data-end=\"2232\">Du\u017eina od 1000 mm pru\u017ea dodatnu slobodu pozicioniranja i prilago\u0111avanja instalaciji.<\/li>\n<li data-start=\"2235\" data-end=\"2347\">Spolja\u0161nja \u017euta folija jasno ozna\u010dava da je crevo namenjeno za gas \u2013 pove\u0107ava sigurnost i olak\u0161ava inspekciju.<\/li>\n<\/ul>","protected":false},"excerpt":{"rendered":"<p data-start=\"303\" data-end=\"455\">Inox crevo za gas ATOM 1\/2\u2033 \u00d7 1000 mm \u2013 fleksibilno crevo od ner\u0111aju\u0107eg \u010delika sa \u017eutom za\u0161titnom folijom, za spajanje gasnih potro\u0161a\u010da u instalacijama.<\/p>","protected":false},"featured_media":16794,"template":"","meta":[],"product_brand":[4331],"product_cat":[4332],"product_tag":[],"class_list":{"0":"post-22305","1":"product","2":"type-product","3":"status-publish","4":"has-post-thumbnail","6":"product_brand-atom","7":"product_cat-creva-za-gas","9":"first","10":"instock","11":"shipping-taxable","12":"purchasable","13":"product-type-simple"},"_links":{"self":[{"href":"https:\/\/hidroterm.dmcsrbija.com\/ru\/wp-json\/wp\/v2\/product\/22305","targetHints":{"allow":["GET"]}}],"collection":[{"href":"https:\/\/hidroterm.dmcsrbija.com\/ru\/wp-json\/wp\/v2\/product"}],"about":[{"href":"https:\/\/hidroterm.dmcsrbija.com\/ru\/wp-json\/wp\/v2\/types\/product"}],"wp:featuredmedia":[{"embeddable":true,"href":"https:\/\/hidroterm.dmcsrbija.com\/ru\/wp-json\/wp\/v2\/media\/16794"}],"wp:attachment":[{"href":"https:\/\/hidroterm.dmcsrbija.com\/ru\/wp-json\/wp\/v2\/media?parent=22305"}],"wp:term":[{"taxonomy":"product_brand","embeddable":true,"href":"https:\/\/hidroterm.dmcsrbija.com\/ru\/wp-json\/wp\/v2\/product_brand?post=22305"},{"taxonomy":"product_cat","embeddable":true,"href":"https:\/\/hidroterm.dmcsrbija.com\/ru\/wp-json\/wp\/v2\/product_cat?post=22305"},{"taxonomy":"product_tag","embeddable":true,"href":"https:\/\/hidroterm.dmcsrbija.com\/ru\/wp-json\/wp\/v2\/product_tag?post=22305"}],"curies":[{"name":"wp","href":"https:\/\/api.w.org\/{rel}","templated":true}]}}