{"id":22301,"date":"2025-11-21T09:21:02","date_gmt":"2025-11-21T08:21:02","guid":{"rendered":"https:\/\/hidroterm.dmcsrbija.com\/?post_type=product&#038;p=22301"},"modified":"2025-11-21T09:40:04","modified_gmt":"2025-11-21T08:40:04","slug":"crevo-za-gas-inox-1-2-800mm-atom","status":"publish","type":"product","link":"https:\/\/hidroterm.dmcsrbija.com\/ru\/proizvod\/crevo-za-gas-inox-1-2-800mm-atom\/","title":{"rendered":"Crevo za gas inox 1\/2 800mm Atom"},"content":{"rendered":"<p>Crevo za gas ATOM dimenzije 1\/2\u2033 \u00d7 800 mm izra\u0111eno je od kvalitetne ner\u0111aju\u0107e cevi (prohroma) koja je spolja oblo\u017eena \u017eutom folijom \u2013 standardna oznaka za gasne instalacije.<br data-start=\"686\" data-end=\"689\" \/>Ovaj model omogu\u0107ava fleksibilno spajanje gasnih potro\u0161a\u010da (npr. kotlova na gas, bojlera) sa fiksnom gasnom instalacijom, \u010dime se izbegavaju kruti spojevi i omogu\u0107ava lak\u0161a monta\u017ea.\u00a0<br data-start=\"953\" data-end=\"956\" \/>Crevo ima mu\u0161ki\/\u017eenski navoj 1\/2\u2033 \u00d7 1\/2\u2033\u00a0 i ura\u0111eno je u skladu sa standardom za gasne instalacije (npr. referenca SRPS M.E3.535).<\/p>\n<h3 data-start=\"1937\" data-end=\"1952\"><strong>Prednosti<\/strong><\/h3>\n<ul>\n<li data-start=\"1955\" data-end=\"2043\">Visoka otpornost na koroziju i dug vek trajanja zahvaljuju\u0107i konstrukciji od prohroma.<\/li>\n<li data-start=\"2046\" data-end=\"2182\">Fleksibilna monta\u017ea i lak\u0161a instalacija u odnosu na rigidne cevi \u2014 idealno za promenu pozicije ili popravku postoje\u0107ih gasnih spojeva.<\/li>\n<li data-start=\"2185\" data-end=\"2271\">Standardna du\u017eina 800 mm omogu\u0107ava zna\u010dajnu fleksibilnost pri ugradnji i adaptaciji.<\/li>\n<li data-start=\"2274\" data-end=\"2394\">\u017duta folija omogu\u0107ava vizuelnu identifikaciju da se radi o gasnom crevu, \u0161to pove\u0107ava sigurnost i olak\u0161ava inspekcije.<\/li>\n<\/ul>\n<p>&nbsp;<\/p>","protected":false},"excerpt":{"rendered":"<p data-start=\"274\" data-end=\"448\">Inox crevo za gas ATOM 1\/2\u2033 \u00d7 800 mm \u2013 fleksibilno metalno crevo od ner\u0111aju\u0107eg \u010delika (prohroma) sa \u017eutom za\u0161titnom folijom, namenjeno bezbednom povezivanju gasnih potro\u0161a\u010da.<\/p>","protected":false},"featured_media":16794,"template":"","meta":[],"product_brand":[4331],"product_cat":[4332],"product_tag":[],"class_list":{"0":"post-22301","1":"product","2":"type-product","3":"status-publish","4":"has-post-thumbnail","6":"product_brand-atom","7":"product_cat-creva-za-gas","9":"first","10":"instock","11":"shipping-taxable","12":"purchasable","13":"product-type-simple"},"_links":{"self":[{"href":"https:\/\/hidroterm.dmcsrbija.com\/ru\/wp-json\/wp\/v2\/product\/22301","targetHints":{"allow":["GET"]}}],"collection":[{"href":"https:\/\/hidroterm.dmcsrbija.com\/ru\/wp-json\/wp\/v2\/product"}],"about":[{"href":"https:\/\/hidroterm.dmcsrbija.com\/ru\/wp-json\/wp\/v2\/types\/product"}],"wp:featuredmedia":[{"embeddable":true,"href":"https:\/\/hidroterm.dmcsrbija.com\/ru\/wp-json\/wp\/v2\/media\/16794"}],"wp:attachment":[{"href":"https:\/\/hidroterm.dmcsrbija.com\/ru\/wp-json\/wp\/v2\/media?parent=22301"}],"wp:term":[{"taxonomy":"product_brand","embeddable":true,"href":"https:\/\/hidroterm.dmcsrbija.com\/ru\/wp-json\/wp\/v2\/product_brand?post=22301"},{"taxonomy":"product_cat","embeddable":true,"href":"https:\/\/hidroterm.dmcsrbija.com\/ru\/wp-json\/wp\/v2\/product_cat?post=22301"},{"taxonomy":"product_tag","embeddable":true,"href":"https:\/\/hidroterm.dmcsrbija.com\/ru\/wp-json\/wp\/v2\/product_tag?post=22301"}],"curies":[{"name":"wp","href":"https:\/\/api.w.org\/{rel}","templated":true}]}}