{"id":22130,"date":"2025-10-14T13:26:02","date_gmt":"2025-10-14T11:26:02","guid":{"rendered":"https:\/\/hidroterm.dmcsrbija.com\/?post_type=product&#038;p=22130"},"modified":"2026-01-13T09:33:01","modified_gmt":"2026-01-13T08:33:01","slug":"kotao-logan-8cl-56-70kw","status":"publish","type":"product","link":"https:\/\/hidroterm.dmcsrbija.com\/ru\/proizvod\/kotao-logan-8cl-56-70kw\/","title":{"rendered":"Kotao Logan 8\u010cl. 56-70kW"},"content":{"rendered":"<h2>Kotao Logan 8 \u010dl. 56\u201370 kW \u2013 sna\u017eno grejanje za ve\u0107e objekte i hale<\/h2>\n<h3><\/h3>\n<p>Kotao Logan 8 \u010dl. 56\u201370 kW je liveni kotao namenjen sagorevanju \u010dvrstog goriva kao \u0161to su drvo i ugalj.<br \/>\nPredvi\u0111en je za toplovodne sisteme centralnog grejanja i nije namenjen za pripremu sanitarne tople vode.<br \/>\nSa osam \u010dlanaka i snagom od 56 do 70 kW, idealan je za grejanje velikih ku\u0107a, poslovnih prostora ili hala do oko 400 m\u00b2, obezbe\u0111uju\u0107i stabilan i efikasan rad tokom cele grejne sezone.<\/p>\n<h3 data-start=\"2204\" data-end=\"2244\"><strong data-start=\"2210\" data-end=\"2244\">Za\u0161to kupiti Kotao Logan 8 \u010dl.<\/strong><\/h3>\n<ul data-start=\"2246\" data-end=\"2875\">\n<li data-start=\"2246\" data-end=\"2393\">\n<p data-start=\"2248\" data-end=\"2393\"><strong data-start=\"2248\" data-end=\"2277\">Visoka snaga i pouzdanost<\/strong> \u2013 snaga 56\u201370 kW omogu\u0107ava grejanje velikih objekata do 400 m\u00b2 sa stabilnim radom i optimalnom potro\u0161njom goriva.<\/p>\n<\/li>\n<li data-start=\"2394\" data-end=\"2504\">\n<p data-start=\"2396\" data-end=\"2504\"><strong data-start=\"2396\" data-end=\"2422\">Robustan liveni dizajn<\/strong> \u2013 otpornost na temperaturne promene i dug vek trajanja uz minimalno odr\u017eavanje.<\/p>\n<\/li>\n<li data-start=\"2505\" data-end=\"2643\">\n<p data-start=\"2507\" data-end=\"2643\"><strong data-start=\"2507\" data-end=\"2533\">Kompletan paket opreme<\/strong> \u2013 oplata, termoizolacija, regulator primarnog vazduha, \u010detka za \u010di\u0161\u0107enje, struga\u010d pepela i \u017eara\u010d za gorivo.<\/p>\n<\/li>\n<li data-start=\"2644\" data-end=\"2754\">\n<p data-start=\"2646\" data-end=\"2754\"><strong data-start=\"2646\" data-end=\"2677\">Fleksibilnost u instalaciji<\/strong> \u2013 mo\u017ee se priklju\u010diti na otvorene i zatvorene sisteme centralnog grejanja.<\/p>\n<\/li>\n<li data-start=\"2755\" data-end=\"2875\">\n<p data-start=\"2757\" data-end=\"2875\"><strong data-start=\"2757\" data-end=\"2789\">\u0160irok raspon grejne povr\u0161ine<\/strong> \u2013 pogodan za ku\u0107e, poslovne objekte i hale, pru\u017eaju\u0107i ravnomerno i efikasno grejanje.<\/p>\n<\/li>\n<\/ul>\n<h3 data-start=\"2882\" data-end=\"2901\"><a href=\"https:\/\/hidroterm.dmcsrbija.com\/wp-content\/uploads\/2025\/10\/logan-kw_e0d0d.png\"><img fetchpriority=\"high\" decoding=\"async\" class=\"alignnone size-full wp-image-22129\" src=\"https:\/\/hidroterm.dmcsrbija.com\/wp-content\/uploads\/2025\/10\/logan-kw_e0d0d.png\" alt=\"Uporedna tabela snaga kotlove Logan po vrstama goriva.\" width=\"484\" height=\"290\" srcset=\"https:\/\/hidroterm.dmcsrbija.com\/wp-content\/uploads\/2025\/10\/logan-kw_e0d0d.png 484w, https:\/\/hidroterm.dmcsrbija.com\/wp-content\/uploads\/2025\/10\/logan-kw_e0d0d-300x180.png 300w\" sizes=\"(max-width: 484px) 100vw, 484px\" \/><\/a><\/h3>\n<p data-start=\"2903\" data-end=\"3269\">Kotao Logan 8 \u010dl. 56\u201370 kW je idealan za korisnike koji \u017eele sna\u017ean, dugotrajan i ekonomi\u010dan kotao na \u010dvrsto gorivo. Sa livenim telom, kompletnim priborom i mogu\u0107no\u0161\u0107u priklju\u010denja na razli\u010dite sisteme, pru\u017ea pouzdano grejanje i maksimalnu efikasnost. U na\u0161em webshopu dostupni su i svi dodaci i oprema za dodatno pobolj\u0161anje performansi i dugotrajnu upotrebu kotla.<\/p>\n<p data-start=\"3023\" data-end=\"3318\"><em><strong>*Uz kupljen kotao dolazi \u010detka za \u010di\u0161\u0107enje i regulator promaje.*<\/strong><\/em><\/p>\n<p class=\"p1\"><strong><em>Ispunjeni evropski standardi kvaliteta EN303-5\/3\u00a0 \/\u00a0\u00a0<\/em><em>Garancija 2 godine.\u00a0 \/\u00a0<\/em><em>Odabir snage kotla je na investitoru i projektantu grejne mre\u017ee \/ Zemlja porekla Turska<\/em><\/strong><\/p>","protected":false},"excerpt":{"rendered":"<p>Kotao Logan 8 \u010dl. 56\u201370\u202fkW je liveni kotao na \u010dvrsto gorivo, sa kompletnim priborom, namenjen pouzdanom grejanju velikih ku\u0107a, poslovnih objekata i hala do 400 m\u00b2.<\/p>","protected":false},"featured_media":22030,"template":"","meta":[],"product_brand":[4187],"product_cat":[4190],"product_tag":[],"class_list":{"0":"post-22130","1":"product","2":"type-product","3":"status-publish","4":"has-post-thumbnail","6":"product_brand-logan","7":"product_cat-liveni-kotlovi","9":"first","10":"instock","11":"shipping-taxable","12":"purchasable","13":"product-type-simple"},"_links":{"self":[{"href":"https:\/\/hidroterm.dmcsrbija.com\/ru\/wp-json\/wp\/v2\/product\/22130","targetHints":{"allow":["GET"]}}],"collection":[{"href":"https:\/\/hidroterm.dmcsrbija.com\/ru\/wp-json\/wp\/v2\/product"}],"about":[{"href":"https:\/\/hidroterm.dmcsrbija.com\/ru\/wp-json\/wp\/v2\/types\/product"}],"wp:featuredmedia":[{"embeddable":true,"href":"https:\/\/hidroterm.dmcsrbija.com\/ru\/wp-json\/wp\/v2\/media\/22030"}],"wp:attachment":[{"href":"https:\/\/hidroterm.dmcsrbija.com\/ru\/wp-json\/wp\/v2\/media?parent=22130"}],"wp:term":[{"taxonomy":"product_brand","embeddable":true,"href":"https:\/\/hidroterm.dmcsrbija.com\/ru\/wp-json\/wp\/v2\/product_brand?post=22130"},{"taxonomy":"product_cat","embeddable":true,"href":"https:\/\/hidroterm.dmcsrbija.com\/ru\/wp-json\/wp\/v2\/product_cat?post=22130"},{"taxonomy":"product_tag","embeddable":true,"href":"https:\/\/hidroterm.dmcsrbija.com\/ru\/wp-json\/wp\/v2\/product_tag?post=22130"}],"curies":[{"name":"wp","href":"https:\/\/api.w.org\/{rel}","templated":true}]}}