{"id":22060,"date":"2025-10-13T15:14:07","date_gmt":"2025-10-13T13:14:07","guid":{"rendered":"https:\/\/hidroterm.dmcsrbija.com\/?post_type=product&#038;p=22060"},"modified":"2025-10-13T15:25:10","modified_gmt":"2025-10-13T13:25:10","slug":"cevni-registar-elegant-600x1400","status":"publish","type":"product","link":"https:\/\/hidroterm.dmcsrbija.com\/ru\/proizvod\/cevni-registar-elegant-600x1400\/","title":{"rendered":"Cevni registar Elegant 600\u00d71400"},"content":{"rendered":"<p>Cevasti su\u0161a\u010di pe\u0161kira Elegant namenjeni su instalaciji u kupatilima i su\u0161enju pe\u0161kira. Omogu\u0107ena korekcija pode\u0161avanja u monta\u017ei po visini 20 mm i po dubini 20 mm. Proizvod je sastavljen od pet ABS delova i dva kompleta (vijak+matica).<\/p>\n<h2>Cevni registar Elegant 600\u00d71400<\/h2>\n<p data-start=\"421\" data-end=\"776\"><strong data-start=\"421\" data-end=\"440\">Elegant 600\u00d71400<\/strong>\u00a0je \u010deli\u010dni cevni registar sa dodatnom \u0161irinom za korisnike kojima je potrebno vi\u0161e prostora za su\u0161enje, bez kompromisa u kvalitetu i izgledu. Sa\u00a0<strong data-start=\"586\" data-end=\"615\">toplotnom snagom od 629 W<\/strong>, ovaj model je idealan za manja do srednje velika kupatila, ve\u0161eraje i tehni\u010dke prostorije, gde je potrebna funkcionalnost i pouzdanost, bez hromirane povr\u0161ine.<\/p>\n<h3 data-start=\"1704\" data-end=\"1718\">Karakteristike i prednosti<\/h3>\n<ul data-start=\"1720\" data-end=\"2208\">\n<li data-start=\"1720\" data-end=\"1803\">\n<p data-start=\"1722\" data-end=\"1803\">Ekstra \u0161irina (600 mm) \u2013 omogu\u0107ava su\u0161enje ve\u0107eg broja pe\u0161kira i garderobe.<\/p>\n<\/li>\n<li data-start=\"1804\" data-end=\"1887\">\n<p data-start=\"1806\" data-end=\"1887\">Visina 1400 mm<\/p>\n<\/li>\n<li data-start=\"1888\" data-end=\"1959\">\n<p data-start=\"1890\" data-end=\"1959\">Toplotna mo\u0107 od 629 W \u2013 balans izme\u0111u u\u0161tede i funkcionalnosti.<\/p>\n<\/li>\n<li data-start=\"1960\" data-end=\"2051\">\n<p data-start=\"1962\" data-end=\"2051\">Nehromirana povr\u0161ina \u2013 fini\u0161 koji se lako \u010disti i manje je osetljiv na tragove.<\/p>\n<\/li>\n<li data-start=\"2052\" data-end=\"2127\">\n<p data-start=\"2054\" data-end=\"2127\">\u010cvrsta i dugotrajna izrada \u2013 \u010deli\u010dna konstrukcija otporna na vlagu.<\/p>\n<\/li>\n<li data-start=\"2128\" data-end=\"2208\">\n<p data-start=\"2130\" data-end=\"2208\">Standardna monta\u017ea \u2013 lako povezivanje sa instalacijom centralnog grejanja.<\/p>\n<\/li>\n<\/ul>\n<h3><\/h3>\n<p>Odabirom Cevnog registra Elegant, dobijate proizvod koji kombinira funkcionalnost i stil. Savr\u0161eno se uklapa u svaki enterijer, a njegova izdr\u017eljivost garantuje dugotrajan rad.<\/p>","protected":false},"excerpt":{"rendered":"<div class=\"elementor-element elementor-element-9b38483 e-con-full e-flex e-con e-child\" data-id=\"9b38483\" data-element_type=\"container\" data-settings=\"{&quot;background_background&quot;:&quot;classic&quot;}\">\n<div class=\"elementor-element elementor-element-2e4a810 elementor-widget elementor-widget-woocommerce-product-short-description\" data-id=\"2e4a810\" data-element_type=\"widget\" data-widget_type=\"woocommerce-product-short-description.default\">\n<div class=\"woocommerce-product-details__short-description\">\n<p>Cevni registar Elegant 600\u00d71400 nudi efikasnu distribuciju toplote i moderni dizajn. Idealno re\u0161enje za svako centralno grejanje.<\/p>\n<\/div>\n<\/div>\n<\/div>","protected":false},"featured_media":16928,"template":"","meta":[],"product_brand":[4341],"product_cat":[4247,4237],"product_tag":[],"class_list":{"0":"post-22060","1":"product","2":"type-product","3":"status-publish","4":"has-post-thumbnail","6":"product_brand-elegant","7":"product_cat-cevasti-radijatori","8":"product_cat-radijatori","10":"first","11":"instock","12":"shipping-taxable","13":"purchasable","14":"product-type-simple"},"_links":{"self":[{"href":"https:\/\/hidroterm.dmcsrbija.com\/ru\/wp-json\/wp\/v2\/product\/22060","targetHints":{"allow":["GET"]}}],"collection":[{"href":"https:\/\/hidroterm.dmcsrbija.com\/ru\/wp-json\/wp\/v2\/product"}],"about":[{"href":"https:\/\/hidroterm.dmcsrbija.com\/ru\/wp-json\/wp\/v2\/types\/product"}],"wp:featuredmedia":[{"embeddable":true,"href":"https:\/\/hidroterm.dmcsrbija.com\/ru\/wp-json\/wp\/v2\/media\/16928"}],"wp:attachment":[{"href":"https:\/\/hidroterm.dmcsrbija.com\/ru\/wp-json\/wp\/v2\/media?parent=22060"}],"wp:term":[{"taxonomy":"product_brand","embeddable":true,"href":"https:\/\/hidroterm.dmcsrbija.com\/ru\/wp-json\/wp\/v2\/product_brand?post=22060"},{"taxonomy":"product_cat","embeddable":true,"href":"https:\/\/hidroterm.dmcsrbija.com\/ru\/wp-json\/wp\/v2\/product_cat?post=22060"},{"taxonomy":"product_tag","embeddable":true,"href":"https:\/\/hidroterm.dmcsrbija.com\/ru\/wp-json\/wp\/v2\/product_tag?post=22060"}],"curies":[{"name":"wp","href":"https:\/\/api.w.org\/{rel}","templated":true}]}}