{"id":21928,"date":"2025-10-11T13:28:25","date_gmt":"2025-10-11T11:28:25","guid":{"rendered":"https:\/\/hidroterm.dmcsrbija.com\/?post_type=product&#038;p=21928"},"modified":"2025-10-11T13:28:25","modified_gmt":"2025-10-11T11:28:25","slug":"suvi-kamin-na-pelet-mareli-ps-10-kw","status":"publish","type":"product","link":"https:\/\/hidroterm.dmcsrbija.com\/ru\/proizvod\/suvi-kamin-na-pelet-mareli-ps-10-kw\/","title":{"rendered":"Suvi kamin na pelet Mareli PS 10 kW"},"content":{"rendered":"<h2 data-start=\"104\" data-end=\"145\">Suvi kamin na pelet Mareli PS 10 kW<\/h2>\n<p data-start=\"147\" data-end=\"445\">Sobni kamin na pelet <strong data-start=\"168\" data-end=\"187\">Mareli PS 10 kW<\/strong> predstavlja efikasno i prakti\u010dno re\u0161enje za brzo i ravnomerno grejanje prostorija toplim vazduhom. Ovaj kamin je idealan za srednje prostorije, sa visokim stepenom iskori\u0161\u0107enja od <strong data-start=\"368\" data-end=\"375\">92%<\/strong>, \u0161to garantuje maksimalnu efikasnost i ekonomi\u010dnu potro\u0161nju peleta.<\/p>\n<p data-start=\"447\" data-end=\"775\">Kamin je opremljen <strong data-start=\"466\" data-end=\"502\">meni kontrolom na srpskom jeziku<\/strong>, <strong data-start=\"504\" data-end=\"516\">tajmerom<\/strong> i mogu\u0107no\u0161\u0107u pode\u0161avanja <strong data-start=\"542\" data-end=\"570\">5 razli\u010ditih nivoa snage<\/strong>, \u0161to omogu\u0107ava precizno pode\u0161avanje toplote prema potrebama korisnika. Ugra\u0111eni <strong data-start=\"651\" data-end=\"680\">ventilator toplog vazduha<\/strong> omogu\u0107ava brzo dostizanje zadate temperature, \u010dime se prostor zagreva efikasno i ravnomerno.<\/p>\n<p data-start=\"777\" data-end=\"941\">Ovaj kamin je dostupan u <strong data-start=\"802\" data-end=\"825\">crvenoj i krem boji<\/strong>, sa snagom <strong data-start=\"837\" data-end=\"846\">10 kW<\/strong>, i dimnjakom pre\u010dnika <strong data-start=\"869\" data-end=\"881\">fi 80 mm<\/strong>, \u0161to olak\u0161ava instalaciju u razli\u010ditim tipovima prostora.<\/p>\n<p data-start=\"943\" data-end=\"989\"><strong data-start=\"943\" data-end=\"987\">Prednosti Sobnog kamina Mareli PS 10 kW:<\/strong><\/p>\n<ul data-start=\"990\" data-end=\"1279\">\n<li data-start=\"990\" data-end=\"1034\">\n<p data-start=\"992\" data-end=\"1034\">Efikasno i brzo grejanje toplim vazduhom<\/p>\n<\/li>\n<li data-start=\"1035\" data-end=\"1062\">\n<p data-start=\"1037\" data-end=\"1062\">Stepen iskori\u0161\u0107enja 92%<\/p>\n<\/li>\n<li data-start=\"1063\" data-end=\"1125\">\n<p data-start=\"1065\" data-end=\"1125\">Meni na srpskom jeziku i tajmer za jednostavno upravljanje<\/p>\n<\/li>\n<li data-start=\"1126\" data-end=\"1179\">\n<p data-start=\"1128\" data-end=\"1179\">5 nivoa snage za precizno pode\u0161avanje temperature<\/p>\n<\/li>\n<li data-start=\"1180\" data-end=\"1244\">\n<p data-start=\"1182\" data-end=\"1244\">Ventilator toplog vazduha za brzo dostizanje \u017eeljene toplote<\/p>\n<\/li>\n<li data-start=\"1245\" data-end=\"1279\">\n<p data-start=\"1247\" data-end=\"1279\">Dostupno u crvenoj i krem boji<\/p>\n<\/li>\n<\/ul>\n<p style=\"color: black;\"><strong>*Napomena: Pu\u0161tanje u rad nije ura\u010dunato u cenu<\/strong><\/p>\n<p>&nbsp;<\/p>","protected":false},"excerpt":{"rendered":"<p>Sobni kamin <strong data-start=\"131\" data-end=\"150\">Mareli PS 10 kW<\/strong> efikasno greje srednje prostorije toplim vazduhom, sa tajmerom, 5 nivoa snage, ventilatorom i menijem na srpskom jeziku.<\/p>","protected":false},"featured_media":21925,"template":"","meta":[],"product_brand":[4192],"product_cat":[4208],"product_tag":[],"class_list":{"0":"post-21928","1":"product","2":"type-product","3":"status-publish","4":"has-post-thumbnail","6":"product_brand-mareli","7":"product_cat-kotlovi-i-kamini-na-pelet-kotlovi-i-kamini-na-pelet","9":"first","10":"instock","11":"shipping-taxable","12":"purchasable","13":"product-type-simple"},"_links":{"self":[{"href":"https:\/\/hidroterm.dmcsrbija.com\/ru\/wp-json\/wp\/v2\/product\/21928","targetHints":{"allow":["GET"]}}],"collection":[{"href":"https:\/\/hidroterm.dmcsrbija.com\/ru\/wp-json\/wp\/v2\/product"}],"about":[{"href":"https:\/\/hidroterm.dmcsrbija.com\/ru\/wp-json\/wp\/v2\/types\/product"}],"wp:featuredmedia":[{"embeddable":true,"href":"https:\/\/hidroterm.dmcsrbija.com\/ru\/wp-json\/wp\/v2\/media\/21925"}],"wp:attachment":[{"href":"https:\/\/hidroterm.dmcsrbija.com\/ru\/wp-json\/wp\/v2\/media?parent=21928"}],"wp:term":[{"taxonomy":"product_brand","embeddable":true,"href":"https:\/\/hidroterm.dmcsrbija.com\/ru\/wp-json\/wp\/v2\/product_brand?post=21928"},{"taxonomy":"product_cat","embeddable":true,"href":"https:\/\/hidroterm.dmcsrbija.com\/ru\/wp-json\/wp\/v2\/product_cat?post=21928"},{"taxonomy":"product_tag","embeddable":true,"href":"https:\/\/hidroterm.dmcsrbija.com\/ru\/wp-json\/wp\/v2\/product_tag?post=21928"}],"curies":[{"name":"wp","href":"https:\/\/api.w.org\/{rel}","templated":true}]}}