{"id":21880,"date":"2025-10-11T10:10:03","date_gmt":"2025-10-11T08:10:03","guid":{"rendered":"https:\/\/hidroterm.dmcsrbija.com\/?post_type=product&#038;p=21880"},"modified":"2025-10-11T11:18:08","modified_gmt":"2025-10-11T09:18:08","slug":"cevni-registar-elegant-400x1000","status":"publish","type":"product","link":"https:\/\/hidroterm.dmcsrbija.com\/ru\/proizvod\/cevni-registar-elegant-400x1000\/","title":{"rendered":"Cevni registar Elegant 500\u00d71000"},"content":{"rendered":"<p>Cevasti su\u0161a\u010di pe\u0161kira Elegant namenjeni su instalaciji u kupatilima i su\u0161enju pe\u0161kira. Omogu\u0107ena korekcija pode\u0161avanja u monta\u017ei po visini 20 mm i po dubini 20 mm. Proizvod je sastavljen od pet ABS delova i dva kompleta (vijak+matica).<\/p>\n<h2 data-start=\"384\" data-end=\"714\"><strong>Cevni registar Elegant 500\u00d71000<\/strong><\/h2>\n<p data-start=\"384\" data-end=\"714\"><strong data-start=\"384\" data-end=\"403\">Elegant 500\u00d71000<\/strong>\u00a0je radijator-su\u0161a\u010d izra\u0111en od \u010delika, bez hromirane obrade, namenjen za savremena kupatila u kojima su potrebni ve\u0107a \u0161irina i pouzdana grejna snaga. Sa snagom od\u00a0<strong data-start=\"566\" data-end=\"575\">403 W<\/strong>, ovaj model je savr\u0161en za funkcionalno grejanje i svakodnevno su\u0161enje pe\u0161kira i garderobe, a pritom se lako uklapa u razli\u010dite enterijere.<\/p>\n<h3 data-start=\"1640\" data-end=\"1654\">Karakteristike i prednosti<\/h3>\n<ul data-start=\"1656\" data-end=\"2122\">\n<li data-start=\"1656\" data-end=\"1740\">\n<p data-start=\"1658\" data-end=\"1740\">\u0160ira konstrukcija (500 mm) \u2013 vi\u0161e prostora za pe\u0161kire i efikasnije grejanje.<\/p>\n<\/li>\n<li data-start=\"1741\" data-end=\"1810\">\n<p data-start=\"1743\" data-end=\"1810\">Srednja snaga (403 W) \u2013 pogodna za manja do srednja kupatila.<\/p>\n<\/li>\n<li data-start=\"1811\" data-end=\"1895\">\n<p data-start=\"1813\" data-end=\"1895\">Jednostavno odr\u017eavanje \u2013 bez hromirane obrade, lak za \u010di\u0161\u0107enje i dugotrajan.<\/p>\n<\/li>\n<li data-start=\"1896\" data-end=\"1974\">\n<p data-start=\"1898\" data-end=\"1974\">Estetski neutralan dizajn \u2013 uklapa se u savremene i klasi\u010dne prostore.<\/p>\n<\/li>\n<li data-start=\"1975\" data-end=\"2043\">\n<p data-start=\"1977\" data-end=\"2043\">Brza i jednostavna monta\u017ea \u2013 standardni priklju\u010dci (4 \u00d7 \u00bd\u201c).<\/p>\n<\/li>\n<li data-start=\"2044\" data-end=\"2122\">\n<p data-start=\"2046\" data-end=\"2122\">Kvalitetna \u010deli\u010dna konstrukcija \u2013 dug vek trajanja i otpornost na vlagu.<\/p>\n<\/li>\n<\/ul>\n<p>&nbsp;<\/p>\n<p>Cevni registar Elegant 500\u00d71000 je idealan izbor za sve koji \u017eele da pobolj\u0161aju efikasnost svog grejnog sistema uz moderan izgled. Ulo\u017eite u kvalitet i u\u017eivajte u udobnosti koju pru\u017ea.<\/p>","protected":false},"excerpt":{"rendered":"<p>Cevni registar Elegant 500\u00d71000 pru\u017ea optimalnu toplotnu efikasnost uz moderan dizajn. Idealno re\u0161enje za svaki prostor.<\/p>","protected":false},"featured_media":16928,"template":"","meta":[],"product_brand":[4341],"product_cat":[4247,4237],"product_tag":[],"class_list":{"0":"post-21880","1":"product","2":"type-product","3":"status-publish","4":"has-post-thumbnail","6":"product_brand-elegant","7":"product_cat-cevasti-radijatori","8":"product_cat-radijatori","9":"pa_dimenzije-400x1000-mm","11":"first","12":"instock","13":"shipping-taxable","14":"purchasable","15":"product-type-simple"},"_links":{"self":[{"href":"https:\/\/hidroterm.dmcsrbija.com\/ru\/wp-json\/wp\/v2\/product\/21880","targetHints":{"allow":["GET"]}}],"collection":[{"href":"https:\/\/hidroterm.dmcsrbija.com\/ru\/wp-json\/wp\/v2\/product"}],"about":[{"href":"https:\/\/hidroterm.dmcsrbija.com\/ru\/wp-json\/wp\/v2\/types\/product"}],"wp:featuredmedia":[{"embeddable":true,"href":"https:\/\/hidroterm.dmcsrbija.com\/ru\/wp-json\/wp\/v2\/media\/16928"}],"wp:attachment":[{"href":"https:\/\/hidroterm.dmcsrbija.com\/ru\/wp-json\/wp\/v2\/media?parent=21880"}],"wp:term":[{"taxonomy":"product_brand","embeddable":true,"href":"https:\/\/hidroterm.dmcsrbija.com\/ru\/wp-json\/wp\/v2\/product_brand?post=21880"},{"taxonomy":"product_cat","embeddable":true,"href":"https:\/\/hidroterm.dmcsrbija.com\/ru\/wp-json\/wp\/v2\/product_cat?post=21880"},{"taxonomy":"product_tag","embeddable":true,"href":"https:\/\/hidroterm.dmcsrbija.com\/ru\/wp-json\/wp\/v2\/product_tag?post=21880"}],"curies":[{"name":"wp","href":"https:\/\/api.w.org\/{rel}","templated":true}]}}