{"id":21766,"date":"2025-10-10T15:08:40","date_gmt":"2025-10-10T13:08:40","guid":{"rendered":"https:\/\/hidroterm.dmcsrbija.com\/?post_type=product&#038;p=21766"},"modified":"2025-10-10T15:08:40","modified_gmt":"2025-10-10T13:08:40","slug":"cep-ms-sn","status":"publish","type":"product","link":"https:\/\/hidroterm.dmcsrbija.com\/ru\/proizvod\/cep-ms-sn\/","title":{"rendered":"\u010cep MS SN"},"content":{"rendered":"<p data-start=\"170\" data-end=\"481\">\u010cep <strong data-start=\"174\" data-end=\"183\">MS SN<\/strong> je pouzdan <strong data-start=\"195\" data-end=\"215\">mesingani fiting<\/strong> namenjen za <strong data-start=\"228\" data-end=\"277\">zatvaranje krajeva cevi, priklju\u010daka i otvora<\/strong> u sistemima grejanja, hla\u0111enja i vodovoda. Izra\u0111en od <strong data-start=\"332\" data-end=\"372\">mesinga visoke \u010dvrsto\u0107e i otpornosti<\/strong>, obezbe\u0111uje <strong data-start=\"385\" data-end=\"430\">sigurno zaptivanje i potpunu nepropusnost<\/strong>, spre\u010davaju\u0107i curenje fluida i gubitak pritiska.<\/p>\n<p data-start=\"483\" data-end=\"804\">Zahvaljuju\u0107i <strong data-start=\"496\" data-end=\"542\">precizno izra\u0111enom unutra\u0161njem navoju (SN)<\/strong>, ovaj \u010dep omogu\u0107ava jednostavnu i \u010dvrstu monta\u017eu na cevi ili fitinge sa spolja\u0161njim navojem. \u010cep MS SN je otporan na koroziju, visoke temperature i pritisak, \u0161to ga \u010dini idealnim re\u0161enjem za dugotrajnu i bezbednu upotrebu u razli\u010ditim instalacionim sistemima.<\/p>\n<p data-start=\"806\" data-end=\"980\">Pogodan je za <strong data-start=\"820\" data-end=\"864\">vodovodne, grejne i tehni\u010dke instalacije<\/strong>, kao i za upotrebu u doma\u0107instvima i industrijskim sistemima gde je potrebno pouzdano hermeti\u010dko zatvaranje cevi.<\/p>","protected":false},"excerpt":{"rendered":"<p>\u010cep MS SN je mesingani fiting sa unutra\u0161njim navojem, namenjen za sigurno zatvaranje krajeva cevi i otvora u sistemima grejanja, hla\u0111enja i vodovoda.<\/p>","protected":false},"featured_media":16457,"template":"","meta":[],"product_brand":[],"product_cat":[4296,4311],"product_tag":[],"class_list":{"0":"post-21766","1":"product","2":"type-product","3":"status-publish","4":"has-post-thumbnail","6":"product_cat-fiting","7":"product_cat-mesingani-fiting","9":"first","10":"instock","11":"shipping-taxable","12":"purchasable","13":"product-type-variable"},"_links":{"self":[{"href":"https:\/\/hidroterm.dmcsrbija.com\/ru\/wp-json\/wp\/v2\/product\/21766","targetHints":{"allow":["GET"]}}],"collection":[{"href":"https:\/\/hidroterm.dmcsrbija.com\/ru\/wp-json\/wp\/v2\/product"}],"about":[{"href":"https:\/\/hidroterm.dmcsrbija.com\/ru\/wp-json\/wp\/v2\/types\/product"}],"wp:featuredmedia":[{"embeddable":true,"href":"https:\/\/hidroterm.dmcsrbija.com\/ru\/wp-json\/wp\/v2\/media\/16457"}],"wp:attachment":[{"href":"https:\/\/hidroterm.dmcsrbija.com\/ru\/wp-json\/wp\/v2\/media?parent=21766"}],"wp:term":[{"taxonomy":"product_brand","embeddable":true,"href":"https:\/\/hidroterm.dmcsrbija.com\/ru\/wp-json\/wp\/v2\/product_brand?post=21766"},{"taxonomy":"product_cat","embeddable":true,"href":"https:\/\/hidroterm.dmcsrbija.com\/ru\/wp-json\/wp\/v2\/product_cat?post=21766"},{"taxonomy":"product_tag","embeddable":true,"href":"https:\/\/hidroterm.dmcsrbija.com\/ru\/wp-json\/wp\/v2\/product_tag?post=21766"}],"curies":[{"name":"wp","href":"https:\/\/api.w.org\/{rel}","templated":true}]}}