{"id":21730,"date":"2025-10-10T14:50:12","date_gmt":"2025-10-10T12:50:12","guid":{"rendered":"https:\/\/hidroterm.dmcsrbija.com\/?post_type=product&#038;p=21730"},"modified":"2025-10-10T14:50:13","modified_gmt":"2025-10-10T12:50:13","slug":"ekspanziona-posuda-elbi-pljosnata-erp-ret12l","status":"publish","type":"product","link":"https:\/\/hidroterm.dmcsrbija.com\/ru\/proizvod\/ekspanziona-posuda-elbi-pljosnata-erp-ret12l\/","title":{"rendered":"Ekspanziona posuda ELBI pljosnata ERP-RET\t12l"},"content":{"rendered":"<h2 data-start=\"66\" data-end=\"356\">Ekspanziona posuda ELBI pljosnata ERP-RET 12l<\/h2>\n<p data-start=\"66\" data-end=\"356\">Ekspanziona posuda <strong data-start=\"85\" data-end=\"105\">ELBI ERP-RET 12L<\/strong> pljosnatog dizajna namenjena je za sisteme centralnog grejanja i hla\u0111enja u doma\u0107instvima i manjim objektima. Zahvaljuju\u0107i <strong data-start=\"229\" data-end=\"256\">kompaktnoj konstrukciji<\/strong>, lako se ugra\u0111uje i \u0161tedi prostor, \u0161to je \u010dini idealnim izborom za zidne i kondenzacione kotlove.<\/p>\n<p data-start=\"358\" data-end=\"704\">Ova <strong data-start=\"362\" data-end=\"396\">italijanska ekspanziona posuda<\/strong> izra\u0111ena je od <strong data-start=\"412\" data-end=\"440\">visokokvalitetnog \u010delika<\/strong> sa <strong data-start=\"444\" data-end=\"470\">trajnom EPDM membranom<\/strong> koja spre\u010dava kontakt vode i metala, \u010dime se produ\u017eava vek trajanja i obezbe\u0111uje bezbedan rad sistema. <strong data-start=\"574\" data-end=\"594\">ELBI ERP-RET 12L<\/strong> osigurava stabilnost pritiska, smanjuje rizik od o\u0161te\u0107enja instalacije i doprinosi energetskoj efikasnosti.<\/p>\n<ul data-start=\"706\" data-end=\"826\">\n<li data-start=\"706\" data-end=\"737\">\n<p data-start=\"708\" data-end=\"737\"><strong data-start=\"708\" data-end=\"718\">Model:<\/strong> ELBI ERP-RET 12L<\/p>\n<\/li>\n<li data-start=\"738\" data-end=\"766\">\n<p data-start=\"740\" data-end=\"766\"><strong data-start=\"740\" data-end=\"754\">Zapremina:<\/strong> 12 litara<\/p>\n<\/li>\n<li data-start=\"767\" data-end=\"798\">\n<p data-start=\"769\" data-end=\"798\"><strong data-start=\"769\" data-end=\"788\">Zemlja porekla:<\/strong> Italija<\/p>\n<\/li>\n<li data-start=\"799\" data-end=\"826\">\n<p data-start=\"801\" data-end=\"826\"><strong data-start=\"801\" data-end=\"815\">Garancija:<\/strong> 2 godine<\/p>\n<\/li>\n<\/ul>\n<p data-start=\"828\" data-end=\"962\">Izaberite <strong data-start=\"838\" data-end=\"858\">ELBI ERP-RET 12L<\/strong> za dugotrajnu za\u0161titu va\u0161eg grejnog sistema \u2013 pouzdan izbor italijanskog kvaliteta i precizne izrade.<\/p>","protected":false},"excerpt":{"rendered":"<div class=\"relative basis-auto flex-col -mb-(--composer-overlap-px) [--composer-overlap-px:28px] grow flex overflow-hidden\">\n<div class=\"relative h-full\">\n<div class=\"flex h-full flex-col overflow-y-auto thread-xl:pt-(--header-height) [scrollbar-gutter:stable_both-edges]\">\n<div class=\"flex flex-col text-sm thread-xl:pt-header-height\">\n<article class=\"text-token-text-primary w-full focus:outline-none [--shadow-height:45px] has-data-writing-block:pointer-events-none has-data-writing-block:-mt-(--shadow-height) has-data-writing-block:pt-(--shadow-height) [&amp;:has([data-writing-block])&gt;*]:pointer-events-auto scroll-mt-[calc(var(--header-height)+min(200px,max(70px,20svh)))]\" dir=\"auto\" tabindex=\"-1\" data-turn-id=\"request-WEB:a39acace-bf0b-4add-ad34-fce82313d32c-46\" data-testid=\"conversation-turn-18\" data-scroll-anchor=\"true\" data-turn=\"assistant\">\n<div class=\"text-base my-auto mx-auto pb-10 [--thread-content-margin:--spacing(4)] thread-sm:[--thread-content-margin:--spacing(6)] thread-lg:[--thread-content-margin:--spacing(16)] px-(--thread-content-margin)\">\n<div class=\"[--thread-content-max-width:40rem] thread-lg:[--thread-content-max-width:48rem] mx-auto max-w-(--thread-content-max-width) flex-1 group\/turn-messages focus-visible:outline-hidden relative flex w-full min-w-0 flex-col agent-turn\" tabindex=\"-1\">\n<div class=\"flex max-w-full flex-col grow\">\n<div class=\"min-h-8 text-message relative flex w-full flex-col items-end gap-2 text-start break-words whitespace-normal [.text-message+&amp;]:mt-5\" dir=\"auto\" data-message-author-role=\"assistant\" data-message-id=\"5dc2bb1d-70e5-4898-89c8-9dcb6031e094\" data-message-model-slug=\"gpt-5\">\n<div class=\"flex w-full flex-col gap-1 empty:hidden first:pt-[1px]\">\n<div class=\"markdown prose dark:prose-invert w-full break-words light markdown-new-styling\">\n<p data-start=\"1162\" data-end=\"1347\" data-is-last-node=\"\" data-is-only-node=\"\">Ekspanziona posuda <strong data-start=\"1200\" data-end=\"1220\">ELBI ERP-RET 12L<\/strong> izra\u0111ena u Italiji od kvalitetnog \u010delika sa trajnom membranom. Kompaktan, pljosnat dizajn i pouzdana za\u0161tita sistema grejanja.<\/p>\n<\/div>\n<\/div>\n<\/div>\n<\/div>\n<\/div>\n<\/div>\n<\/article>\n<\/div>\n<\/div>\n<\/div>\n<\/div>\n","protected":false},"featured_media":21708,"template":"","meta":[],"product_brand":[4900],"product_cat":[4288],"product_tag":[],"class_list":{"0":"post-21730","1":"product","2":"type-product","3":"status-publish","4":"has-post-thumbnail","6":"product_brand-elbi","7":"product_cat-ekspanzione-posude","9":"first","10":"instock","11":"shipping-taxable","12":"purchasable","13":"product-type-simple"},"_links":{"self":[{"href":"https:\/\/hidroterm.dmcsrbija.com\/ru\/wp-json\/wp\/v2\/product\/21730","targetHints":{"allow":["GET"]}}],"collection":[{"href":"https:\/\/hidroterm.dmcsrbija.com\/ru\/wp-json\/wp\/v2\/product"}],"about":[{"href":"https:\/\/hidroterm.dmcsrbija.com\/ru\/wp-json\/wp\/v2\/types\/product"}],"wp:featuredmedia":[{"embeddable":true,"href":"https:\/\/hidroterm.dmcsrbija.com\/ru\/wp-json\/wp\/v2\/media\/21708"}],"wp:attachment":[{"href":"https:\/\/hidroterm.dmcsrbija.com\/ru\/wp-json\/wp\/v2\/media?parent=21730"}],"wp:term":[{"taxonomy":"product_brand","embeddable":true,"href":"https:\/\/hidroterm.dmcsrbija.com\/ru\/wp-json\/wp\/v2\/product_brand?post=21730"},{"taxonomy":"product_cat","embeddable":true,"href":"https:\/\/hidroterm.dmcsrbija.com\/ru\/wp-json\/wp\/v2\/product_cat?post=21730"},{"taxonomy":"product_tag","embeddable":true,"href":"https:\/\/hidroterm.dmcsrbija.com\/ru\/wp-json\/wp\/v2\/product_tag?post=21730"}],"curies":[{"name":"wp","href":"https:\/\/api.w.org\/{rel}","templated":true}]}}