{"id":21249,"date":"2025-10-09T10:03:20","date_gmt":"2025-10-09T08:03:20","guid":{"rendered":"https:\/\/hidroterm.dmcsrbija.com\/?post_type=product&#038;p=21249"},"modified":"2025-10-09T10:47:22","modified_gmt":"2025-10-09T08:47:22","slug":"okapnica-za-vilpra-dimnjake-zn","status":"publish","type":"product","link":"https:\/\/hidroterm.dmcsrbija.com\/ru\/proizvod\/okapnica-za-vilpra-dimnjake-zn\/","title":{"rendered":"Okapnica za Vilpra dimnjake ZN"},"content":{"rendered":"<h2>Okapnica za Vilpra dimnjake ZN<\/h2>\n<p>Okapnica za Vilpra dimnjake ZN je funkcionalni i za\u0161titni element koji se postavlja na donji deo dimnjaka kod prelaza na spolja\u0161nju \u0161koljku (cink), u ZN sistemu (prohrom + izolacija + cink). Njena osnovna uloga je da usmerava i odvodi kondenzat i ki\u0161nicu, spre\u010davaju\u0107i da voda prodire u izolaciju ili unutra\u0161nje slojeve dimnjaka. Kvalitetno izvedena okapnica doprinosi dugoro\u010dnosti konstrukcije i o\u010duvanju integriteta dimnja\u010dkog sistema, naro\u010dito u uslovima izlo\u017eenosti padavinama i promenama temperature.<\/p>\n<h3>Karakteristike proizvoda<\/h3>\n<ul>\n<li>Materijal: prohrom<\/li>\n<li>Precnik: 130, 160, 200 mm<\/li>\n<li>Povr\u0161inska obrada: pocinkovana<\/li>\n<li>Otpornost na koroziju<\/li>\n<li>Spre\u010dava o\u0161te\u0107enja uzrokovana vlagom, koroziju i lomove kroz spajanje materijala<\/li>\n<li>Laka monta\u017ea i zamena<\/li>\n<li>Kompatibilnost sa sistemom Vilpra ZN olak\u0161ava projektovanje i ugradnju<\/li>\n<li>Poma\u017ee odr\u017eavanju suvo\u0107e i funkcionalnosti sistema<\/li>\n<\/ul>\n<p>&nbsp;<\/p>\n<p><span style=\"font-size: 16px;\">Osigurajte kvalitetnu i dugotrajnu za\u0161titu svojih dimnjaka uz okapnicu za Vilpra dimnjake ZN. Idealna je za sve tipove objekata gde je centralno grejanje klju\u010dno za udobnost.<\/span><\/p>","protected":false},"excerpt":{"rendered":"<p>Okapnica za Vilpra dimnjake ZN pru\u017ea za\u0161titu dimnjaka od padavina i produ\u017eava njihov vek trajanja. Laka instalacija i otpornost na koroziju.<\/p>","protected":false},"featured_media":21253,"template":"","meta":[],"product_brand":[4303],"product_cat":[4304,4305],"product_tag":[],"class_list":{"0":"post-21249","1":"product","2":"type-product","3":"status-publish","4":"has-post-thumbnail","6":"product_brand-vilpra","7":"product_cat-dimnjaci","8":"product_cat-pojedinacni-elementi-za-montazne-dimnjake","9":"pa_dimenzije-200-x-200-mm","11":"first","12":"instock","13":"shipping-taxable","14":"purchasable","15":"product-type-variable"},"_links":{"self":[{"href":"https:\/\/hidroterm.dmcsrbija.com\/ru\/wp-json\/wp\/v2\/product\/21249","targetHints":{"allow":["GET"]}}],"collection":[{"href":"https:\/\/hidroterm.dmcsrbija.com\/ru\/wp-json\/wp\/v2\/product"}],"about":[{"href":"https:\/\/hidroterm.dmcsrbija.com\/ru\/wp-json\/wp\/v2\/types\/product"}],"wp:featuredmedia":[{"embeddable":true,"href":"https:\/\/hidroterm.dmcsrbija.com\/ru\/wp-json\/wp\/v2\/media\/21253"}],"wp:attachment":[{"href":"https:\/\/hidroterm.dmcsrbija.com\/ru\/wp-json\/wp\/v2\/media?parent=21249"}],"wp:term":[{"taxonomy":"product_brand","embeddable":true,"href":"https:\/\/hidroterm.dmcsrbija.com\/ru\/wp-json\/wp\/v2\/product_brand?post=21249"},{"taxonomy":"product_cat","embeddable":true,"href":"https:\/\/hidroterm.dmcsrbija.com\/ru\/wp-json\/wp\/v2\/product_cat?post=21249"},{"taxonomy":"product_tag","embeddable":true,"href":"https:\/\/hidroterm.dmcsrbija.com\/ru\/wp-json\/wp\/v2\/product_tag?post=21249"}],"curies":[{"name":"wp","href":"https:\/\/api.w.org\/{rel}","templated":true}]}}