{"id":20468,"date":"2025-10-06T14:00:53","date_gmt":"2025-10-06T12:00:53","guid":{"rendered":"https:\/\/hidroterm.dmcsrbija.com\/?post_type=product&#038;p=20468"},"modified":"2025-10-06T14:06:39","modified_gmt":"2025-10-06T12:06:39","slug":"radijatorski-termoventil-caleffi-1-2-ek","status":"publish","type":"product","link":"https:\/\/hidroterm.dmcsrbija.com\/ru\/proizvod\/radijatorski-termoventil-caleffi-1-2-ek\/","title":{"rendered":"Radijatorski termoventil Caleffi 1\/2 ek"},"content":{"rendered":"<h2>Radijatorski termoventil Caleffi 1\/2 ek<\/h2>\n<p>Radijatorski termoventil Caleffi 1\/2 ek je vrhunski ure\u0111aj dizajniran za efikasno upravljanje protokom vode kroz radijatore. Ovaj ventil omogu\u0107ava precizno pode\u0161avanje temperature u prostoru, \u010dime se pobolj\u0161ava energetska efikasnost i udobnost u va\u0161em domu.<\/p>\n<h3>Karakteristike proizvoda<\/h3>\n<ul>\n<li>Standardna veli\u010dina: 1\/2 in\u010da<\/li>\n<li>Materijal: Mesing<\/li>\n<li>Maksimalni pritisak: 10 bar<\/li>\n<li>Temperaturni opseg: do 90 \u00b0C<\/li>\n<\/ul>\n<h3>Prednosti kori\u0161\u0107enja<\/h3>\n<ul>\n<li>Jednostavna instalacija i upotreba<\/li>\n<li>Visoka otpornost na koroziju<\/li>\n<li>Precizno pode\u0161avanje temperature<\/li>\n<\/ul>\n<h3>Specifikacije<\/h3>\n<table>\n<tbody>\n<tr>\n<th>Atribut<\/th>\n<th>Vrednost<\/th>\n<\/tr>\n<tr>\n<td>Veli\u010dina<\/td>\n<td>1\/2 in\u010da<\/td>\n<\/tr>\n<tr>\n<td>Materijal<\/td>\n<td>Mesing<\/td>\n<\/tr>\n<tr>\n<td>Maksimalni pritisak<\/td>\n<td>10 bar<\/td>\n<\/tr>\n<tr>\n<td>Temperaturni opseg<\/td>\n<td>do 90 \u00b0C<\/td>\n<\/tr>\n<\/tbody>\n<\/table>\n<p>&nbsp;<\/p>","protected":false},"excerpt":{"rendered":"<p>Radijatorski termoventil Caleffi 1\/2 ek omogu\u0107ava efikasno upravljanje temperaturom u va\u0161em domu. Izra\u0111en od kvalitetnog mesinga, otporan je na koroziju.<\/p>","protected":false},"featured_media":20418,"template":"","meta":[],"product_brand":[4289],"product_cat":[4299,4292,4290,4485],"product_tag":[],"class_list":{"0":"post-20468","1":"product","2":"type-product","3":"status-publish","4":"has-post-thumbnail","6":"product_brand-caleffi","7":"product_cat-armatura","8":"product_cat-caleffi","9":"product_cat-oprema-za-radijatore","10":"product_cat-radijatorski-ventili-i-navijci","12":"first","13":"instock","14":"shipping-taxable","15":"purchasable","16":"product-type-simple"},"_links":{"self":[{"href":"https:\/\/hidroterm.dmcsrbija.com\/ru\/wp-json\/wp\/v2\/product\/20468","targetHints":{"allow":["GET"]}}],"collection":[{"href":"https:\/\/hidroterm.dmcsrbija.com\/ru\/wp-json\/wp\/v2\/product"}],"about":[{"href":"https:\/\/hidroterm.dmcsrbija.com\/ru\/wp-json\/wp\/v2\/types\/product"}],"wp:featuredmedia":[{"embeddable":true,"href":"https:\/\/hidroterm.dmcsrbija.com\/ru\/wp-json\/wp\/v2\/media\/20418"}],"wp:attachment":[{"href":"https:\/\/hidroterm.dmcsrbija.com\/ru\/wp-json\/wp\/v2\/media?parent=20468"}],"wp:term":[{"taxonomy":"product_brand","embeddable":true,"href":"https:\/\/hidroterm.dmcsrbija.com\/ru\/wp-json\/wp\/v2\/product_brand?post=20468"},{"taxonomy":"product_cat","embeddable":true,"href":"https:\/\/hidroterm.dmcsrbija.com\/ru\/wp-json\/wp\/v2\/product_cat?post=20468"},{"taxonomy":"product_tag","embeddable":true,"href":"https:\/\/hidroterm.dmcsrbija.com\/ru\/wp-json\/wp\/v2\/product_tag?post=20468"}],"curies":[{"name":"wp","href":"https:\/\/api.w.org\/{rel}","templated":true}]}}