{"id":19642,"date":"2025-09-22T15:48:36","date_gmt":"2025-09-22T13:48:36","guid":{"rendered":"https:\/\/foxit-technology.com\/?post_type=product&#038;p=19642"},"modified":"2025-10-10T10:03:29","modified_gmt":"2025-10-10T08:03:29","slug":"global-vox-aluminijumski-radijator-h-350","status":"publish","type":"product","link":"https:\/\/hidroterm.dmcsrbija.com\/ru\/proizvod\/global-vox-aluminijumski-radijator-h-350\/","title":{"rendered":"Aluminijumski radijator Global VOX H-350-120W"},"content":{"rendered":"<h2><strong>GLOBAL VOX \u2013 Aluminijumski radijator<\/strong><\/h2>\n<p>GLOBAL VOX aluminijumski radijator je idealno re\u0161enje za grejanje stambenih i poslovnih prostora, kombinuju\u0107i moderan dizajn, italijanski kvalitet i visoku energetsku efikasnost. Zahvaljuju\u0107i naprednoj tehnologiji izrade, Global Vox nudi brzo zagrevanje prostorije i dugotrajnu pouzdanost u radu.<\/p>\n<h3><strong>Visoka toplotna efikasnost i brzo zagrevanje<\/strong><\/h3>\n<p>Aluminijum kao materijal omogu\u0107ava izuzetnu toplotnu provodljivost time radijatori Global Vox znatno br\u017ee emituju toplotu u pore\u0111enju sa klasi\u010dnim \u010deli\u010dnim modelima. Ravnomerna raspodela toplote i segmentna konstrukcija \u010dine ih prakti\u010dnim re\u0161enjem za svaku vrstu grejnog sistema.<\/p>\n<h3><strong>Italijanski kvalitet i trajnost<\/strong><\/h3>\n<p>Global Vox proizvodi se u Italiji i odlikuje se robusnom konstrukcijom i dvostrukim slojem za\u0161tite \u2013 kataforeza i pra\u0161kasto farbanje, \u0161to radijatoru obezbe\u0111uje otpornost na koroziju i dug radni vek.<\/p>\n<h3><strong>Dodatne karakteristike<\/strong><\/h3>\n<ul>\n<li>Materijal: aluminijum visoke \u010dvrsto\u0107e, otporan na koroziju<\/li>\n<li>Radni pritisak: do 16 bara<\/li>\n<li>Testni pritisak: 24 bara<\/li>\n<li>Maksimalna radna temperatura: 110 \u00b0C<\/li>\n<li>Povr\u0161inska obrada: kataforeza + pra\u0161kasto lakiranje (RAL 9010 bela boja)<\/li>\n<li>Povezivanje: bo\u010dni, standardni priklju\u010dci<\/li>\n<\/ul>\n<p>Napomena: Prodaja po rebru (npr.- za 20 kvadrata potrebno je 20 rebara); *cena je po rebru<\/p>\n<h3><strong>Prednosti za kupce<\/strong><\/h3>\n<ul>\n<li>Brzo i ravnomerno grejanje prostora<\/li>\n<li>Italijanski kvalitet i dugogodi\u0161nja pouzdanost<\/li>\n<li>Energetska efikasnost \u2013 manja potro\u0161nja energije<\/li>\n<li>Modularna konstrukcija \u2013 lako prilagodljiva broju rebara<\/li>\n<li>Moderan dizajn za svaki enterijer<\/li>\n<\/ul>\n<p><iframe title=\"Global Radiatori   Tutorial 900 - 2000   English\" width=\"800\" height=\"450\" src=\"https:\/\/www.youtube.com\/embed\/6OGjqOEXiAM?feature=oembed\" frameborder=\"0\" allow=\"accelerometer; autoplay; clipboard-write; encrypted-media; gyroscope; picture-in-picture; web-share\" referrerpolicy=\"strict-origin-when-cross-origin\" allowfullscreen><\/iframe><\/p>\n<ul>\n<li style=\"list-style-type: none;\">\n<ul style=\"margin: 0; padding-left: 18px;\">\n<li style=\"list-style-type: none;\"><\/li>\n<\/ul>\n<\/li>\n<\/ul>","protected":false},"excerpt":{"rendered":"<p>Global VOX aluminijumski radijator H-350 je efikasan i moderan izbor za grejanje. Njegova visoka toplotna provodljivost omogu\u0107ava brzo zagrevanje prostora.<\/p>","protected":false},"featured_media":19851,"template":"","meta":[],"product_brand":[4462],"product_cat":[4241,4461],"product_tag":[],"class_list":{"0":"post-19642","1":"product","2":"type-product","3":"status-publish","4":"has-post-thumbnail","6":"product_brand-global-vox","7":"product_cat-aluminijumski-radijatori","8":"product_cat-global-vox","10":"first","11":"instock","12":"shipping-taxable","13":"purchasable","14":"product-type-simple"},"_links":{"self":[{"href":"https:\/\/hidroterm.dmcsrbija.com\/ru\/wp-json\/wp\/v2\/product\/19642","targetHints":{"allow":["GET"]}}],"collection":[{"href":"https:\/\/hidroterm.dmcsrbija.com\/ru\/wp-json\/wp\/v2\/product"}],"about":[{"href":"https:\/\/hidroterm.dmcsrbija.com\/ru\/wp-json\/wp\/v2\/types\/product"}],"wp:featuredmedia":[{"embeddable":true,"href":"https:\/\/hidroterm.dmcsrbija.com\/ru\/wp-json\/wp\/v2\/media\/19851"}],"wp:attachment":[{"href":"https:\/\/hidroterm.dmcsrbija.com\/ru\/wp-json\/wp\/v2\/media?parent=19642"}],"wp:term":[{"taxonomy":"product_brand","embeddable":true,"href":"https:\/\/hidroterm.dmcsrbija.com\/ru\/wp-json\/wp\/v2\/product_brand?post=19642"},{"taxonomy":"product_cat","embeddable":true,"href":"https:\/\/hidroterm.dmcsrbija.com\/ru\/wp-json\/wp\/v2\/product_cat?post=19642"},{"taxonomy":"product_tag","embeddable":true,"href":"https:\/\/hidroterm.dmcsrbija.com\/ru\/wp-json\/wp\/v2\/product_tag?post=19642"}],"curies":[{"name":"wp","href":"https:\/\/api.w.org\/{rel}","templated":true}]}}