{"id":19419,"date":"2025-09-12T14:46:38","date_gmt":"2025-09-12T12:46:38","guid":{"rendered":"https:\/\/foxit-technology.com\/?post_type=product&#038;p=19419"},"modified":"2025-09-26T13:29:38","modified_gmt":"2025-09-26T11:29:38","slug":"nepovratni-ventil-sa-metalnom-oprugom-6-4","status":"publish","type":"product","link":"https:\/\/hidroterm.dmcsrbija.com\/ru\/proizvod\/nepovratni-ventil-sa-metalnom-oprugom-6-4\/","title":{"rendered":"Nepovratni ventil sa metalnom oprugom 6\/4&#8221;"},"content":{"rendered":"<h2 data-start=\"336\" data-end=\"445\"><strong data-start=\"339\" data-end=\"445\">Nepovratni ventil sa metalnom oprugom 6\/4&#8243; \u2013 Visok protok i maksimalna sigurnost u ve\u0107im instalacijama<\/strong><\/h2>\n<p data-start=\"447\" data-end=\"806\"><strong data-start=\"447\" data-end=\"500\">Nepovratni ventil sa metalnom oprugom 6\/4&#8243; (DN40)<\/strong> je pouzdano re\u0161enje za kontrolu protoka u instalacijama ve\u0107eg kapaciteta. Namenjen za sisteme gde je <strong data-start=\"602\" data-end=\"648\">od klju\u010dnog zna\u010daja spre\u010diti povrat fluida<\/strong>, ovaj ventil omogu\u0107ava jednosmeran protok, zatvara se automatski pomo\u0107u metalne opruge, i time spre\u010dava o\u0161te\u0107enja, hidrauli\u010dke udare i kontaminaciju sistema.<\/p>\n<h3 data-start=\"2202\" data-end=\"2252\"><strong data-start=\"2209\" data-end=\"2252\">Karakteristike nepovratnog ventila 6\/4&#8243;<\/strong><\/h3>\n<ul data-start=\"2254\" data-end=\"2628\">\n<li data-start=\"2254\" data-end=\"2326\">\n<p data-start=\"2256\" data-end=\"2326\"><strong data-start=\"2259\" data-end=\"2296\">Metalna opruga velikog kapaciteta<\/strong> \u2013 brzo i sigurno zatvaranje<\/p>\n<\/li>\n<li data-start=\"2327\" data-end=\"2398\">\n<p data-start=\"2329\" data-end=\"2398\"><strong data-start=\"2332\" data-end=\"2367\">Robusna konstrukcija od mesinga<\/strong> \u2013 dug radni vek i pouzdanost<\/p>\n<\/li>\n<li data-start=\"2399\" data-end=\"2467\">\n<p data-start=\"2401\" data-end=\"2467\"><strong data-start=\"2404\" data-end=\"2431\">Monta\u017ea u vi\u0161e pozicija<\/strong> \u2013 fleksibilnost prilikom ugradnje<\/p>\n<\/li>\n<li data-start=\"2468\" data-end=\"2526\">\n<p data-start=\"2470\" data-end=\"2526\"><strong data-start=\"2473\" data-end=\"2496\">Nizak otpor protoku<\/strong> \u2013 efikasnost u radu sistema<\/p>\n<\/li>\n<li data-start=\"2527\" data-end=\"2581\">\n<p data-start=\"2529\" data-end=\"2581\"><strong data-start=\"2533\" data-end=\"2579\">Otpornost na visoke temperature i pritiske<\/strong><\/p>\n<\/li>\n<li data-start=\"2582\" data-end=\"2628\">\n<p data-start=\"2584\" data-end=\"2628\"><strong data-start=\"2587\" data-end=\"2628\">Zatvaranje bez buke i povratnog udara<\/strong><\/p>\n<\/li>\n<\/ul>\n<hr data-start=\"2630\" data-end=\"2633\" \/>\n<h3 data-start=\"2635\" data-end=\"2679\"><strong data-start=\"2643\" data-end=\"2679\">Primena nepovratnog ventila 6\/4&#8243;<\/strong><\/h3>\n<p data-start=\"2681\" data-end=\"2745\">Ovaj model je namenjen za sisteme srednjeg i velikog kapaciteta:<\/p>\n<ul data-start=\"2747\" data-end=\"2995\">\n<li data-start=\"2747\" data-end=\"2790\">\n<p data-start=\"2749\" data-end=\"2790\">Grejni i rashladni sistemi u industriji<\/p>\n<\/li>\n<li data-start=\"2791\" data-end=\"2829\">\n<p data-start=\"2793\" data-end=\"2829\">Tehni\u010dki i pitki vodovodni sistemi<\/p>\n<\/li>\n<li data-start=\"2830\" data-end=\"2868\">\n<p data-start=\"2832\" data-end=\"2868\">Pumpe, hidrofori i cevovodne mre\u017ee<\/p>\n<\/li>\n<li data-start=\"2869\" data-end=\"2914\">\n<p data-start=\"2871\" data-end=\"2914\">Solarni termalni sistemi ve\u0107ih kapaciteta<\/p>\n<\/li>\n<li data-start=\"2950\" data-end=\"2995\">\n<p data-start=\"2952\" data-end=\"2995\">Me\u0161oviti sistemi sa vi\u0161e izvora i potro\u0161a\u010da<\/p>\n<\/li>\n<\/ul>\n<hr data-start=\"2997\" data-end=\"3000\" \/>\n<h3 data-start=\"3002\" data-end=\"3055\"><strong data-start=\"3009\" data-end=\"3055\">Prednosti ventila sa metalnom oprugom 6\/4&#8243;<\/strong><\/h3>\n<ul data-start=\"3057\" data-end=\"3306\">\n<li data-start=\"3057\" data-end=\"3107\">\n<p data-start=\"3059\" data-end=\"3107\"><strong data-start=\"3061\" data-end=\"3105\">Spre\u010dava povratni tok i havarije sistema<\/strong><\/p>\n<\/li>\n<li data-start=\"3108\" data-end=\"3166\">\n<p data-start=\"3110\" data-end=\"3166\"><strong data-start=\"3112\" data-end=\"3164\">Visoka otpornost na hemijske i mehani\u010dke uticaje<\/strong><\/p>\n<\/li>\n<li data-start=\"3167\" data-end=\"3203\">\n<p data-start=\"3169\" data-end=\"3203\"><strong data-start=\"3171\" data-end=\"3201\">Brza i jednostavna monta\u017ea<\/strong><\/p>\n<\/li>\n<li data-start=\"3204\" data-end=\"3246\">\n<p data-start=\"3206\" data-end=\"3246\"><strong data-start=\"3208\" data-end=\"3244\">Minimalna potreba za odr\u017eavanjem<\/strong><\/p>\n<\/li>\n<li data-start=\"3247\" data-end=\"3306\">\n<p data-start=\"3249\" data-end=\"3306\"><strong data-start=\"3251\" data-end=\"3306\">Visok kapacitet protoka \u2013 idealan za velike sisteme<\/strong><\/p>\n<\/li>\n<\/ul>","protected":false},"excerpt":{"rendered":"<p><strong data-start=\"3334\" data-end=\"3380\">Nepovratni ventil sa metalnom oprugom 6\/4&#8243;<\/strong> je profesionalno re\u0161enje za velike instalacije koje zahtevaju siguran i jednosmeran tok fluida. Njegova \u010dvrsta konstrukcija, automatizovano zatvaranje i otpornost na radne uslove \u010dine ga idealnim za industriju, komercijalne sisteme i napredne tehni\u010dke instalacije.<\/p>","protected":false},"featured_media":19263,"template":"","meta":[],"product_brand":[4338],"product_cat":[4299,4482],"product_tag":[],"class_list":{"0":"post-19419","1":"product","2":"type-product","3":"status-publish","4":"has-post-thumbnail","6":"product_brand-nero","7":"product_cat-armatura","8":"product_cat-nepovratni-ventili","10":"first","11":"instock","12":"shipping-taxable","13":"purchasable","14":"product-type-simple"},"_links":{"self":[{"href":"https:\/\/hidroterm.dmcsrbija.com\/ru\/wp-json\/wp\/v2\/product\/19419","targetHints":{"allow":["GET"]}}],"collection":[{"href":"https:\/\/hidroterm.dmcsrbija.com\/ru\/wp-json\/wp\/v2\/product"}],"about":[{"href":"https:\/\/hidroterm.dmcsrbija.com\/ru\/wp-json\/wp\/v2\/types\/product"}],"wp:featuredmedia":[{"embeddable":true,"href":"https:\/\/hidroterm.dmcsrbija.com\/ru\/wp-json\/wp\/v2\/media\/19263"}],"wp:attachment":[{"href":"https:\/\/hidroterm.dmcsrbija.com\/ru\/wp-json\/wp\/v2\/media?parent=19419"}],"wp:term":[{"taxonomy":"product_brand","embeddable":true,"href":"https:\/\/hidroterm.dmcsrbija.com\/ru\/wp-json\/wp\/v2\/product_brand?post=19419"},{"taxonomy":"product_cat","embeddable":true,"href":"https:\/\/hidroterm.dmcsrbija.com\/ru\/wp-json\/wp\/v2\/product_cat?post=19419"},{"taxonomy":"product_tag","embeddable":true,"href":"https:\/\/hidroterm.dmcsrbija.com\/ru\/wp-json\/wp\/v2\/product_tag?post=19419"}],"curies":[{"name":"wp","href":"https:\/\/api.w.org\/{rel}","templated":true}]}}