{"id":19391,"date":"2025-09-12T12:07:53","date_gmt":"2025-09-12T10:07:53","guid":{"rendered":"https:\/\/foxit-technology.com\/?post_type=product&#038;p=19391"},"modified":"2025-09-26T15:23:42","modified_gmt":"2025-09-26T13:23:42","slug":"cetvorokraki-mesacki-ventil-herz-5-4","status":"publish","type":"product","link":"https:\/\/hidroterm.dmcsrbija.com\/ru\/proizvod\/cetvorokraki-mesacki-ventil-herz-5-4\/","title":{"rendered":"\u010cetvorokraki me\u0161a\u010dki ventil Herz 5\/4&#8243;"},"content":{"rendered":"<h2 data-start=\"215\" data-end=\"314\"><strong data-start=\"218\" data-end=\"314\">\u010cetvorokraki me\u0161a\u010dki ventil HERZ 5\/4&#8243; \u2013 Pouzdana za\u0161tita i balans za sna\u017enije grejne sisteme<\/strong><\/h2>\n<p data-start=\"316\" data-end=\"645\"><strong data-start=\"316\" data-end=\"357\">\u010cetvorokraki me\u0161a\u010dki ventil HERZ 5\/4&#8243;<\/strong> dizajniran je za regulaciju temperature i za\u0161titu izvora toplote u srednjim i ve\u0107im sistemima grejanja. Zahvaljuju\u0107i svojoj funkciji me\u0161anja i za\u0161tite od hladnog povratnog voda, ovaj ventil je klju\u010dna komponenta za dugotrajan i efikasan rad kotlova na \u010dvrsto gorivo, gas, pelet ili ulje.<\/p>\n<p data-start=\"647\" data-end=\"832\">HERZ 4-kraki ventil DN32 obezbe\u0111uje optimalnu termi\u010dku ravnote\u017eu izme\u0111u izvora toplote i grejnog sistema, \u0161titi kotao od korozije i omogu\u0107ava stabilno funkcionisanje celokupnog sistema.<\/p>\n<h3 data-start=\"2170\" data-end=\"2231\"><strong data-start=\"2177\" data-end=\"2231\">Karakteristike HERZ 4-krakog me\u0161a\u010dkog ventila 5\/4&#8243;<\/strong><\/h3>\n<ul data-start=\"2233\" data-end=\"2567\">\n<li data-start=\"2233\" data-end=\"2294\">\n<p data-start=\"2235\" data-end=\"2294\"><strong data-start=\"2237\" data-end=\"2258\">\u010cetiri priklju\u010dka<\/strong> za precizno me\u0161anje i za\u0161titu kotla<\/p>\n<\/li>\n<li data-start=\"2295\" data-end=\"2344\">\n<p data-start=\"2297\" data-end=\"2344\"><strong data-start=\"2299\" data-end=\"2344\">KVS vrednost optimizovana za ve\u0107e protoke<\/strong><\/p>\n<\/li>\n<li data-start=\"2345\" data-end=\"2395\">\n<p data-start=\"2347\" data-end=\"2395\"><strong data-start=\"2349\" data-end=\"2395\">Otporan na termi\u010dka optere\u0107enja i koroziju<\/strong><\/p>\n<\/li>\n<li data-start=\"2396\" data-end=\"2456\">\n<p data-start=\"2398\" data-end=\"2456\"><strong data-start=\"2400\" data-end=\"2421\">Ru\u010dno upravljanje<\/strong> uz mogu\u0107nost ugradnje servo pogona<\/p>\n<\/li>\n<li data-start=\"2457\" data-end=\"2517\">\n<p data-start=\"2459\" data-end=\"2517\"><strong data-start=\"2461\" data-end=\"2517\">Stabilna regulacija temperature i hidrauli\u010dki balans<\/strong><\/p>\n<\/li>\n<li data-start=\"2518\" data-end=\"2567\">\n<p data-start=\"2520\" data-end=\"2567\">Kompatibilan sa HERZ sistemima automatizacije<\/p>\n<\/li>\n<\/ul>\n<hr data-start=\"2569\" data-end=\"2572\" \/>\n<h3 data-start=\"2574\" data-end=\"2625\"><strong data-start=\"2582\" data-end=\"2625\">Primena HERZ 5\/4&#8243; \u010detvorokrakog ventila<\/strong><\/h3>\n<p data-start=\"2627\" data-end=\"2794\">Ovaj ventil se preporu\u010duje za instalacije u kojima je neophodna <strong data-start=\"2691\" data-end=\"2737\">za\u0161tita izvora toplote od hladnog povratka<\/strong> i gde postoji vi\u0161e grejnih zona ili akumulacioni sistem:<\/p>\n<ul data-start=\"2796\" data-end=\"3072\">\n<li data-start=\"2796\" data-end=\"2839\">\n<p data-start=\"2798\" data-end=\"2839\">Kotlovi na \u010dvrsto gorivo, gas ili pelet<\/p>\n<\/li>\n<li data-start=\"2840\" data-end=\"2883\">\n<p data-start=\"2842\" data-end=\"2883\">Sistemi sa slo\u017eenim me\u0161aju\u0107im krugovima<\/p>\n<\/li>\n<li data-start=\"2884\" data-end=\"2935\">\n<p data-start=\"2886\" data-end=\"2935\">Podno i radijatorsko grejanje u ve\u0107im objektima<\/p>\n<\/li>\n<li data-start=\"2936\" data-end=\"2983\">\n<p data-start=\"2938\" data-end=\"2983\">Akumulacione posude i termotehni\u010dki sistemi<\/p>\n<\/li>\n<li data-start=\"2984\" data-end=\"3031\">\n<p data-start=\"2986\" data-end=\"3031\">Kombinovani sistemi sa solarnim kolektorima<\/p>\n<\/li>\n<li data-start=\"3032\" data-end=\"3072\">\n<p data-start=\"3034\" data-end=\"3072\">Hidrauli\u010dne rampe i razvodni kolektori<\/p>\n<\/li>\n<\/ul>\n<hr data-start=\"3074\" data-end=\"3077\" \/>\n<h3 data-start=\"3079\" data-end=\"3140\"><strong data-start=\"3086\" data-end=\"3140\">Prednosti \u010detvorokrakog me\u0161a\u010dkog ventila HERZ 5\/4&#8243;<\/strong><\/h3>\n<ul data-start=\"3142\" data-end=\"3514\">\n<li data-start=\"3142\" data-end=\"3200\">\n<p data-start=\"3144\" data-end=\"3200\"><strong data-start=\"3146\" data-end=\"3165\">Pove\u0107ani protok<\/strong> \u2013 pogodno za ve\u0107e grejne sisteme<\/p>\n<\/li>\n<li data-start=\"3201\" data-end=\"3274\">\n<p data-start=\"3203\" data-end=\"3274\"><strong data-start=\"3205\" data-end=\"3222\">Za\u0161tita kotla<\/strong> \u2013 spre\u010dava hladan povrat, kondenzaciju i koroziju<\/p>\n<\/li>\n<li data-start=\"3275\" data-end=\"3340\">\n<p data-start=\"3277\" data-end=\"3340\"><strong data-start=\"3279\" data-end=\"3304\">Energetska efikasnost<\/strong> \u2013 optimalno iskori\u0161\u0107enje energije<\/p>\n<\/li>\n<li data-start=\"3341\" data-end=\"3397\">\n<p data-start=\"3343\" data-end=\"3397\"><strong data-start=\"3345\" data-end=\"3395\">Fleksibilna monta\u017ea i mogu\u0107nost automatizacije<\/strong><\/p>\n<\/li>\n<li data-start=\"3398\" data-end=\"3463\">\n<p data-start=\"3400\" data-end=\"3463\"><strong data-start=\"3402\" data-end=\"3427\">Visok kvalitet izrade<\/strong> \u2013 austrijski standard pouzdanosti<\/p>\n<\/li>\n<li data-start=\"3464\" data-end=\"3514\">\n<p data-start=\"3466\" data-end=\"3514\"><strong data-start=\"3468\" data-end=\"3488\">Dug vek trajanja<\/strong> uz minimalno odr\u017eavanje<\/p>\n<\/li>\n<\/ul>","protected":false},"excerpt":{"rendered":"<p><strong data-start=\"3542\" data-end=\"3583\">\u010cetvorokraki me\u0161a\u010dki ventil HERZ 5\/4&#8243;<\/strong> je optimalan izbor za sve ozbiljne instalacije koje zahtevaju kontrolu temperature, za\u0161titu izvora toplote i efikasan rad u vi\u0161ezonskim sistemima. Njegova sposobnost da kombinuje funkciju me\u0161anja i za\u0161tite \u010dini ga nezamenjivim u kotlarnicama, tehni\u010dkim prostorijama i kompleksnim grejnim sistemima.<\/p>","protected":false},"featured_media":19386,"template":"","meta":[],"product_brand":[4301],"product_cat":[4299,4483],"product_tag":[],"class_list":{"0":"post-19391","1":"product","2":"type-product","3":"status-publish","4":"has-post-thumbnail","6":"product_brand-herz","7":"product_cat-armatura","8":"product_cat-mesacki-ventili-armatura","10":"first","11":"onbackorder","12":"shipping-taxable","13":"purchasable","14":"product-type-simple"},"_links":{"self":[{"href":"https:\/\/hidroterm.dmcsrbija.com\/ru\/wp-json\/wp\/v2\/product\/19391","targetHints":{"allow":["GET"]}}],"collection":[{"href":"https:\/\/hidroterm.dmcsrbija.com\/ru\/wp-json\/wp\/v2\/product"}],"about":[{"href":"https:\/\/hidroterm.dmcsrbija.com\/ru\/wp-json\/wp\/v2\/types\/product"}],"wp:featuredmedia":[{"embeddable":true,"href":"https:\/\/hidroterm.dmcsrbija.com\/ru\/wp-json\/wp\/v2\/media\/19386"}],"wp:attachment":[{"href":"https:\/\/hidroterm.dmcsrbija.com\/ru\/wp-json\/wp\/v2\/media?parent=19391"}],"wp:term":[{"taxonomy":"product_brand","embeddable":true,"href":"https:\/\/hidroterm.dmcsrbija.com\/ru\/wp-json\/wp\/v2\/product_brand?post=19391"},{"taxonomy":"product_cat","embeddable":true,"href":"https:\/\/hidroterm.dmcsrbija.com\/ru\/wp-json\/wp\/v2\/product_cat?post=19391"},{"taxonomy":"product_tag","embeddable":true,"href":"https:\/\/hidroterm.dmcsrbija.com\/ru\/wp-json\/wp\/v2\/product_tag?post=19391"}],"curies":[{"name":"wp","href":"https:\/\/api.w.org\/{rel}","templated":true}]}}