{"id":19310,"date":"2025-09-11T13:40:12","date_gmt":"2025-09-11T11:40:12","guid":{"rendered":"https:\/\/foxit-technology.com\/?post_type=product&#038;p=19310"},"modified":"2025-10-15T10:49:42","modified_gmt":"2025-10-15T08:49:42","slug":"radijatorski-set-1-2-ek-heimeier","status":"publish","type":"product","link":"https:\/\/hidroterm.dmcsrbija.com\/ru\/proizvod\/radijatorski-set-1-2-ek-heimeier\/","title":{"rendered":"Radijatorski set 1\/2&#8243; EK Heimeier"},"content":{"rendered":"<h2 data-start=\"242\" data-end=\"337\"><strong>Radijatorski set Heimeier 1\/2&#8243; \u2013 komplet za jednostavnu i pouzdanu monta\u017eu<\/strong><\/h2>\n<p data-start=\"339\" data-end=\"495\">Radijatorski set Heimeier 1\/2&#8243; EK je kompletno re\u0161enje koje sadr\u017ei sve \u0161to je potrebno za povezivanje radijatora na sistem grejanja. U set su uklju\u010deni:<\/p>\n<ul data-start=\"497\" data-end=\"685\">\n<li data-start=\"497\" data-end=\"556\">\n<p data-start=\"499\" data-end=\"556\">RK \u2013 Povratni ventil (regulacija povratne linije)<\/p>\n<\/li>\n<li data-start=\"557\" data-end=\"622\">\n<p data-start=\"559\" data-end=\"622\">RV \u2013 Ru\u010dni ventil (ulazni ventil za regulaciju protoka)<\/p>\n<\/li>\n<li data-start=\"623\" data-end=\"685\">\n<p data-start=\"625\" data-end=\"685\">NA \u2013 Nipl adapteri za povezivanje ventila i radijatora<\/p>\n<\/li>\n<\/ul>\n<p data-start=\"687\" data-end=\"912\">Set je namenjen za standardne radijatore sa 1\/2&#8243; priklju\u010dkom i omogu\u0107ava jednostavnu ru\u010dnu regulaciju protoka, bez termostatske automatike.<\/p>\n<h3 data-start=\"919\" data-end=\"946\"><strong>Tehni\u010dke karakteristike<\/strong><\/h3>\n<ul data-start=\"948\" data-end=\"1544\">\n<li data-start=\"1015\" data-end=\"1182\">\n<p data-start=\"1017\" data-end=\"1034\">Sadr\u017eaj seta:<\/p>\n<ul data-start=\"1037\" data-end=\"1182\">\n<li data-start=\"1037\" data-end=\"1085\">\n<p data-start=\"1039\" data-end=\"1085\">RV \u2013 Ru\u010dni ventil, ugaoni, 1\/2&#8243;<\/p>\n<\/li>\n<li data-start=\"1088\" data-end=\"1139\">\n<p data-start=\"1090\" data-end=\"1139\">RK \u2013 Povratni ventil, ugaoni, 1\/2&#8243;<\/p>\n<\/li>\n<li data-start=\"1142\" data-end=\"1182\">\n<p data-start=\"1144\" data-end=\"1182\">NA \u2013 Nipl adapteri, 2 kom (G1\/2)<\/p>\n<\/li>\n<\/ul>\n<\/li>\n<li data-start=\"1183\" data-end=\"1228\">\n<p data-start=\"1185\" data-end=\"1228\">Materijal ku\u0107i\u0161ta: Mesing, nikl<\/p>\n<\/li>\n<li data-start=\"1229\" data-end=\"1263\">\n<p data-start=\"1231\" data-end=\"1263\">Radni pritisak: do 10 bara<\/p>\n<\/li>\n<li data-start=\"1264\" data-end=\"1299\">\n<p data-start=\"1266\" data-end=\"1299\">Radna temperatura: do 120\u00b0C<\/p>\n<\/li>\n<li data-start=\"1300\" data-end=\"1366\">\n<p data-start=\"1302\" data-end=\"1366\">Zaptivke: EPDM \u2013 otporne na toplotu, pritisak i hemikalije<\/p>\n<\/li>\n<li data-start=\"1367\" data-end=\"1425\">\n<p data-start=\"1369\" data-end=\"1425\">Tip priklju\u010dka: Unutra\u0161nji navoj 1\/2&#8243; (standardni)<\/p>\n<\/li>\n<li data-start=\"1426\" data-end=\"1490\">\n<p data-start=\"1428\" data-end=\"1490\">Kompatibilnost: Sa svim radijatorima sa G1\/2 priklju\u010dkom<\/p>\n<\/li>\n<li data-start=\"1491\" data-end=\"1544\">\n<p data-start=\"1493\" data-end=\"1544\">Proizvo\u0111a\u010d: Heimeier (IMI Hydronic Engineering)<\/p>\n<\/li>\n<\/ul>\n<h3 data-start=\"1551\" data-end=\"1562\"><strong>Primena<\/strong><\/h3>\n<p data-start=\"1564\" data-end=\"1645\">Heimeier radijatorski set 1\/2&#8243; EK (ru\u010dni) koristi se u sistemima grejanja za:<\/p>\n<ul data-start=\"1647\" data-end=\"2019\">\n<li data-start=\"1647\" data-end=\"1724\">\n<p data-start=\"1649\" data-end=\"1724\">Stanove i porodi\u010dne ku\u0107e \u2013 jednostavna ugradnja i ru\u010dna regulacija<\/p>\n<\/li>\n<li data-start=\"1725\" data-end=\"1802\">\n<p data-start=\"1727\" data-end=\"1802\">Poslovne i javne objekte \u2013 pouzdano re\u0161enje bez dodatne automatike<\/p>\n<\/li>\n<li data-start=\"1803\" data-end=\"1873\">\n<p data-start=\"1805\" data-end=\"1873\">Zamenu dotrajalih ventila \u2013 savr\u0161eno odgovara za renovacije<\/p>\n<\/li>\n<li data-start=\"1874\" data-end=\"1939\">\n<p data-start=\"1876\" data-end=\"1939\">Instalaterske radove \u2013 sve komponente u jednom paketu<\/p>\n<\/li>\n<li data-start=\"1940\" data-end=\"2019\">\n<p data-start=\"1942\" data-end=\"2019\">Sisteme sa centralnom regulacijom temperature (npr. termostat u kotlu)<\/p>\n<\/li>\n<\/ul>\n<h3 data-start=\"2026\" data-end=\"2039\"><strong>Prednosti<\/strong><\/h3>\n<ul>\n<li data-start=\"2041\" data-end=\"2478\">Sveobuhvatan set \u2013 sve \u0161to je potrebno za povezivanje radijatora u jednoj kutiji<\/li>\n<li data-start=\"2041\" data-end=\"2478\">Jednostavna monta\u017ea \u2013 \u0161tedi vreme i olak\u0161ava instalaciju<\/li>\n<li data-start=\"2041\" data-end=\"2478\">Robusna i dugotrajna izrada \u2013 nema\u010dka preciznost i kvalitet<\/li>\n<li data-start=\"2041\" data-end=\"2478\">Ru\u010dna regulacija \u2013 jednostavno upravljanje protokom bez slo\u017eene automatike<\/li>\n<li data-start=\"2041\" data-end=\"2478\">Kompatibilnost \u2013 odgovara ve\u0107ini radijatora i instalacija<\/li>\n<li data-start=\"2041\" data-end=\"2478\">Heimeier brend \u2013 pouzdanost i dugove\u010dnost u svakom proizvodu<\/li>\n<\/ul>","protected":false},"excerpt":{"rendered":"<p>Ako tra\u017eite jednostavno i pouzdano re\u0161enje za povezivanje radijatora, <strong data-start=\"2569\" data-end=\"2621\">Radijatorski set Heimeier 1\/2&#8243; EK (RK + RV + NA)<\/strong> je pravi izbor. Namenjen je korisnicima i majstorima koji \u017eele da monta\u017eu obave brzo, bez gre\u0161ke i uz kvalitetne komponente.<\/p>","protected":false},"featured_media":19312,"template":"","meta":[],"product_brand":[4295],"product_cat":[4299,4298,4484,4485,4291],"product_tag":[],"class_list":{"0":"post-19310","1":"product","2":"type-product","3":"status-publish","4":"has-post-thumbnail","6":"product_brand-heimeier","7":"product_cat-armatura","8":"product_cat-heimeier","9":"product_cat-heimeier-armatura","10":"product_cat-radijatorski-ventili-i-navijci","11":"product_cat-radijatorski-ventili-navijci-i-glave","13":"first","14":"onbackorder","15":"shipping-taxable","16":"purchasable","17":"product-type-simple"},"_links":{"self":[{"href":"https:\/\/hidroterm.dmcsrbija.com\/ru\/wp-json\/wp\/v2\/product\/19310","targetHints":{"allow":["GET"]}}],"collection":[{"href":"https:\/\/hidroterm.dmcsrbija.com\/ru\/wp-json\/wp\/v2\/product"}],"about":[{"href":"https:\/\/hidroterm.dmcsrbija.com\/ru\/wp-json\/wp\/v2\/types\/product"}],"wp:featuredmedia":[{"embeddable":true,"href":"https:\/\/hidroterm.dmcsrbija.com\/ru\/wp-json\/wp\/v2\/media\/19312"}],"wp:attachment":[{"href":"https:\/\/hidroterm.dmcsrbija.com\/ru\/wp-json\/wp\/v2\/media?parent=19310"}],"wp:term":[{"taxonomy":"product_brand","embeddable":true,"href":"https:\/\/hidroterm.dmcsrbija.com\/ru\/wp-json\/wp\/v2\/product_brand?post=19310"},{"taxonomy":"product_cat","embeddable":true,"href":"https:\/\/hidroterm.dmcsrbija.com\/ru\/wp-json\/wp\/v2\/product_cat?post=19310"},{"taxonomy":"product_tag","embeddable":true,"href":"https:\/\/hidroterm.dmcsrbija.com\/ru\/wp-json\/wp\/v2\/product_tag?post=19310"}],"curies":[{"name":"wp","href":"https:\/\/api.w.org\/{rel}","templated":true}]}}