{"id":17283,"date":"2025-07-15T11:05:09","date_gmt":"2025-07-15T09:05:09","guid":{"rendered":"https:\/\/foxit-technology.com\/proizvod\/toplotna-pumpa-split-protean\/"},"modified":"2025-09-17T11:40:40","modified_gmt":"2025-09-17T09:40:40","slug":"toplotna-pumpa-split-protean","status":"publish","type":"product","link":"https:\/\/hidroterm.dmcsrbija.com\/ru\/proizvod\/toplotna-pumpa-split-protean\/","title":{"rendered":"Toplotna pumpa split Protean"},"content":{"rendered":"<p><img decoding=\"async\" src=\"images\/Protean_logo_ef9ca.png\" alt=\"Protean logo ef9ca\" \/><\/p>\n<h1 class=\"product-name\">Toplotna pumpa PROTEAN&nbsp;split R32<\/h1>\n<p>Grejanje &#038; hla\u0111enje &#038; topla voda, sa kompletnim inovativnim re\u0161enjima.<br \/>Visoka efikasnost i u\u0161teda energije: GMCC &#8211; pouzdani izvo\u0111a\u010d DC inverter kompresora, najvi\u0161i SCOP je 4.82.<br \/>Visoko efikasan izmenjiva\u010d toplote L-tipa: zapremina vazduha je pove\u0107ana za 8% zahvaljuju\u0107i naprednoj 3-D dinami\u010dkoj analizi i dizajnu putanje unakrsnog protoka. Hidrofilna antikorozivna rebra pove\u0107avaju efikasnost prenosa toplote za 6%. Talasasta peraja &#8211; primena cevi unutra\u0161njeg navoja sa 10% ve\u0107om efikasno\u0161\u0107u razmene toplote.<br \/>Inverter modulacioni motor ventilatora &#8211; kontunuelna regulacija protoka vazduha, precizna kontrola.<br \/>Anti-bakterijski mod.<br \/>Nizak nivo buke.<br \/>Kontrola 3 zone &#8211; mogu\u0107nost povezivanja tri zone u isto vreme, sa razli\u010ditim kontrolama temperature u razli\u010ditim zonama.<\/p>\n<p><img decoding=\"async\" src=\"images\/Protean_split_-_2_100f2.png\" alt=\"Protean split 2 100f2\" \/><\/p>\n<p><img decoding=\"async\" src=\"images\/Protean_split_4f63a.png\" alt=\"Protean split 4f63a\" \/><\/p>","protected":false},"excerpt":{"rendered":"<p><img decoding=\"async\" src=\"images\/Protean_logo_ef9ca.png\" alt=\"Protean logo ef9ca\" \/><\/p>","protected":false},"featured_media":17284,"template":"","meta":[],"product_brand":[4362],"product_cat":[4335],"product_tag":[],"class_list":{"0":"post-17283","1":"product","2":"type-product","3":"status-publish","4":"has-post-thumbnail","6":"product_brand-protean","7":"product_cat-toplotne-pumpe","9":"first","10":"instock","11":"purchasable","12":"product-type-simple"},"_links":{"self":[{"href":"https:\/\/hidroterm.dmcsrbija.com\/ru\/wp-json\/wp\/v2\/product\/17283","targetHints":{"allow":["GET"]}}],"collection":[{"href":"https:\/\/hidroterm.dmcsrbija.com\/ru\/wp-json\/wp\/v2\/product"}],"about":[{"href":"https:\/\/hidroterm.dmcsrbija.com\/ru\/wp-json\/wp\/v2\/types\/product"}],"wp:featuredmedia":[{"embeddable":true,"href":"https:\/\/hidroterm.dmcsrbija.com\/ru\/wp-json\/wp\/v2\/media\/17284"}],"wp:attachment":[{"href":"https:\/\/hidroterm.dmcsrbija.com\/ru\/wp-json\/wp\/v2\/media?parent=17283"}],"wp:term":[{"taxonomy":"product_brand","embeddable":true,"href":"https:\/\/hidroterm.dmcsrbija.com\/ru\/wp-json\/wp\/v2\/product_brand?post=17283"},{"taxonomy":"product_cat","embeddable":true,"href":"https:\/\/hidroterm.dmcsrbija.com\/ru\/wp-json\/wp\/v2\/product_cat?post=17283"},{"taxonomy":"product_tag","embeddable":true,"href":"https:\/\/hidroterm.dmcsrbija.com\/ru\/wp-json\/wp\/v2\/product_tag?post=17283"}],"curies":[{"name":"wp","href":"https:\/\/api.w.org\/{rel}","templated":true}]}}