{"id":17279,"date":"2025-07-15T11:05:09","date_gmt":"2025-07-15T09:05:09","guid":{"rendered":"https:\/\/foxit-technology.com\/proizvod\/kotao-sukoplam-vent\/"},"modified":"2025-10-01T14:52:07","modified_gmt":"2025-10-01T12:52:07","slug":"kotao-sukoplam-vent","status":"publish","type":"product","link":"https:\/\/hidroterm.dmcsrbija.com\/ru\/proizvod\/kotao-sukoplam-vent\/","title":{"rendered":"Kotao \u0160ukoplam VENT"},"content":{"rendered":"<p>Kotlovi \u0160ukoplam VENT dostupni su u dve izvedbe:<\/p>\n<p>* raspona snage 24-90kW &#8211; modifikovana verzija familije \u0160ukoplam R,<\/p>\n<p>* raspona snage 90-1100kW &#8211; modifikovana verzija familije \u0160ukoplam 100-1000kW,<\/p>\n<p>Standardni kotlovi prilago\u0111eni su za sagorevanje komadnog goriva i zrnaste biomase (pelet, ko\u0161tice vo\u0107a, ugljevi manje granulacije).<\/p>\n<p>&nbsp;<\/p>\n<p>Kotao je tropromajni, sa dve vodom hla\u0111ene pregrade i cevnim snopom, \u0161to dovodi do maksimalnih performansi i u\u010dinkovitosti.<\/p>\n<p>\u0160ukoplam VENT namenjen je proizvodnji tople vode u re\u017eimu 90\/70 C, kao i 110\/90 C, oja\u010dane konstrukcije i ugra\u0111enim debljim materijalima, max radnog pritiska od 3 bar.<\/p>\n<\/p>\n<p>&nbsp;<\/p>\n<p><strong><span style=\"color: #ff0000;\">GEFF subvencija<\/span><\/strong> pokriva kotao.<\/p>\n<p><img decoding=\"async\" src=\"images\/Sukoplam_vent_-_2_5db7f.png\" alt=\"Sukoplam vent 2 5db7f\" \/><\/p>","protected":false},"excerpt":{"rendered":"<p><img decoding=\"async\" src=\"images\/Sukoplam_vent_-_2_5db7f.png\" alt=\"Sukoplam vent 2 5db7f\" \/><\/p><\/p>","protected":false},"featured_media":17280,"template":"","meta":[],"product_brand":[4200],"product_cat":[4193,4189],"product_tag":[],"class_list":{"0":"post-17279","1":"product","2":"type-product","3":"status-publish","4":"has-post-thumbnail","6":"product_brand-sukom","7":"product_cat-celicni-kotlovi","8":"product_cat-kotlovi-na-cvrsto-gorivo","10":"first","11":"instock","12":"purchasable","13":"product-type-simple"},"_links":{"self":[{"href":"https:\/\/hidroterm.dmcsrbija.com\/ru\/wp-json\/wp\/v2\/product\/17279","targetHints":{"allow":["GET"]}}],"collection":[{"href":"https:\/\/hidroterm.dmcsrbija.com\/ru\/wp-json\/wp\/v2\/product"}],"about":[{"href":"https:\/\/hidroterm.dmcsrbija.com\/ru\/wp-json\/wp\/v2\/types\/product"}],"wp:featuredmedia":[{"embeddable":true,"href":"https:\/\/hidroterm.dmcsrbija.com\/ru\/wp-json\/wp\/v2\/media\/17280"}],"wp:attachment":[{"href":"https:\/\/hidroterm.dmcsrbija.com\/ru\/wp-json\/wp\/v2\/media?parent=17279"}],"wp:term":[{"taxonomy":"product_brand","embeddable":true,"href":"https:\/\/hidroterm.dmcsrbija.com\/ru\/wp-json\/wp\/v2\/product_brand?post=17279"},{"taxonomy":"product_cat","embeddable":true,"href":"https:\/\/hidroterm.dmcsrbija.com\/ru\/wp-json\/wp\/v2\/product_cat?post=17279"},{"taxonomy":"product_tag","embeddable":true,"href":"https:\/\/hidroterm.dmcsrbija.com\/ru\/wp-json\/wp\/v2\/product_tag?post=17279"}],"curies":[{"name":"wp","href":"https:\/\/api.w.org\/{rel}","templated":true}]}}