{"id":17275,"date":"2025-07-15T11:04:58","date_gmt":"2025-07-15T09:04:58","guid":{"rendered":"https:\/\/foxit-technology.com\/proizvod\/gasni-kotao-vaillant-ecotec-intro-kondenzacioni\/"},"modified":"2025-07-15T11:05:06","modified_gmt":"2025-07-15T09:05:06","slug":"gasni-kotao-vaillant-ecotec-intro-kondenzacioni","status":"publish","type":"product","link":"https:\/\/hidroterm.dmcsrbija.com\/ru\/proizvod\/gasni-kotao-vaillant-ecotec-intro-kondenzacioni\/","title":{"rendered":"Gasni kotao Vaillant ecoTEC intro &#8211; kondenzacioni"},"content":{"rendered":"<div class=\"productdetail--headlines\">\n<h1 data-index-field=\"meta_product_headline\">ecoTEC intro<\/h1>\n<h2 data-index-field=\"meta_product_subheadline\">Visokoefikasni kondenzacioni gasni kotao za grejanje i pripremu tople vode<\/h2>\n<\/div>\n<div class=\"box--text box--product productdetail--details\">\n<ul data-index-field=\"text\">\n<li data-index-fields=\"meta_product_usps\">U\u0161teda gasa do 30% u odnosu na stari nekondenzacioni kotao<\/li>\n<li data-index-fields=\"meta_product_usps\">Pouzdan i robustan izmenjiva\u010d toplote od ner\u0111aju\u0107eg \u010delika<\/li>\n<li data-index-fields=\"meta_product_usps\">Jedan od najmanjih kondenzacionih kotlova iz svog segmenta<\/li>\n<li data-index-fields=\"meta_product_usps\">Novi multifunkcionalni displej za jednostavno upravljanje grejanjem i pripremom tople vode<\/li>\n<\/ul>\n<p>&#8212;&#8212;&#8212;&#8212;&#8212;&#8212;&#8212;&#8212;&#8212;&#8212;&#8212;&#8212;&#8212;&#8212;&#8212;&#8212;&#8212;&#8212;&#8212;&#8212;&#8212;&#8212;&#8212;&#8212;-<\/p>\n<p><span style=\"color: #ff0000;\">Tehni\u010dke karakteristike:&nbsp;<\/span><\/p>\n<p>VAILLANT Kondenzacioni gasni kotao ecoTEC Intro 18\/24 AS\/1-1, kombinovani<\/p>\n<p><strong>Snaga &#8211; re\u017eim grejanja (pri 50\/30 \u00b0C):<\/strong>&nbsp;6,6 do 20,0 kW<\/p>\n<p><strong>Snaga &#8211; re\u017eim grejanja (pri 75\/55 \u00b0C):<\/strong>&nbsp;6 do 18,3 kW<\/p>\n<p><strong>Temperatura grejanja:<\/strong>&nbsp;35 do 75 \u00b0C<\/p>\n<p><strong>Podru\u010dje izlazne temp. tople vode:<\/strong>&nbsp;35 do 55 \u00b0C<\/p>\n<p><strong>Koli\u010dina vode pri DT 30 K:<\/strong>&nbsp;11,5 l\/min<\/p>\n<p>&nbsp;<\/p>\n<p>VAILLANT Kondenzacioni gasni kotao ecoTEC Intro 24\/28 AS\/1-1, kombinovani<\/p>\n<p><strong>Snaga &#8211; re\u017eim grejanja (pri 50\/30 \u00b0C):<\/strong>&nbsp;7,7 do 25,9 kW<\/p>\n<p><strong>Snaga &#8211; re\u017eim grejanja (pri 75\/55 \u00b0C):<\/strong>&nbsp;6,9 do23,9 kW<\/p>\n<p><strong>Temperatura grejanja:<\/strong>&nbsp;35 do 75 \u00b0C<\/p>\n<p><strong>Podru\u010dje izlazne temp. tople vode:<\/strong>&nbsp;35 do 55 \u00b0C<\/p>\n<p><strong>Koli\u010dina vode pri DT 30 K:<\/strong>&nbsp;13,4 l\/min<\/p>\n<\/div>","protected":false},"excerpt":{"rendered":"<div class=\"productdetail--headlines\">&nbsp;<\/div>\n<div class=\"box--text box--product productdetail--details\">&nbsp;<\/div>","protected":false},"featured_media":17276,"template":"","meta":[],"product_brand":[4226],"product_cat":[4231,4228],"product_tag":[],"class_list":{"0":"post-17275","1":"product","2":"type-product","3":"status-publish","4":"has-post-thumbnail","6":"product_brand-vaillant","7":"product_cat-kondenzacioni-kotlovi","8":"product_cat-kotlovi-na-gas","10":"first","11":"instock","12":"purchasable","13":"product-type-simple"},"_links":{"self":[{"href":"https:\/\/hidroterm.dmcsrbija.com\/ru\/wp-json\/wp\/v2\/product\/17275","targetHints":{"allow":["GET"]}}],"collection":[{"href":"https:\/\/hidroterm.dmcsrbija.com\/ru\/wp-json\/wp\/v2\/product"}],"about":[{"href":"https:\/\/hidroterm.dmcsrbija.com\/ru\/wp-json\/wp\/v2\/types\/product"}],"wp:featuredmedia":[{"embeddable":true,"href":"https:\/\/hidroterm.dmcsrbija.com\/ru\/wp-json\/wp\/v2\/media\/17276"}],"wp:attachment":[{"href":"https:\/\/hidroterm.dmcsrbija.com\/ru\/wp-json\/wp\/v2\/media?parent=17275"}],"wp:term":[{"taxonomy":"product_brand","embeddable":true,"href":"https:\/\/hidroterm.dmcsrbija.com\/ru\/wp-json\/wp\/v2\/product_brand?post=17275"},{"taxonomy":"product_cat","embeddable":true,"href":"https:\/\/hidroterm.dmcsrbija.com\/ru\/wp-json\/wp\/v2\/product_cat?post=17275"},{"taxonomy":"product_tag","embeddable":true,"href":"https:\/\/hidroterm.dmcsrbija.com\/ru\/wp-json\/wp\/v2\/product_tag?post=17275"}],"curies":[{"name":"wp","href":"https:\/\/api.w.org\/{rel}","templated":true}]}}