{"id":17273,"date":"2025-07-15T11:04:58","date_gmt":"2025-07-15T09:04:58","guid":{"rendered":"https:\/\/foxit-technology.com\/proizvod\/elektricni-kotao-ekopan-plus-eko-mks-mini-kotlarnica-samostojeca\/"},"modified":"2025-07-15T11:05:05","modified_gmt":"2025-07-15T09:05:05","slug":"elektricni-kotao-ekopan-plus-eko-mks-mini-kotlarnica-samostojeca","status":"publish","type":"product","link":"https:\/\/hidroterm.dmcsrbija.com\/ru\/proizvod\/elektricni-kotao-ekopan-plus-eko-mks-mini-kotlarnica-samostojeca\/","title":{"rendered":"Elektri\u010dni kotao Ekopan plus EKO MKS mini kotlarnica samostoje\u0107a"},"content":{"rendered":"<p>Elektri\u010dni kompaktan kotao proizvo\u0111a\u010da Ekopan plus je specijalno konstruisana mini kotlarnica kompaktnog tipa u okviru koje su povezani svi elementi blok kotlarnice &#8211; kotao, pumpa, ekspanziona posuda, sigurnosni elementi, termomanometar.&nbsp;<\/p>\n<p>Mini kotlarnice dostupne su u opcijama za radijatorsko ili za podno grejanje&nbsp;&#8211; model MKS je samostoje\u0107a opcija.<\/p>\n<p>Postoji mogu\u0107nost ugradnje sabirnik\/razdelnika ispod, za brojevima krugova po \u017eelji i potrebi korisnika.<\/p>","protected":false},"excerpt":{"rendered":"<p>Elektri\u010dni kompaktan kotao proizvo\u0111a\u010da Ekopan plus je specijalno konstruisana mini kotlarnica kompaktnog tipa u okviru koje su povezani svi elementi blok kotlarnice &#8211; kotao, pumpa, ekspanziona posuda, sigurnosni elementi, termomanometar.&nbsp; Mini kotlarnice dostupne su u opcijama za radijatorsko ili za podno grejanje&nbsp;&#8211; model MKS je samostoje\u0107a opcija. Postoji mogu\u0107nost ugradnje sabirnik\/razdelnika ispod, za brojevima krugova [&hellip;]<\/p>\n","protected":false},"featured_media":17274,"template":"","meta":[],"product_brand":[4361],"product_cat":[4223],"product_tag":[],"class_list":{"0":"post-17273","1":"product","2":"type-product","3":"status-publish","4":"has-post-thumbnail","6":"product_brand-ekopan-plus","7":"product_cat-elektricni-kotlovi","9":"first","10":"instock","11":"purchasable","12":"product-type-simple"},"_links":{"self":[{"href":"https:\/\/hidroterm.dmcsrbija.com\/ru\/wp-json\/wp\/v2\/product\/17273","targetHints":{"allow":["GET"]}}],"collection":[{"href":"https:\/\/hidroterm.dmcsrbija.com\/ru\/wp-json\/wp\/v2\/product"}],"about":[{"href":"https:\/\/hidroterm.dmcsrbija.com\/ru\/wp-json\/wp\/v2\/types\/product"}],"wp:featuredmedia":[{"embeddable":true,"href":"https:\/\/hidroterm.dmcsrbija.com\/ru\/wp-json\/wp\/v2\/media\/17274"}],"wp:attachment":[{"href":"https:\/\/hidroterm.dmcsrbija.com\/ru\/wp-json\/wp\/v2\/media?parent=17273"}],"wp:term":[{"taxonomy":"product_brand","embeddable":true,"href":"https:\/\/hidroterm.dmcsrbija.com\/ru\/wp-json\/wp\/v2\/product_brand?post=17273"},{"taxonomy":"product_cat","embeddable":true,"href":"https:\/\/hidroterm.dmcsrbija.com\/ru\/wp-json\/wp\/v2\/product_cat?post=17273"},{"taxonomy":"product_tag","embeddable":true,"href":"https:\/\/hidroterm.dmcsrbija.com\/ru\/wp-json\/wp\/v2\/product_tag?post=17273"}],"curies":[{"name":"wp","href":"https:\/\/api.w.org\/{rel}","templated":true}]}}