{"id":17258,"date":"2025-07-15T11:04:58","date_gmt":"2025-07-15T09:04:58","guid":{"rendered":"https:\/\/foxit-technology.com\/proizvod\/tesy-bojler-300l-sa-i-izmenjivacem\/"},"modified":"2025-07-15T11:05:00","modified_gmt":"2025-07-15T09:05:00","slug":"tesy-bojler-300l-sa-i-izmenjivacem","status":"publish","type":"product","link":"https:\/\/hidroterm.dmcsrbija.com\/ru\/proizvod\/tesy-bojler-300l-sa-i-izmenjivacem\/","title":{"rendered":"Tesy Bojler 300l sa I izmenjiva\u010dem"},"content":{"rendered":"<p><span data-sheets-value=\"{\" data-sheets-userformat=\"{\">Bojler sa I izmenjiva\u010dem bez el.greja\u010da EV 12 s 300 65 301394&nbsp;<span data-sheets-value=\"{\" data-sheets-userformat=\"{\">&#8211; najbolje se pokazao u kombinaciji sa TESY greja\u010dem do 3 kW monofaznim, koji se mo\u017ee instalirati u donjoj ili srednjoj zoni bojlera (za instalaciju u donjoj zoni potrebna prirubnica sa setom).<\/span><\/span><\/p>\n<p><img decoding=\"async\" src=\"images\/Screenshot_3_b7a98.png\" alt=\"Screenshot_3.png\" \/><img decoding=\"async\" src=\"images\/Screenshot_2_48429.png\" alt=\"Screenshot_2.png\" \/><\/p>\n<p>&nbsp;<\/p>\n<p>&nbsp;<\/p>","protected":false},"excerpt":{"rendered":"<p>Bojler sa I izmenjiva\u010dem bez el.greja\u010da EV 12 s 300 65 301394&nbsp;&#8211; najbolje se pokazao u kombinaciji sa TESY greja\u010dem do 3 kW monofaznim, koji se mo\u017ee instalirati u donjoj ili srednjoj zoni bojlera (za instalaciju u donjoj zoni potrebna prirubnica sa setom). &nbsp; &nbsp;<\/p>","protected":false},"featured_media":17257,"template":"","meta":[],"product_brand":[4347],"product_cat":[4259,4264],"product_tag":[],"class_list":{"0":"post-17258","1":"product","2":"type-product","3":"status-publish","4":"has-post-thumbnail","6":"product_brand-tesy","7":"product_cat-bojleri-i-akumulatori-toplote","8":"product_cat-centralni-bojleri","10":"first","11":"instock","12":"purchasable","13":"product-type-simple"},"_links":{"self":[{"href":"https:\/\/hidroterm.dmcsrbija.com\/ru\/wp-json\/wp\/v2\/product\/17258","targetHints":{"allow":["GET"]}}],"collection":[{"href":"https:\/\/hidroterm.dmcsrbija.com\/ru\/wp-json\/wp\/v2\/product"}],"about":[{"href":"https:\/\/hidroterm.dmcsrbija.com\/ru\/wp-json\/wp\/v2\/types\/product"}],"wp:featuredmedia":[{"embeddable":true,"href":"https:\/\/hidroterm.dmcsrbija.com\/ru\/wp-json\/wp\/v2\/media\/17257"}],"wp:attachment":[{"href":"https:\/\/hidroterm.dmcsrbija.com\/ru\/wp-json\/wp\/v2\/media?parent=17258"}],"wp:term":[{"taxonomy":"product_brand","embeddable":true,"href":"https:\/\/hidroterm.dmcsrbija.com\/ru\/wp-json\/wp\/v2\/product_brand?post=17258"},{"taxonomy":"product_cat","embeddable":true,"href":"https:\/\/hidroterm.dmcsrbija.com\/ru\/wp-json\/wp\/v2\/product_cat?post=17258"},{"taxonomy":"product_tag","embeddable":true,"href":"https:\/\/hidroterm.dmcsrbija.com\/ru\/wp-json\/wp\/v2\/product_tag?post=17258"}],"curies":[{"name":"wp","href":"https:\/\/api.w.org\/{rel}","templated":true}]}}