{"id":17246,"date":"2025-07-15T11:04:45","date_gmt":"2025-07-15T09:04:45","guid":{"rendered":"https:\/\/foxit-technology.com\/proizvod\/pumpa-za-odvod-kondenza\/"},"modified":"2025-12-25T08:09:14","modified_gmt":"2025-12-25T07:09:14","slug":"pumpa-za-odvod-kondenza","status":"publish","type":"product","link":"https:\/\/hidroterm.dmcsrbija.com\/ru\/proizvod\/pumpa-za-odvod-kondenza\/","title":{"rendered":"Pumpa za odvod kondenza"},"content":{"rendered":"<p>Odvla\u017eiva\u010di se mogu koristiti za uklanjanje zaostale vodene pare, ali u podrumima ispod nivoa drena\u017ee gde se obi\u010dno postavljaju ove jedinice, kondenzat se ne mo\u017ee ukloniti prirodnom gravitacionom drena\u017eom i mo\u017ee prouzrokovati o\u0161tec\u0301enja. Zbog toga je potrebno re\u0161enje za podizanje kondenzata u sistemu. Pumpa za uklanjanje kondenzata Conlift je sistem dizajniran da re\u0161i ovaj problem i mo\u017ee da podigne kondenzat do visine do pet metara.<\/p>","protected":false},"excerpt":{"rendered":"<p>Odvla\u017eiva\u010di se mogu koristiti za uklanjanje zaostale vodene pare, ali u podrumima ispod nivoa drena\u017ee gde se obi\u010dno postavljaju ove jedinice, kondenzat se ne mo\u017ee ukloniti prirodnom gravitacionom drena\u017eom i mo\u017ee prouzrokovati o\u0161tec\u0301enja. Zbog toga je potrebno re\u0161enje za podizanje kondenzata u sistemu. Pumpa za uklanjanje kondenzata Conlift je sistem dizajniran da re\u0161i ovaj problem [&hellip;]<\/p>\n","protected":false},"featured_media":17247,"template":"","meta":[],"product_brand":[4282],"product_cat":[4231,4228],"product_tag":[],"class_list":{"0":"post-17246","1":"product","2":"type-product","3":"status-publish","4":"has-post-thumbnail","6":"product_brand-grundfos","7":"product_cat-kondenzacioni-kotlovi","8":"product_cat-kotlovi-na-gas","10":"first","11":"instock","12":"purchasable","13":"product-type-simple"},"_links":{"self":[{"href":"https:\/\/hidroterm.dmcsrbija.com\/ru\/wp-json\/wp\/v2\/product\/17246","targetHints":{"allow":["GET"]}}],"collection":[{"href":"https:\/\/hidroterm.dmcsrbija.com\/ru\/wp-json\/wp\/v2\/product"}],"about":[{"href":"https:\/\/hidroterm.dmcsrbija.com\/ru\/wp-json\/wp\/v2\/types\/product"}],"wp:featuredmedia":[{"embeddable":true,"href":"https:\/\/hidroterm.dmcsrbija.com\/ru\/wp-json\/wp\/v2\/media\/17247"}],"wp:attachment":[{"href":"https:\/\/hidroterm.dmcsrbija.com\/ru\/wp-json\/wp\/v2\/media?parent=17246"}],"wp:term":[{"taxonomy":"product_brand","embeddable":true,"href":"https:\/\/hidroterm.dmcsrbija.com\/ru\/wp-json\/wp\/v2\/product_brand?post=17246"},{"taxonomy":"product_cat","embeddable":true,"href":"https:\/\/hidroterm.dmcsrbija.com\/ru\/wp-json\/wp\/v2\/product_cat?post=17246"},{"taxonomy":"product_tag","embeddable":true,"href":"https:\/\/hidroterm.dmcsrbija.com\/ru\/wp-json\/wp\/v2\/product_tag?post=17246"}],"curies":[{"name":"wp","href":"https:\/\/api.w.org\/{rel}","templated":true}]}}