{"id":17242,"date":"2025-07-15T11:04:45","date_gmt":"2025-07-15T09:04:45","guid":{"rendered":"https:\/\/foxit-technology.com\/proizvod\/cev-pe-rt-evoh-pe-rt-nero-lux\/"},"modified":"2025-07-15T11:04:53","modified_gmt":"2025-07-15T09:04:53","slug":"cev-pe-rt-evoh-pe-rt-nero-lux","status":"publish","type":"product","link":"https:\/\/hidroterm.dmcsrbija.com\/ru\/proizvod\/cev-pe-rt-evoh-pe-rt-nero-lux\/","title":{"rendered":"Cev PE-RT-EVOH-PE-RT Nero Lux"},"content":{"rendered":"<p>Vi\u0161eslojne cevi NERO LUX &#8211; <em><strong><span style=\"color: #ff0000;\">PRVOKLASNA CEV ZA PODNO GREJANJE &#8211; made in EU<\/span><\/strong><\/em><\/p>\n<p>PE-RT II \/ EVOH \/ PE-RT II sastavljene od polietilena otpornog na povi\u0161enu temperaturu sa oksigenskom barijerom kao prevencijom prodiranja kiseonika u unutra\u0161njost instalacije:<\/p>\n<p>(<strong>5-slojna cev<\/strong>)<\/p>\n<p>* PE-RT II &#8211; polietilen koji je otporan na povi\u0161enu temperaturu &#8211;&nbsp;DOWLEX tip smole&nbsp;<\/p>\n<p>* adhezivni sloj &#8211; lepljivo sredstvo&nbsp;<\/p>\n<p>*&nbsp;EVOH &#8211; ethylene-vinyl alcohol copolymer &#8211; antidifuzioni sloj (kiseoni\u010dna barijera)<\/p>\n<p>* adhezivni sloj &#8211; lepljivo sredstvo<\/p>\n<p>* PE-RT II &#8211; polietilen koji je otporan na povi\u0161enu temperaturu &#8211;&nbsp;DOWLEX tip smole<\/p>\n<p>&nbsp;<\/p>\n<p><img decoding=\"async\" src=\"images\/PERT-ad-eVOH-ad-PERT_4dffc.png\" alt=\"PERT ad eVOH ad PERT 4dffc\" \/><\/p>\n<p>&nbsp;<\/p>\n<p><strong><span style=\"color: #ff0000;\">* PROIZVODNJA EU &#8211; evropsko poreklo<\/span><\/strong><\/p>\n<p>Kvalitet je garantovan&nbsp;DIN EN ISO 9001:2008 standardima, EN ISO 21003 i DIN 4726 standardima.&nbsp;<\/p>\n<p><strong><span style=\"color: #0000ff;\">* Garancija: 10 godina.<\/span><\/strong><\/p>\n<p>&nbsp;<\/p>\n<p><strong>Podru\u010dja primene:<\/strong><\/p>\n<p>* niskotemperaturni re\u017eimi grejanja &#8211; povr\u0161insko, podno\/zidno grejanje;<\/p>\n<p>* visokotemperaturni re\u017eimi grejanja &#8211; radijatorsko grejanje;<\/p>\n<p>* sistemi za snabdevanje hladnom vodom.<\/p>\n<p>&nbsp;<\/p>\n<p>DOWLEX PE-RT (Tip II) netokli\u010dna smola zahvaljuju\u0107i svojim pritisnim i toplotnim otpornostima nalazi \u0161iroku primenu u sistemima za grejanje i u sistemima za toplu ili hladnu vodu za pi\u0107e. Stabilnost oblika \u010dini cev izuzetnim izborom za sisteme podnog grejanja.&nbsp;Specijalni aditivi za pove\u0107anje fleksibilnosti i savijanja&nbsp;\u010dine PE-RT fleksibilnijim od PEX-a, \u0161to zna\u010di lak\u0161e i br\u017ee montirane spojnica, ili zna\u010dajnu u\u0161tedu u vremenu. Glatka povr\u0161ina PERT cevi igra&nbsp;bitnu ulogu u smanjivanju gubitaka pritiska i formiranja taloga, tako da cev obezbe\u0111uje dugotrajnu hidrostati\u010dku snagu bez dodatnog umre\u017eavanja potrebnog za PEX, \u0161to posledi\u010dno dovodi do \u010distijeg proizvoda koji bolje ispunjava zahteve u sistemima vode za pi\u0107e. PE-RT Tip I je&nbsp;dobar izbor za podno grejanje, a PE-RT Tip II je univerzalni materijal po izboru kako za podna grejanja, tako i za zahtevnije aplikacije poput radijatorskog grejanja.&nbsp;<\/p>\n<p>&nbsp;&nbsp;<\/p>\n<p><strong>Tehni\u010dke karakteristike:<\/strong><\/p>\n<p>* koeficijent toplotne provodljivosti: 0.4 W\/mK<\/p>\n<p>* sposobnost gu\u0161enja vibracija &#8211; otpornost do hidrauli\u010dkog udara<\/p>\n<p>* visoka elasti\u010dnost: min. radijus savijanja je 5x spoljni pre\u010dnik cevi<\/p>\n<p>* vek trajanja: 50 godina<\/p>\n<p>* <strong><span style=\"color: #ff0000;\">GREJANJE:&nbsp;max. 6 bar and 90\u00b0C<\/span><\/strong><\/p>\n<p>* Instalacije HLA\u0110ENJA: (e.g. 5\/12\u00b0C), na 10 bar<\/p>\n<pre>&nbsp;<\/pre>","protected":false},"excerpt":{"rendered":"<p>&nbsp;<\/p>\n<p>&nbsp;<\/p>","protected":false},"featured_media":17243,"template":"","meta":[],"product_brand":[4338],"product_cat":[4272,4271],"product_tag":[],"class_list":{"0":"post-17242","1":"product","2":"type-product","3":"status-publish","4":"has-post-thumbnail","6":"product_brand-nero","7":"product_cat-pex-al-pex-cevi","8":"product_cat-podno-grejanje","10":"first","11":"instock","12":"purchasable","13":"product-type-simple"},"_links":{"self":[{"href":"https:\/\/hidroterm.dmcsrbija.com\/ru\/wp-json\/wp\/v2\/product\/17242","targetHints":{"allow":["GET"]}}],"collection":[{"href":"https:\/\/hidroterm.dmcsrbija.com\/ru\/wp-json\/wp\/v2\/product"}],"about":[{"href":"https:\/\/hidroterm.dmcsrbija.com\/ru\/wp-json\/wp\/v2\/types\/product"}],"wp:featuredmedia":[{"embeddable":true,"href":"https:\/\/hidroterm.dmcsrbija.com\/ru\/wp-json\/wp\/v2\/media\/17243"}],"wp:attachment":[{"href":"https:\/\/hidroterm.dmcsrbija.com\/ru\/wp-json\/wp\/v2\/media?parent=17242"}],"wp:term":[{"taxonomy":"product_brand","embeddable":true,"href":"https:\/\/hidroterm.dmcsrbija.com\/ru\/wp-json\/wp\/v2\/product_brand?post=17242"},{"taxonomy":"product_cat","embeddable":true,"href":"https:\/\/hidroterm.dmcsrbija.com\/ru\/wp-json\/wp\/v2\/product_cat?post=17242"},{"taxonomy":"product_tag","embeddable":true,"href":"https:\/\/hidroterm.dmcsrbija.com\/ru\/wp-json\/wp\/v2\/product_tag?post=17242"}],"curies":[{"name":"wp","href":"https:\/\/api.w.org\/{rel}","templated":true}]}}