{"id":17238,"date":"2025-07-15T11:04:45","date_gmt":"2025-07-15T09:04:45","guid":{"rendered":"https:\/\/foxit-technology.com\/proizvod\/toplotna-pumpa-monoblok-vazduh-voda-lg\/"},"modified":"2025-07-15T11:04:51","modified_gmt":"2025-07-15T09:04:51","slug":"toplotna-pumpa-monoblok-vazduh-voda-lg","status":"publish","type":"product","link":"https:\/\/hidroterm.dmcsrbija.com\/ru\/proizvod\/toplotna-pumpa-monoblok-vazduh-voda-lg\/","title":{"rendered":"Toplotna pumpa monoblok vazduh\/voda LG"},"content":{"rendered":"<p>Toplotna pumpa vazduh\/voda LG u monoblok izvedbi Therma V idealna je za postoje\u0107e radijatorsko grejanje zahvaljuju\u0107i svojoj glavnoj performansi &#8211; max. temperaturi polazne vode od 65\u00b0C i konstatnim kapacitetom do spoljne temperature od -7\u00b0C. Unapredjenim sistemom kontrole uredjaja omogu\u0107eno je vodjenje dva kruga grejanja, uz mogu\u0107nost klizanja polazne temperature vode prema spolja\u0161njoj temperaturi. Pouzdanost i efikasnost potvrdjena je i na ekstremno niskim temperaturama do -25\u00b0C. Spiralnim &#8220;Scroll&#8221; kompresorom pobolj\u0161ano je nagibno kretanje spirale \u010dime se dodatno dobija na efikasnosti i performansama. Za upravljanje sistemom grejanja, dostupna je LG aplikacija&nbsp;SmartThinQ\u2122.<\/p>\n<p>&nbsp;<\/p>\n<p>Pogodna kako za radijatorsko, tako i za podno grejanje, kao i hla\u0111enje fan coil jedinicama. Vo\u0111enje i priprema PTV sa opcionim bojlerom<\/p>","protected":false},"excerpt":{"rendered":"<p>Toplotna pumpa LG vazduh\/voda sa freonom R32.<\/p>","protected":false},"featured_media":17239,"template":"","meta":[],"product_brand":[],"product_cat":[4335],"product_tag":[],"class_list":{"0":"post-17238","1":"product","2":"type-product","3":"status-publish","4":"has-post-thumbnail","6":"product_cat-toplotne-pumpe","8":"first","9":"instock","10":"purchasable","11":"product-type-simple"},"_links":{"self":[{"href":"https:\/\/hidroterm.dmcsrbija.com\/ru\/wp-json\/wp\/v2\/product\/17238","targetHints":{"allow":["GET"]}}],"collection":[{"href":"https:\/\/hidroterm.dmcsrbija.com\/ru\/wp-json\/wp\/v2\/product"}],"about":[{"href":"https:\/\/hidroterm.dmcsrbija.com\/ru\/wp-json\/wp\/v2\/types\/product"}],"wp:featuredmedia":[{"embeddable":true,"href":"https:\/\/hidroterm.dmcsrbija.com\/ru\/wp-json\/wp\/v2\/media\/17239"}],"wp:attachment":[{"href":"https:\/\/hidroterm.dmcsrbija.com\/ru\/wp-json\/wp\/v2\/media?parent=17238"}],"wp:term":[{"taxonomy":"product_brand","embeddable":true,"href":"https:\/\/hidroterm.dmcsrbija.com\/ru\/wp-json\/wp\/v2\/product_brand?post=17238"},{"taxonomy":"product_cat","embeddable":true,"href":"https:\/\/hidroterm.dmcsrbija.com\/ru\/wp-json\/wp\/v2\/product_cat?post=17238"},{"taxonomy":"product_tag","embeddable":true,"href":"https:\/\/hidroterm.dmcsrbija.com\/ru\/wp-json\/wp\/v2\/product_tag?post=17238"}],"curies":[{"name":"wp","href":"https:\/\/api.w.org\/{rel}","templated":true}]}}