{"id":17234,"date":"2025-07-15T11:04:45","date_gmt":"2025-07-15T09:04:45","guid":{"rendered":"https:\/\/foxit-technology.com\/proizvod\/elektricni-kotao-ekopan-plus-eko-mk-mini-kotlarnica\/"},"modified":"2025-07-15T11:04:50","modified_gmt":"2025-07-15T09:04:50","slug":"elektricni-kotao-ekopan-plus-eko-mk-mini-kotlarnica","status":"publish","type":"product","link":"https:\/\/hidroterm.dmcsrbija.com\/ru\/proizvod\/elektricni-kotao-ekopan-plus-eko-mk-mini-kotlarnica\/","title":{"rendered":"Elektri\u010dni kotao Ekopan plus EKO MK mini kotlarnica"},"content":{"rendered":"<p>Elektri\u010dni kompaktan kotao proizvo\u0111a\u010da Ekopan plus je specijalno konstruisana mini kotlarnica kompaktnog tipa u okviru koje su povezani svi elementi blok kotlarnice &#8211; kotao, pumpa, ekspanziona posuda, sigurnosni elementi, termomanometar.&nbsp;<\/p>\n<p>Mini kotlarnice dostupne su u opcijama za radijatorsko ili za podno grejanje sa izvodima odozdo.&nbsp;<\/p>\n<p>Postoji mogu\u0107nost ugradnje sabirnik\/razdelnika ispod, za brojevima krugova po \u017eelji i potrebi korisnika.<\/p>","protected":false},"excerpt":{"rendered":"<p>Elektri\u010dni kompaktan kotao proizvo\u0111a\u010da Ekopan plus je specijalno konstruisana mini kotlarnica kompaktnog tipa u okviru koje su povezani svi elementi blok kotlarnice &#8211; kotao, pumpa, ekspanziona posuda, sigurnosni elementi, termomanometar.&nbsp; Mini kotlarnice dostupne su u opcijama za radijatorsko ili za podno grejanje sa izvodima odozdo.&nbsp; Postoji mogu\u0107nost ugradnje sabirnik\/razdelnika ispod, za brojevima krugova po \u017eelji [&hellip;]<\/p>\n","protected":false},"featured_media":17235,"template":"","meta":[],"product_brand":[4361],"product_cat":[4223],"product_tag":[],"class_list":{"0":"post-17234","1":"product","2":"type-product","3":"status-publish","4":"has-post-thumbnail","6":"product_brand-ekopan-plus","7":"product_cat-elektricni-kotlovi","9":"first","10":"instock","11":"purchasable","12":"product-type-simple"},"_links":{"self":[{"href":"https:\/\/hidroterm.dmcsrbija.com\/ru\/wp-json\/wp\/v2\/product\/17234","targetHints":{"allow":["GET"]}}],"collection":[{"href":"https:\/\/hidroterm.dmcsrbija.com\/ru\/wp-json\/wp\/v2\/product"}],"about":[{"href":"https:\/\/hidroterm.dmcsrbija.com\/ru\/wp-json\/wp\/v2\/types\/product"}],"wp:featuredmedia":[{"embeddable":true,"href":"https:\/\/hidroterm.dmcsrbija.com\/ru\/wp-json\/wp\/v2\/media\/17235"}],"wp:attachment":[{"href":"https:\/\/hidroterm.dmcsrbija.com\/ru\/wp-json\/wp\/v2\/media?parent=17234"}],"wp:term":[{"taxonomy":"product_brand","embeddable":true,"href":"https:\/\/hidroterm.dmcsrbija.com\/ru\/wp-json\/wp\/v2\/product_brand?post=17234"},{"taxonomy":"product_cat","embeddable":true,"href":"https:\/\/hidroterm.dmcsrbija.com\/ru\/wp-json\/wp\/v2\/product_cat?post=17234"},{"taxonomy":"product_tag","embeddable":true,"href":"https:\/\/hidroterm.dmcsrbija.com\/ru\/wp-json\/wp\/v2\/product_tag?post=17234"}],"curies":[{"name":"wp","href":"https:\/\/api.w.org\/{rel}","templated":true}]}}