{"id":17232,"date":"2025-07-15T11:04:45","date_gmt":"2025-07-15T09:04:45","guid":{"rendered":"https:\/\/foxit-technology.com\/proizvod\/elektricni-kotao-ekopan-plus-eko-tek-obican\/"},"modified":"2025-07-15T11:04:50","modified_gmt":"2025-07-15T09:04:50","slug":"elektricni-kotao-ekopan-plus-eko-tek-obican","status":"publish","type":"product","link":"https:\/\/hidroterm.dmcsrbija.com\/ru\/proizvod\/elektricni-kotao-ekopan-plus-eko-tek-obican\/","title":{"rendered":"Elektri\u010dni kotao Ekopan plus Eko Tek obi\u010dan"},"content":{"rendered":"<p>El. kotlovi proizvo\u0111a\u010da Ekopan Plus dizajnirani su u malim dimenzijama, zidni, za savr\u0161eno uklapanje u male prostore.<\/p>\n<p>Napojni i povratni vod na kotlu mogu biti sa bilo koje bo\u010dne strane, prema zahtevu korisnika &#8211; do snage 18kW priklju\u010dak je 1&#8243;, a od 24kW priklju\u010dak je 5\/4&#8243;.<\/p>\n<p>Kotao je oblo\u017een kvalitetnom izolacijom \u010dime se spre\u010davaju gubici toplote i omogu\u0107ava optimalan toplotni u\u010dinak.<\/p>\n<p>Automatika u okviru koje su sme\u0161teni termostati kontroli\u0161e radne parametre vode unutar sistema.<\/p>\n<p>Grupa greja\u010da je potopljena, a strujna grupa sa Siemens kontraktorima pertineksom je izdvojena od metalnih delova i sa greja\u010dima povezana silikonskim provodnicima.<\/p>\n<p>Kotlovi su obi\u010dni, bez pumpe i posude.<\/p>","protected":false},"excerpt":{"rendered":"<p>El. kotlovi proizvo\u0111a\u010da Ekopan Plus dizajnirani su u malim dimenzijama, zidni, za savr\u0161eno uklapanje u male prostore. Napojni i povratni vod na kotlu mogu biti sa bilo koje bo\u010dne strane, prema zahtevu korisnika &#8211; do snage 18kW priklju\u010dak je 1&#8243;, a od 24kW priklju\u010dak je 5\/4&#8243;. Kotao je oblo\u017een kvalitetnom izolacijom \u010dime se spre\u010davaju gubici [&hellip;]<\/p>\n","protected":false},"featured_media":17233,"template":"","meta":[],"product_brand":[4361],"product_cat":[4223],"product_tag":[],"class_list":{"0":"post-17232","1":"product","2":"type-product","3":"status-publish","4":"has-post-thumbnail","6":"product_brand-ekopan-plus","7":"product_cat-elektricni-kotlovi","9":"first","10":"instock","11":"purchasable","12":"product-type-simple"},"_links":{"self":[{"href":"https:\/\/hidroterm.dmcsrbija.com\/ru\/wp-json\/wp\/v2\/product\/17232","targetHints":{"allow":["GET"]}}],"collection":[{"href":"https:\/\/hidroterm.dmcsrbija.com\/ru\/wp-json\/wp\/v2\/product"}],"about":[{"href":"https:\/\/hidroterm.dmcsrbija.com\/ru\/wp-json\/wp\/v2\/types\/product"}],"wp:featuredmedia":[{"embeddable":true,"href":"https:\/\/hidroterm.dmcsrbija.com\/ru\/wp-json\/wp\/v2\/media\/17233"}],"wp:attachment":[{"href":"https:\/\/hidroterm.dmcsrbija.com\/ru\/wp-json\/wp\/v2\/media?parent=17232"}],"wp:term":[{"taxonomy":"product_brand","embeddable":true,"href":"https:\/\/hidroterm.dmcsrbija.com\/ru\/wp-json\/wp\/v2\/product_brand?post=17232"},{"taxonomy":"product_cat","embeddable":true,"href":"https:\/\/hidroterm.dmcsrbija.com\/ru\/wp-json\/wp\/v2\/product_cat?post=17232"},{"taxonomy":"product_tag","embeddable":true,"href":"https:\/\/hidroterm.dmcsrbija.com\/ru\/wp-json\/wp\/v2\/product_tag?post=17232"}],"curies":[{"name":"wp","href":"https:\/\/api.w.org\/{rel}","templated":true}]}}