{"id":17224,"date":"2025-07-15T11:04:45","date_gmt":"2025-07-15T09:04:45","guid":{"rendered":"https:\/\/foxit-technology.com\/proizvod\/cevni-registar-mat-crni-bauger\/"},"modified":"2025-07-15T11:04:48","modified_gmt":"2025-07-15T09:04:48","slug":"cevni-registar-mat-crni-bauger","status":"publish","type":"product","link":"https:\/\/hidroterm.dmcsrbija.com\/ru\/proizvod\/cevni-registar-mat-crni-bauger\/","title":{"rendered":"Cevni registar-mat crni BAUGER"},"content":{"rendered":"<p>Bauger crni kupatilski radijatori (su\u0161a\u010di) izuzetno su prakti\u010dni i multifunkcionalni proizvodi koji, zahvaljuju\u0107i svojoj konstrukciji, istovremeno zagrevaju kupatilo, ali i su\u0161e pe\u0161kire i garderobu. Poseduju sve prednosti radijatorskog grejanja, uz dodatnu prednost su\u0161enja svih vrsta tkanina.<\/p>\n<p>Bauger su\u0161a\u010di doprinose higijeni kupatila, jer grejanjem prostora i brzim su\u0161enjem pe\u0161kira i garderobe smanjuju mogu\u0107nost pojave vlage i bu\u0111i, ali i razli\u010ditih gljivica i bakterija, \u010dime spre\u010davaju brojna \u0161tetna i ne\u017eeljena dejstva po vas i prostor u kojem boravite.<\/p>","protected":false},"excerpt":{"rendered":"<p>Bauger crni kupatilski radijatori (su\u0161a\u010di) izuzetno su prakti\u010dni i multifunkcionalni proizvodi koji, zahvaljuju\u0107i svojoj konstrukciji, istovremeno zagrevaju kupatilo, ali i su\u0161e pe\u0161kire i garderobu. Poseduju sve prednosti radijatorskog grejanja, uz dodatnu prednost su\u0161enja svih vrsta tkanina. Bauger su\u0161a\u010di doprinose higijeni kupatila, jer grejanjem prostora i brzim su\u0161enjem pe\u0161kira i garderobe smanjuju mogu\u0107nost pojave vlage i [&hellip;]<\/p>\n","protected":false},"featured_media":17225,"template":"","meta":[],"product_brand":[4316],"product_cat":[4247,4237],"product_tag":[],"class_list":{"0":"post-17224","1":"product","2":"type-product","3":"status-publish","4":"has-post-thumbnail","6":"product_brand-bauger","7":"product_cat-cevasti-radijatori","8":"product_cat-radijatori","10":"first","11":"instock","12":"purchasable","13":"product-type-simple"},"_links":{"self":[{"href":"https:\/\/hidroterm.dmcsrbija.com\/ru\/wp-json\/wp\/v2\/product\/17224","targetHints":{"allow":["GET"]}}],"collection":[{"href":"https:\/\/hidroterm.dmcsrbija.com\/ru\/wp-json\/wp\/v2\/product"}],"about":[{"href":"https:\/\/hidroterm.dmcsrbija.com\/ru\/wp-json\/wp\/v2\/types\/product"}],"wp:featuredmedia":[{"embeddable":true,"href":"https:\/\/hidroterm.dmcsrbija.com\/ru\/wp-json\/wp\/v2\/media\/17225"}],"wp:attachment":[{"href":"https:\/\/hidroterm.dmcsrbija.com\/ru\/wp-json\/wp\/v2\/media?parent=17224"}],"wp:term":[{"taxonomy":"product_brand","embeddable":true,"href":"https:\/\/hidroterm.dmcsrbija.com\/ru\/wp-json\/wp\/v2\/product_brand?post=17224"},{"taxonomy":"product_cat","embeddable":true,"href":"https:\/\/hidroterm.dmcsrbija.com\/ru\/wp-json\/wp\/v2\/product_cat?post=17224"},{"taxonomy":"product_tag","embeddable":true,"href":"https:\/\/hidroterm.dmcsrbija.com\/ru\/wp-json\/wp\/v2\/product_tag?post=17224"}],"curies":[{"name":"wp","href":"https:\/\/api.w.org\/{rel}","templated":true}]}}