{"id":17212,"date":"2025-07-15T11:04:45","date_gmt":"2025-07-15T09:04:45","guid":{"rendered":"https:\/\/foxit-technology.com\/proizvod\/kepo-comfort-wood-r\/"},"modified":"2025-09-21T10:26:54","modified_gmt":"2025-09-21T08:26:54","slug":"kepo-comfort-wood-r","status":"publish","type":"product","link":"https:\/\/hidroterm.dmcsrbija.com\/ru\/proizvod\/kepo-comfort-wood-r\/","title":{"rendered":"Kepo Comfort Wood R"},"content":{"rendered":"<h3><span style=\"color: #ff0000; font-size: 14pt;\">Tropromajni kotao KEPO COMFORT WOOD R<\/span><\/h3>\n<p>Odlikuje ih visok kvalitet izrade, veliko iskori\u0161\u0107enje energije i prakti\u010dnost pri eksploataciji.<\/p>\n<ul>\n<li>Lo\u017ei\u0161te kotla je izra\u0111eno od visokokvalitetnog kotlovskog lima debljine 5 mm.<\/li>\n<li>Vrata i lo\u017ei\u0161te su velikih dimenzija \u0161to omogu\u0107ava lo\u017eenje i krupnim komadima ogreva, a sve u cilju postizanja velike autonomije rada izme\u0111u dva lo\u017eenja.<\/li>\n<li>U gornjoj zoni kotla su dva reda horizontalno postavljenih cevastih izmenjiva\u010da toplote, \u0161to rezultira visokim iskori\u0161\u0107enjem energije.<\/li>\n<li>Kotao ima mogu\u0107nost ugradnje gorionika na pelet. U kombinaciji sa dodatnom ugradnjom turbulatora u izmenjiva\u010de toplote dobijate savr\u0161en proizvod za grejanje na pelet.<\/li>\n<li>Mogu\u0107nost otvaranja vrata na levu i desnu stranu.<\/li>\n<li>U lo\u017ei\u0161tu se nalazi vodeni rost od kotlovskih cevi koji slu\u017ei za preuzimanje energije radi bolje efikasnosti.<\/li>\n<li>Mogu\u0107nost ugradnje termi\u010dke za\u0161tite u slu\u010daju pregrevanja.<\/li>\n<li>Velika pepeljara, lak pristup izmenjiva\u010dima toplote i kompletan pribor za \u010di\u0161\u0107enje, zna\u010dajno olak\u0161ava odr\u017eavanje kotla.<\/li>\n<li>Pribor koji se dobija za odr\u017eavanje kotla: d\u017eara\u010d, lopatica za izbacivanje pepela, \u010dista\u010d izmenjiva\u010da toplote.<\/li>\n<li>Kotao je ispitan i sertifikovan po evropskoj normi EN 303-5:2012 proizveden u skladu sa standardom ISO 9001<\/li>\n<\/ul>\n<p>Kepo Comfort Wood R je savr\u0161en izbor za one koji tra\u017ee udobnost i stil u svom prostoru. Ovaj proizvod kombinuje moderni dizajn sa prirodnim materijalima, pru\u017eaju\u0107i izvanrednu estetiku i funkcionalnost.<\/p>\n<h3>Karakteristike proizvoda<\/h3>\n<ul>\n<li>Udobno sedi\u0161te sa visokokvalitetnom drvenom konstrukcijom<\/li>\n<li>Jednostavno odr\u017eavanje i dugotrajnost<\/li>\n<li>Ekolo\u0161ki prihvatljivi materijali<\/li>\n<\/ul>\n<h3>Specifikacije<\/h3>\n<table>\n<tbody>\n<tr>\n<th>Specifikacija<\/th>\n<th>Vrednost<\/th>\n<\/tr>\n<tr>\n<td>Dimenzije<\/td>\n<td>60 x 60 x 75 cm<\/td>\n<\/tr>\n<tr>\n<td>Te\u017eina<\/td>\n<td>15 kg<\/td>\n<\/tr>\n<tr>\n<td>Materijal<\/td>\n<td>Drvo<\/td>\n<\/tr>\n<\/tbody>\n<\/table>\n<h3>Za\u0161to odabrati Kepo Comfort Wood R?<\/h3>\n<ol>\n<li>Elegantan dizajn koji odgovara svakom enterijeru.<\/li>\n<li>Izra\u0111en od prirodnih materijala, bez \u0161tetnih hemikalija.<\/li>\n<li>Idealno za domove, kancelarije i javne prostore.<\/li>\n<\/ol>","protected":false},"excerpt":{"rendered":"<p>Kepo Comfort Wood R nudi spoj udobnosti i stila sa prirodnim materijalima. Idealno re\u0161enje za svaki enterijer.<\/p>","protected":false},"featured_media":17213,"template":"","meta":[],"product_brand":[4209],"product_cat":[4193,4189],"product_tag":[],"class_list":{"0":"post-17212","1":"product","2":"type-product","3":"status-publish","4":"has-post-thumbnail","6":"product_brand-kepo","7":"product_cat-celicni-kotlovi","8":"product_cat-kotlovi-na-cvrsto-gorivo","9":"pa_dimenzije-60-x-60-x-75-cm","11":"first","12":"instock","13":"purchasable","14":"product-type-simple"},"_links":{"self":[{"href":"https:\/\/hidroterm.dmcsrbija.com\/ru\/wp-json\/wp\/v2\/product\/17212","targetHints":{"allow":["GET"]}}],"collection":[{"href":"https:\/\/hidroterm.dmcsrbija.com\/ru\/wp-json\/wp\/v2\/product"}],"about":[{"href":"https:\/\/hidroterm.dmcsrbija.com\/ru\/wp-json\/wp\/v2\/types\/product"}],"wp:featuredmedia":[{"embeddable":true,"href":"https:\/\/hidroterm.dmcsrbija.com\/ru\/wp-json\/wp\/v2\/media\/17213"}],"wp:attachment":[{"href":"https:\/\/hidroterm.dmcsrbija.com\/ru\/wp-json\/wp\/v2\/media?parent=17212"}],"wp:term":[{"taxonomy":"product_brand","embeddable":true,"href":"https:\/\/hidroterm.dmcsrbija.com\/ru\/wp-json\/wp\/v2\/product_brand?post=17212"},{"taxonomy":"product_cat","embeddable":true,"href":"https:\/\/hidroterm.dmcsrbija.com\/ru\/wp-json\/wp\/v2\/product_cat?post=17212"},{"taxonomy":"product_tag","embeddable":true,"href":"https:\/\/hidroterm.dmcsrbija.com\/ru\/wp-json\/wp\/v2\/product_tag?post=17212"}],"curies":[{"name":"wp","href":"https:\/\/api.w.org\/{rel}","templated":true}]}}