{"id":17208,"date":"2025-07-15T11:04:30","date_gmt":"2025-07-15T09:04:30","guid":{"rendered":"https:\/\/foxit-technology.com\/proizvod\/kospel-akumulator-toplote-100-l-za-toplotne-pumpe\/"},"modified":"2025-07-15T11:04:42","modified_gmt":"2025-07-15T09:04:42","slug":"kospel-akumulator-toplote-100-l-za-toplotne-pumpe","status":"publish","type":"product","link":"https:\/\/hidroterm.dmcsrbija.com\/ru\/proizvod\/kospel-akumulator-toplote-100-l-za-toplotne-pumpe\/","title":{"rendered":"KOSPEL Akumulator Toplote  100 l za toplotne pumpe"},"content":{"rendered":"<p>KOSPEL Bafer 100 l&nbsp;<\/p>\n<p>Savr\u0161eno sa instalacijom centralnog grejanja, npr. uz saradnju sa toplotnom pumpom.<\/p>\n<p>&nbsp;<\/p>\n<p>Energetska klasa A<br \/>SVK tampon rezervoar obezbe\u0111uje najvi\u0161u energetsku klasu.<br \/>\u2022 veoma visoka klasa toplotne izolacije smanjuje gubitke toplote do 50%! U pore\u0111enju sa klasom efikasnosti C \u0161tedi do 320 kVh godi\u0161nje<br \/>Visoka toplotna izolacija i estetika<br \/>\u2022 Izolacija klase 65 mm od poliuretanske pene<br \/>\u2022 estetski dizajn i otpornost na mehani\u010dka o\u0161tec\u0301enja po\u0161to je kuc\u0301i\u0161te cilindra napravljeno od \u010dvrstog ABS materijala<br \/>Nenadma\u0161an kvalitet<br \/>\u2022 proizvodi su napravljeni od \u010delika koje su odabrali na\u0161i provereni dobavlja\u010di<br \/>\u2022 svaki ure\u0111aj se podvrgava testovima na curenje i kontroli kvaliteta premaza. Jednostavna instalacija<br \/>\u2022 CH priklju\u010dci usmereni nagore omoguc\u0301avaju lak\u0161e povezivanje sa instalacijom toplotne pumpe<\/p>\n<p>Specifikacija<br \/>Tampon tenk SVK 100<br \/>Ocenjeni kapacitet l 100<br \/>Ocenjen pritisak tenka MPa 0,6<br \/>Ocenjena temperatura \u00b0C 6 &#8211; 95<br \/>Minimalna ohla\u0111ena temperatura vode \u00b0C 6<br \/>Dimenzije: A 906 mm; B 127 MM<br \/>Te\u017eina (bez vode) kg 48<br \/>Garancija: 6 godina<\/p>","protected":false},"excerpt":{"rendered":"<p>KOSPEL Bafer 100 l&nbsp; Savr\u0161eno sa instalacijom centralnog grejanja, npr. uz saradnju sa toplotnom pumpom. &nbsp; Energetska klasa ASVK tampon rezervoar obezbe\u0111uje najvi\u0161u energetsku klasu.\u2022 veoma visoka klasa toplotne izolacije smanjuje gubitke toplote do 50%! U pore\u0111enju sa klasom efikasnosti C \u0161tedi do 320 kVh godi\u0161njeVisoka toplotna izolacija i estetika\u2022 Izolacija klase 65 mm od [&hellip;]<\/p>\n","protected":false},"featured_media":17209,"template":"","meta":[],"product_brand":[4360],"product_cat":[4267,4259],"product_tag":[],"class_list":{"0":"post-17208","1":"product","2":"type-product","3":"status-publish","4":"has-post-thumbnail","6":"product_brand-kospel","7":"product_cat-akumulatori-toplote","8":"product_cat-bojleri-i-akumulatori-toplote","10":"first","11":"instock","12":"purchasable","13":"product-type-simple"},"_links":{"self":[{"href":"https:\/\/hidroterm.dmcsrbija.com\/ru\/wp-json\/wp\/v2\/product\/17208","targetHints":{"allow":["GET"]}}],"collection":[{"href":"https:\/\/hidroterm.dmcsrbija.com\/ru\/wp-json\/wp\/v2\/product"}],"about":[{"href":"https:\/\/hidroterm.dmcsrbija.com\/ru\/wp-json\/wp\/v2\/types\/product"}],"wp:featuredmedia":[{"embeddable":true,"href":"https:\/\/hidroterm.dmcsrbija.com\/ru\/wp-json\/wp\/v2\/media\/17209"}],"wp:attachment":[{"href":"https:\/\/hidroterm.dmcsrbija.com\/ru\/wp-json\/wp\/v2\/media?parent=17208"}],"wp:term":[{"taxonomy":"product_brand","embeddable":true,"href":"https:\/\/hidroterm.dmcsrbija.com\/ru\/wp-json\/wp\/v2\/product_brand?post=17208"},{"taxonomy":"product_cat","embeddable":true,"href":"https:\/\/hidroterm.dmcsrbija.com\/ru\/wp-json\/wp\/v2\/product_cat?post=17208"},{"taxonomy":"product_tag","embeddable":true,"href":"https:\/\/hidroterm.dmcsrbija.com\/ru\/wp-json\/wp\/v2\/product_tag?post=17208"}],"curies":[{"name":"wp","href":"https:\/\/api.w.org\/{rel}","templated":true}]}}