{"id":17204,"date":"2025-07-15T11:04:30","date_gmt":"2025-07-15T09:04:30","guid":{"rendered":"https:\/\/foxit-technology.com\/proizvod\/sobni-termostat-atomic-programski-bezicni-wi-fi\/"},"modified":"2025-07-15T11:04:42","modified_gmt":"2025-07-15T09:04:42","slug":"sobni-termostat-atomic-programski-bezicni-wi-fi","status":"publish","type":"product","link":"https:\/\/hidroterm.dmcsrbija.com\/ru\/proizvod\/sobni-termostat-atomic-programski-bezicni-wi-fi\/","title":{"rendered":"Sobni termostat Atomic programski be\u017ei\u010dni Wi-Fi"},"content":{"rendered":"<p>Digitalni WiFi termostat koristi najnapredniji \u010dip na svetu, sa visoko preciznim unutra\u0161njim NTC senzorom termostata za merenje temperature. Uredjaj za grejanje se automatski uklju\u010duje\/isklju\u010duje kako bise odr\u017eala unutra\u0161nja \u017eeljena sobna temperatura.<\/p>\n<p>Digitalni WiFi termostat ima be\u017ei\u010dnu kontrolu, veliki LCD ekran i prikazuje status radnog re\u017eima (hla\u0111enje\/grejanje\/ventilacija) sobne temperature i pode\u0161ene temperature itd.<\/p>\n<p>Opseg merenja 5-30 stepeni \u00b0C<\/p>","protected":false},"excerpt":{"rendered":"<p>Digitalni WiFi termostat koristi najnapredniji \u010dip na svetu, sa visoko preciznim unutra\u0161njim NTC senzorom termostata za merenje temperature. Uredjaj za grejanje se automatski uklju\u010duje\/isklju\u010duje kako bise odr\u017eala unutra\u0161nja \u017eeljena sobna temperatura. Digitalni WiFi termostat ima be\u017ei\u010dnu kontrolu, veliki LCD ekran i prikazuje status radnog re\u017eima (hla\u0111enje\/grejanje\/ventilacija) sobne temperature i pode\u0161ene temperature itd. Opseg merenja 5-30 [&hellip;]<\/p>\n","protected":false},"featured_media":17205,"template":"","meta":[],"product_brand":[],"product_cat":[4317],"product_tag":[],"class_list":{"0":"post-17204","1":"product","2":"type-product","3":"status-publish","4":"has-post-thumbnail","6":"product_cat-sobni-termostati","8":"first","9":"instock","10":"purchasable","11":"product-type-simple"},"_links":{"self":[{"href":"https:\/\/hidroterm.dmcsrbija.com\/ru\/wp-json\/wp\/v2\/product\/17204","targetHints":{"allow":["GET"]}}],"collection":[{"href":"https:\/\/hidroterm.dmcsrbija.com\/ru\/wp-json\/wp\/v2\/product"}],"about":[{"href":"https:\/\/hidroterm.dmcsrbija.com\/ru\/wp-json\/wp\/v2\/types\/product"}],"wp:featuredmedia":[{"embeddable":true,"href":"https:\/\/hidroterm.dmcsrbija.com\/ru\/wp-json\/wp\/v2\/media\/17205"}],"wp:attachment":[{"href":"https:\/\/hidroterm.dmcsrbija.com\/ru\/wp-json\/wp\/v2\/media?parent=17204"}],"wp:term":[{"taxonomy":"product_brand","embeddable":true,"href":"https:\/\/hidroterm.dmcsrbija.com\/ru\/wp-json\/wp\/v2\/product_brand?post=17204"},{"taxonomy":"product_cat","embeddable":true,"href":"https:\/\/hidroterm.dmcsrbija.com\/ru\/wp-json\/wp\/v2\/product_cat?post=17204"},{"taxonomy":"product_tag","embeddable":true,"href":"https:\/\/hidroterm.dmcsrbija.com\/ru\/wp-json\/wp\/v2\/product_tag?post=17204"}],"curies":[{"name":"wp","href":"https:\/\/api.w.org\/{rel}","templated":true}]}}