{"id":17200,"date":"2025-07-15T11:04:30","date_gmt":"2025-07-15T09:04:30","guid":{"rendered":"https:\/\/foxit-technology.com\/proizvod\/sobni-termostat-auraton-r25-rt-bezicni-programski\/"},"modified":"2025-07-15T11:04:41","modified_gmt":"2025-07-15T09:04:41","slug":"sobni-termostat-auraton-r25-rt-bezicni-programski","status":"publish","type":"product","link":"https:\/\/hidroterm.dmcsrbija.com\/ru\/proizvod\/sobni-termostat-auraton-r25-rt-bezicni-programski\/","title":{"rendered":"Sobni termostat Auraton R25 RT bezicni programski"},"content":{"rendered":"<p>AURATON R25 RT je programski bezicni regulator sobne temperature jednostavan za programiranje. Ima 4 nezavisne, lako podesive temperature &#8211; udobna, ekonomi\u010dna, odmor i protiv zamrzavanja. Ima tri fabri\u010dki pode\u0161ena programa i sedam korisni\u010dki-promenljivih.<\/p>","protected":false},"excerpt":{"rendered":"<p>AURATON R25 RT je programski bezicni regulator sobne temperature jednostavan za programiranje. Ima 4 nezavisne, lako podesive temperature &#8211; udobna, ekonomi\u010dna, odmor i protiv zamrzavanja. Ima tri fabri\u010dki pode\u0161ena programa i sedam korisni\u010dki-promenljivih.<\/p>","protected":false},"featured_media":17201,"template":"","meta":[],"product_brand":[4318],"product_cat":[4317],"product_tag":[],"class_list":{"0":"post-17200","1":"product","2":"type-product","3":"status-publish","4":"has-post-thumbnail","6":"product_brand-auraton","7":"product_cat-sobni-termostati","9":"first","10":"instock","11":"purchasable","12":"product-type-simple"},"_links":{"self":[{"href":"https:\/\/hidroterm.dmcsrbija.com\/ru\/wp-json\/wp\/v2\/product\/17200","targetHints":{"allow":["GET"]}}],"collection":[{"href":"https:\/\/hidroterm.dmcsrbija.com\/ru\/wp-json\/wp\/v2\/product"}],"about":[{"href":"https:\/\/hidroterm.dmcsrbija.com\/ru\/wp-json\/wp\/v2\/types\/product"}],"wp:featuredmedia":[{"embeddable":true,"href":"https:\/\/hidroterm.dmcsrbija.com\/ru\/wp-json\/wp\/v2\/media\/17201"}],"wp:attachment":[{"href":"https:\/\/hidroterm.dmcsrbija.com\/ru\/wp-json\/wp\/v2\/media?parent=17200"}],"wp:term":[{"taxonomy":"product_brand","embeddable":true,"href":"https:\/\/hidroterm.dmcsrbija.com\/ru\/wp-json\/wp\/v2\/product_brand?post=17200"},{"taxonomy":"product_cat","embeddable":true,"href":"https:\/\/hidroterm.dmcsrbija.com\/ru\/wp-json\/wp\/v2\/product_cat?post=17200"},{"taxonomy":"product_tag","embeddable":true,"href":"https:\/\/hidroterm.dmcsrbija.com\/ru\/wp-json\/wp\/v2\/product_tag?post=17200"}],"curies":[{"name":"wp","href":"https:\/\/api.w.org\/{rel}","templated":true}]}}