{"id":17197,"date":"2025-07-15T11:04:30","date_gmt":"2025-07-15T09:04:30","guid":{"rendered":"https:\/\/foxit-technology.com\/proizvod\/vaillant-kondenzacioni-kombinovani-kotao-ecotec-plus-vuw-25-32-cs-1-5-novi-model\/"},"modified":"2025-07-15T11:04:38","modified_gmt":"2025-07-15T09:04:38","slug":"vaillant-kondenzacioni-kombinovani-kotao-ecotec-plus-vuw-25-32-cs-1-5-novi-model","status":"publish","type":"product","link":"https:\/\/hidroterm.dmcsrbija.com\/ru\/proizvod\/vaillant-kondenzacioni-kombinovani-kotao-ecotec-plus-vuw-25-32-cs-1-5-novi-model\/","title":{"rendered":"Vaillant kondenzacioni kombinovani kotao ecoTEC plus VUW 25\/32 CS\/1-5 &#8211; NOVI MODEL"},"content":{"rendered":"<p>Ako tra\u017eite pouzdani sistem za grejanje, koji \u0107e raditi dugi niz godina, uz Vaillantov gasni kondenzacioni kotao ecoTEC plus, mo\u017eete biti sigurni da donosite dobru odluku. Dokazani nema\u010dki kvalitet garantuje dugotrajni rad, a inovativne funkcije pove\u0107avaju efikasnost i pridonose smanjenju tro\u0161kova.<\/p>\n<h2>IoniDetect tehnologija &#8211; budite spremni na promenjivi kvalitet gasa<\/h2>\n<p>Putem \u201eIoniDetect\u201d tehnologije ure\u0111aj direktno meri kvalitet plamena i kontinuirano prilago\u0111ava odnos gasa i vazduha kako bi se osiguralo kvalitetno sagorevanje u svakom trenutku, bez obzira na kvalitet i vrstu gasa, te na taj na\u010din pove\u0107ava efikasnost i smanjuje tro\u0161kove.<\/p>\n<h2>Nadogradite svoj sistem obnovljivim izvorima energije<\/h2>\n<p>Novi ecoTEC plus u kombinaciji sa regulacijom sensoCOMFORT pru\u017ea odr\u017eivo re\u0161enje za grejanje. Optimizovanim upravljanjem sistemom grejanja \u0161tedite vreme i novac, smanjujete tro\u0161kove grejanja te osiguravate da Va\u0161 kondenzacioni kotao radi maksimalno efikasno. Ako \u017eelite pove\u0107ati odr\u017eivost Va\u0161eg sistema, pro\u0161irite ga re\u0161enjima na osnovu obnovljivih izvora energije kao \u0161to su: solarni i fotonaponski sistemi.<\/p>\n<h2>Daljinski upravljajte svojim sistemom grejanja<\/h2>\n<p>Ure\u0111aj je spreman za spajanje na internet komunikacioni modul sensoNET putem kojega je mogu\u0107 daljinski nadzor sistema grejanja, kori\u0161\u0107enjem pametnog telefona i regulatora sensoCOMFORT<\/p>\n<h2>Aqua Comfort na\u010din rada<\/h2>\n<p>Ukoliko \u017eelite da imate maksimalni komfor kori\u0161\u0107enja tople vode kod tzv. &#8220;VUW &#8211; kombi&#8221; modela, aktivirajte funkciju &#8220;Aqua Comfort&#8221;. Ure\u0111aj \u0107e tada uvek dr\u017eati u pripremi toplu sanitarnu vodu.<\/p>\n<h2>Opcija sa integrisanim rezervoarom<\/h2>\n<p>Za doma\u0107instva koja su ograni\u010dena sa prostorom za ugradnju, a imaju pove\u0107ane zahteve za potro\u0161nom toplom vodom, u ponudi je opcija kombinovanog kotla sa integrisanim slojevitim rezervoarom za potro\u0161nu toplu vodu, oznake &#8220;VUI&#8221;. U odnosu na klasi\u010dan model, &#8220;VUI&#8221; model je dublji za svega 198 mm. Tehnologija slojevitog (laminarnog) rezervoara tople vode osigura\u0107e visoki komfor tople vode.<\/p>\n<h2>Upravljanje temperaturom uz ambiSENSE<\/h2>\n<p>Ukoliko \u017eelite da namestite temperaturu za svaku sobu zasebno, ambiSENSE sistem je idealan za Vas. U kombinaciji sa sredi\u0161njom regulacijom i internet modulom mogu\u0107e je upravljati svakom sobom zasebno i putem mobilne aplikacije, \u010dak i kada niste kod ku\u0107e.<\/p>","protected":false},"excerpt":{"rendered":"<p>Ako tra\u017eite pouzdani sistem za grejanje, koji \u0107e raditi dugi niz godina, uz Vaillantov gasni kondenzacioni kotao ecoTEC plus, mo\u017eete biti sigurni da donosite dobru odluku. Dokazani nema\u010dki kvalitet garantuje dugotrajni rad, a inovativne funkcije pove\u0107avaju efikasnost i pridonose smanjenju tro\u0161kova. IoniDetect tehnologija &#8211; budite spremni na promenjivi kvalitet gasa Putem \u201eIoniDetect\u201d tehnologije ure\u0111aj direktno [&hellip;]<\/p>\n","protected":false},"featured_media":17198,"template":"","meta":[],"product_brand":[4226],"product_cat":[4231,4228],"product_tag":[],"class_list":{"0":"post-17197","1":"product","2":"type-product","3":"status-publish","4":"has-post-thumbnail","6":"product_brand-vaillant","7":"product_cat-kondenzacioni-kotlovi","8":"product_cat-kotlovi-na-gas","10":"first","11":"instock","12":"purchasable","13":"product-type-simple"},"_links":{"self":[{"href":"https:\/\/hidroterm.dmcsrbija.com\/ru\/wp-json\/wp\/v2\/product\/17197","targetHints":{"allow":["GET"]}}],"collection":[{"href":"https:\/\/hidroterm.dmcsrbija.com\/ru\/wp-json\/wp\/v2\/product"}],"about":[{"href":"https:\/\/hidroterm.dmcsrbija.com\/ru\/wp-json\/wp\/v2\/types\/product"}],"wp:featuredmedia":[{"embeddable":true,"href":"https:\/\/hidroterm.dmcsrbija.com\/ru\/wp-json\/wp\/v2\/media\/17198"}],"wp:attachment":[{"href":"https:\/\/hidroterm.dmcsrbija.com\/ru\/wp-json\/wp\/v2\/media?parent=17197"}],"wp:term":[{"taxonomy":"product_brand","embeddable":true,"href":"https:\/\/hidroterm.dmcsrbija.com\/ru\/wp-json\/wp\/v2\/product_brand?post=17197"},{"taxonomy":"product_cat","embeddable":true,"href":"https:\/\/hidroterm.dmcsrbija.com\/ru\/wp-json\/wp\/v2\/product_cat?post=17197"},{"taxonomy":"product_tag","embeddable":true,"href":"https:\/\/hidroterm.dmcsrbija.com\/ru\/wp-json\/wp\/v2\/product_tag?post=17197"}],"curies":[{"name":"wp","href":"https:\/\/api.w.org\/{rel}","templated":true}]}}