{"id":17195,"date":"2025-07-15T11:04:30","date_gmt":"2025-07-15T09:04:30","guid":{"rendered":"https:\/\/foxit-technology.com\/proizvod\/pretvarac-napona-za-gasne-kotlove-i-kotlove-na-pelet-smart-sinus-t12b-700w-1000va-bez-baterije\/"},"modified":"2025-10-04T10:17:41","modified_gmt":"2025-10-04T08:17:41","slug":"pretvarac-napona-za-gasne-kotlove-i-kotlove-na-pelet-smart-sinus-t12b-700w-1000va-bez-baterije","status":"publish","type":"product","link":"https:\/\/hidroterm.dmcsrbija.com\/ru\/proizvod\/pretvarac-napona-za-gasne-kotlove-i-kotlove-na-pelet-smart-sinus-t12b-700w-1000va-bez-baterije\/","title":{"rendered":"Pretvara\u010d napona za gasne kotlove i kotlove na pelet Smart Sinus T12B \/ 700W \/ 1000VA &#8211; bez baterije"},"content":{"rendered":"<p>\u2022 Smart Sinus Ups ima visoki kvalitet izrade, namenjen za napajanje raznih potro\u0161a\u010da koji zahtevaju pozdanost u radu, izra\u0111en u SMD tehnologiji, \u010detiri Mikroprocesora, komponente od najpoznatijih svetskih proizvo\u0111a\u010da. Ovaj model ne poseduje internu bateriju, povezuje se eksterno jedna baterija od 12V,kapacitet po \u017eelji.<\/p>\n<p>\u2022 Super-charger digitalni podesivi punja\u010d, od 9Ah do 200Ah sa IU karakteristikom i temperaturnom kompezacijom.<\/p>\n<p>\u2022 Smart tehnologija omogu\u0107ava visoku pouzdanost,potpuno automatizovan i nezavistan sistem.<\/p>\n<p>\u2022 \u017divotni vek ups ure\u0111aja bez reparacije preko 15 godina (ne odnosi se na baterije).<\/p>\n<p>\u2022 Generi\u0161e na svom izlazu \u010dist Sinusni napon 230V~ + \/ -5%.<\/p>\n<p>\u2022 \u0160iroki opseg ulaznog mre\u017enog napona od 150V~ do 290V~ (bez degradacije snage).<\/p>\n<p>\u2022 Veliki broj kvalitetnih za\u0161tita od svih situacija koje mogu nastati tokom rada i eksploatacije.<\/p>\n<p>&nbsp;<\/p>\n<p>\u2022 Snaga ( UPS za\u0161tita ) 1000VA( 700W )<br \/>\n\u2022 Ulaz: 230 V ( tolerancija 150 &#8211; 290V )<br \/>\n\u2022 Autonomija: u skladu sa kapacitetom baterije<br \/>\n\u2022 Te\u017eina: 16 kg<br \/>\n\u2022 Dimenzije: Dx\u0160xV\u00a0 540 x 160 x 300 mm<br \/>\n\u2022 Oznaka: T12B<\/p>","protected":false},"excerpt":{"rendered":"<p>\u2022 Smart Sinus Ups ima visoki kvalitet izrade, namenjen za napajanje raznih potro\u0161a\u010da koji zahtevaju pozdanost u radu, izra\u0111en u SMD tehnologiji, \u010detiri Mikroprocesora, komponente od najpoznatijih svetskih proizvo\u0111a\u010da. Ovaj model ne poseduje internu bateriju, povezuje se eksterno jedna baterija od 12V,kapacitet po \u017eelji. \u2022 Super-charger digitalni podesivi punja\u010d, od 9Ah do 200Ah sa IU [&hellip;]<\/p>\n","protected":false},"featured_media":17196,"template":"","meta":[],"product_brand":[4359],"product_cat":[4286],"product_tag":[],"class_list":{"0":"post-17195","1":"product","2":"type-product","3":"status-publish","4":"has-post-thumbnail","6":"product_brand-mm-elektrolab","7":"product_cat-pretvaraci-napona","9":"first","10":"instock","11":"purchasable","12":"product-type-simple"},"_links":{"self":[{"href":"https:\/\/hidroterm.dmcsrbija.com\/ru\/wp-json\/wp\/v2\/product\/17195","targetHints":{"allow":["GET"]}}],"collection":[{"href":"https:\/\/hidroterm.dmcsrbija.com\/ru\/wp-json\/wp\/v2\/product"}],"about":[{"href":"https:\/\/hidroterm.dmcsrbija.com\/ru\/wp-json\/wp\/v2\/types\/product"}],"wp:featuredmedia":[{"embeddable":true,"href":"https:\/\/hidroterm.dmcsrbija.com\/ru\/wp-json\/wp\/v2\/media\/17196"}],"wp:attachment":[{"href":"https:\/\/hidroterm.dmcsrbija.com\/ru\/wp-json\/wp\/v2\/media?parent=17195"}],"wp:term":[{"taxonomy":"product_brand","embeddable":true,"href":"https:\/\/hidroterm.dmcsrbija.com\/ru\/wp-json\/wp\/v2\/product_brand?post=17195"},{"taxonomy":"product_cat","embeddable":true,"href":"https:\/\/hidroterm.dmcsrbija.com\/ru\/wp-json\/wp\/v2\/product_cat?post=17195"},{"taxonomy":"product_tag","embeddable":true,"href":"https:\/\/hidroterm.dmcsrbija.com\/ru\/wp-json\/wp\/v2\/product_tag?post=17195"}],"curies":[{"name":"wp","href":"https:\/\/api.w.org\/{rel}","templated":true}]}}