{"id":17193,"date":"2025-07-15T11:04:30","date_gmt":"2025-07-15T09:04:30","guid":{"rendered":"https:\/\/foxit-technology.com\/proizvod\/pretvarac-napona-12-220v-200w-sa-akumulatorom\/"},"modified":"2025-07-15T11:04:37","modified_gmt":"2025-07-15T09:04:37","slug":"pretvarac-napona-12-220v-200w-sa-akumulatorom","status":"publish","type":"product","link":"https:\/\/hidroterm.dmcsrbija.com\/ru\/proizvod\/pretvarac-napona-12-220v-200w-sa-akumulatorom\/","title":{"rendered":"Pretvara\u010d napona 12\/220V 200W sa akumulatorom"},"content":{"rendered":"<p>Invertor je predvi\u0111en za neprekidno napajanje pumpi malih grejnih sistema na \u010dvrsta goriva, telefonske centrale i punja\u010de za mobilni.&nbsp;<strong>Ovaj pretvara\u010d se ne koristi za kotlove na gas i pelet jer ure\u0111aj nema dovoljnu snagu da podr\u017ei i pumpu i gorionik kod kotlova na pelet.<\/strong>&nbsp;Pored pumpe dozvoljeno je napajati i jedan manji potrosac do 15W snage, najcesce LED sijalicu. Kako bi se pumpa napajala sto duze potrebno je istu ubaciti u najmanju brzinu pri nestanku struje. Ovaj pretvara\u010d sadr\u017ei dve baterije u sebi i u najmanjoj brzini pumpe, uz okretanje potenciometra skroz u levo moze pruziti autonimiju do cak 6 sati. Ako Vam je potrebna ve\u0107a autonomija, pogledajte invertor model&nbsp;<a href=\"https:\/\/borikplus.rs\/proizvodi\/inverteri-za-centralno-grejanje\/pretvarac-napona-mik-200-bez-akumulatora\/\" target=\"_blank\" rel=\"noopener noreferrer\">MIK 200<\/a>, bez akumulatora predvi\u0111en za rad sa spoljnim akumulatorom.<\/p>","protected":false},"excerpt":{"rendered":"<p>Invertor je predvi\u0111en za neprekidno napajanje pumpi malih grejnih sistema na \u010dvrsta goriva, telefonske centrale i punja\u010de za mobilni.&nbsp;Ovaj pretvara\u010d se ne koristi za kotlove na gas i pelet jer ure\u0111aj nema dovoljnu snagu da podr\u017ei i pumpu i gorionik kod kotlova na pelet.&nbsp;Pored pumpe dozvoljeno je napajati i jedan manji potrosac do 15W snage, [&hellip;]<\/p>\n","protected":false},"featured_media":17194,"template":"","meta":[],"product_brand":[4285],"product_cat":[4286],"product_tag":[],"class_list":{"0":"post-17193","1":"product","2":"type-product","3":"status-publish","4":"has-post-thumbnail","6":"product_brand-mik","7":"product_cat-pretvaraci-napona","9":"first","10":"instock","11":"purchasable","12":"product-type-simple"},"_links":{"self":[{"href":"https:\/\/hidroterm.dmcsrbija.com\/ru\/wp-json\/wp\/v2\/product\/17193","targetHints":{"allow":["GET"]}}],"collection":[{"href":"https:\/\/hidroterm.dmcsrbija.com\/ru\/wp-json\/wp\/v2\/product"}],"about":[{"href":"https:\/\/hidroterm.dmcsrbija.com\/ru\/wp-json\/wp\/v2\/types\/product"}],"wp:featuredmedia":[{"embeddable":true,"href":"https:\/\/hidroterm.dmcsrbija.com\/ru\/wp-json\/wp\/v2\/media\/17194"}],"wp:attachment":[{"href":"https:\/\/hidroterm.dmcsrbija.com\/ru\/wp-json\/wp\/v2\/media?parent=17193"}],"wp:term":[{"taxonomy":"product_brand","embeddable":true,"href":"https:\/\/hidroterm.dmcsrbija.com\/ru\/wp-json\/wp\/v2\/product_brand?post=17193"},{"taxonomy":"product_cat","embeddable":true,"href":"https:\/\/hidroterm.dmcsrbija.com\/ru\/wp-json\/wp\/v2\/product_cat?post=17193"},{"taxonomy":"product_tag","embeddable":true,"href":"https:\/\/hidroterm.dmcsrbija.com\/ru\/wp-json\/wp\/v2\/product_tag?post=17193"}],"curies":[{"name":"wp","href":"https:\/\/api.w.org\/{rel}","templated":true}]}}