{"id":17191,"date":"2025-07-15T11:04:30","date_gmt":"2025-07-15T09:04:30","guid":{"rendered":"https:\/\/foxit-technology.com\/proizvod\/rolo-taker-ploca\/"},"modified":"2026-03-18T08:50:38","modified_gmt":"2026-03-18T07:50:38","slug":"rolo-taker-ploca","status":"publish","type":"product","link":"https:\/\/hidroterm.dmcsrbija.com\/ru\/proizvod\/rolo-taker-ploca\/","title":{"rendered":"Rolo Taker Ploca"},"content":{"rendered":"<p>Rolne FIMA Floor sistema od ekspandiranog polistirena (EPS-a) su dostupne u dve debljine, 20 i 30 mm i tri nivoa pritisne \u010dvrsto\u0107e 80, 120 i 150 kPa. Izbor razli\u010ditih debljina i nosivosti omogu\u0107ava idealno re\u0161enje za sve vrste estrih podova.<\/p>\n<p>&nbsp;<\/p>\n<p>Svojom velikom pokrivnom mo\u0107i \u010dine da se u kratkom vremenskom roku postave na velikoj povr\u0161ini i na taj na\u010din ubrzavaju postavljanje podnog grejanja (tri puta br\u017ee od standardnog na\u010dina postavljanja ostalih sistema podnih grejanja). U rolnama debljine 20 mm se nalazi 12 m2, u rolni debljine 30 mm \u2013 8m2.<\/p>\n<p>&nbsp;<\/p>\n<p>Aluminijumska folija koja se nalazi preko termoizolacionih plo\u010da je troslojna armirana polipropilenska-polietilenska-aluminizirana folija. Aluminijumski sloj omogu\u0107ava refleksiju toplotne energije i reflektuje je ka grejnoj povr\u0161ini.<\/p>","protected":false},"excerpt":{"rendered":"<p>Rolne FIMA Floor sistema od ekspandiranog polistirena (EPS-a) su dostupne u dve debljine, 20 i 30 mm i tri nivoa pritisne \u010dvrsto\u0107e 80, 120 i 150 kPa. Izbor razli\u010ditih debljina i nosivosti omogu\u0107ava idealno re\u0161enje za sve vrste estrih podova. &nbsp; Svojom velikom pokrivnom mo\u0107i \u010dine da se u kratkom vremenskom roku postave na velikoj [&hellip;]<\/p>\n","protected":false},"featured_media":17192,"template":"","meta":[],"product_brand":[],"product_cat":[4276,4271],"product_tag":[],"class_list":{"0":"post-17191","1":"product","2":"type-product","3":"status-publish","4":"has-post-thumbnail","6":"product_cat-oprema-za-podno-grejanje","7":"product_cat-podno-grejanje","9":"first","10":"instock","11":"purchasable","12":"product-type-simple"},"_links":{"self":[{"href":"https:\/\/hidroterm.dmcsrbija.com\/ru\/wp-json\/wp\/v2\/product\/17191","targetHints":{"allow":["GET"]}}],"collection":[{"href":"https:\/\/hidroterm.dmcsrbija.com\/ru\/wp-json\/wp\/v2\/product"}],"about":[{"href":"https:\/\/hidroterm.dmcsrbija.com\/ru\/wp-json\/wp\/v2\/types\/product"}],"wp:featuredmedia":[{"embeddable":true,"href":"https:\/\/hidroterm.dmcsrbija.com\/ru\/wp-json\/wp\/v2\/media\/17192"}],"wp:attachment":[{"href":"https:\/\/hidroterm.dmcsrbija.com\/ru\/wp-json\/wp\/v2\/media?parent=17191"}],"wp:term":[{"taxonomy":"product_brand","embeddable":true,"href":"https:\/\/hidroterm.dmcsrbija.com\/ru\/wp-json\/wp\/v2\/product_brand?post=17191"},{"taxonomy":"product_cat","embeddable":true,"href":"https:\/\/hidroterm.dmcsrbija.com\/ru\/wp-json\/wp\/v2\/product_cat?post=17191"},{"taxonomy":"product_tag","embeddable":true,"href":"https:\/\/hidroterm.dmcsrbija.com\/ru\/wp-json\/wp\/v2\/product_tag?post=17191"}],"curies":[{"name":"wp","href":"https:\/\/api.w.org\/{rel}","templated":true}]}}