{"id":17183,"date":"2025-07-15T11:04:30","date_gmt":"2025-07-15T09:04:30","guid":{"rendered":"https:\/\/foxit-technology.com\/proizvod\/toplotna-pumpa-monoblok-vazduh-voda-ferroli-omnia-m\/"},"modified":"2025-07-15T11:04:33","modified_gmt":"2025-07-15T09:04:33","slug":"toplotna-pumpa-monoblok-vazduh-voda-ferroli-omnia-m","status":"publish","type":"product","link":"https:\/\/hidroterm.dmcsrbija.com\/ru\/proizvod\/toplotna-pumpa-monoblok-vazduh-voda-ferroli-omnia-m\/","title":{"rendered":"Toplotna pumpa monoblok vazduh\/voda FERROLI Omnia M"},"content":{"rendered":"<p><strong>Nova Ferroli monoblok toplotna pumpa vazduh\/voda Omnia M 3.2 \u2013 efikasno i kompaktno re\u0161enje za grejanje i hladjenje Va\u0161eg doma<\/strong><\/p>\n<p>Impresivne karakteristike nove serije Omnia M 3.2 omogu\u0107i\u0107e Vam da povoljno i pouzdano ostvarite prijatne temperature u Va\u0161em domu tokom cele godine. Naravno, I dalje je na raspolaganju mogu\u0107nost pripreme tople sanitarne vode preko izdvojenog akumulacionog bojlera. Proverena DC inverter tehnologija uz novo rashladno serdstvo R32 \u010dine da ovi ure\u0111aji budu i u A<sup>+++&nbsp;<\/sup>klasi energetske efikasnosti, te da mogu ostvariti temperature polaznog voda i do 65\u2070C. Dodatno specijalno dizajnirano komponente omogu\u0107uju bitno manju emisiju buke i jo\u0161 kompaktnije dimenzije za jednostavniju monta\u017eu koja \u0161tedi prostor i vreme. U sklopu isporuke ure\u0111aja su kontroler i senzor temperature akumulacionog bojlera. Napredni kontroler omogu\u0107uje brojne dodatne mogu\u0107nosti \u2013 od pametnog vo\u0111enja dodatnog generator toplote i elektri\u010dnog greja\u010da, preko upravljanja solarnim sistemom, jednim direktnim i jednim krugom grejanja sa me\u0161anjem. U slu\u010daju potrebe za ve\u0107im kapacitetima ure\u0111aj je spreman za kaskadno povezivanje do \u0161est jedinica. U slu\u010daju da \u017eelite upravljati ure\u0111ajem putem interneta i aplikacije na Va\u0161em mobilnom ure\u0111aju, sve je ve\u0107 spremno, a odgovaraju\u0107u besplatnu aplikaciju je jednostavno preuzeti i koristiti. Re\u017eim grejanja je mogu\u0107 u rasponu spolja\u0161njih temperatura od minus 25\u2070C do plus 35\u2070C, pripreme tople sanitarne vode u rasponu spolja\u0161njih temperatura od minus 25\u2070C do plus 43\u2070C, a hla\u0111enja u rasponu spolja\u0161njih temperatura od minus 5\u2070C do plus 43\u2070C.<\/p>","protected":false},"excerpt":{"rendered":"<p>Nova Ferroli monoblok toplotna pumpa vazduh\/voda Omnia M 3.2 \u2013 efikasno i kompaktno re\u0161enje za grejanje i hladjenje Va\u0161eg doma Impresivne karakteristike nove serije Omnia M 3.2 omogu\u0107i\u0107e Vam da povoljno i pouzdano ostvarite prijatne temperature u Va\u0161em domu tokom cele godine. Naravno, I dalje je na raspolaganju mogu\u0107nost pripreme tople sanitarne vode preko izdvojenog [&hellip;]<\/p>\n","protected":false},"featured_media":17184,"template":"","meta":[],"product_brand":[4191],"product_cat":[4357,4335],"product_tag":[],"class_list":{"0":"post-17183","1":"product","2":"type-product","3":"status-publish","4":"has-post-thumbnail","6":"product_brand-ferroli","7":"product_cat-ferroli-omnia-toplotne-pumpe","8":"product_cat-toplotne-pumpe","10":"first","11":"instock","12":"purchasable","13":"product-type-simple"},"_links":{"self":[{"href":"https:\/\/hidroterm.dmcsrbija.com\/ru\/wp-json\/wp\/v2\/product\/17183","targetHints":{"allow":["GET"]}}],"collection":[{"href":"https:\/\/hidroterm.dmcsrbija.com\/ru\/wp-json\/wp\/v2\/product"}],"about":[{"href":"https:\/\/hidroterm.dmcsrbija.com\/ru\/wp-json\/wp\/v2\/types\/product"}],"wp:featuredmedia":[{"embeddable":true,"href":"https:\/\/hidroterm.dmcsrbija.com\/ru\/wp-json\/wp\/v2\/media\/17184"}],"wp:attachment":[{"href":"https:\/\/hidroterm.dmcsrbija.com\/ru\/wp-json\/wp\/v2\/media?parent=17183"}],"wp:term":[{"taxonomy":"product_brand","embeddable":true,"href":"https:\/\/hidroterm.dmcsrbija.com\/ru\/wp-json\/wp\/v2\/product_brand?post=17183"},{"taxonomy":"product_cat","embeddable":true,"href":"https:\/\/hidroterm.dmcsrbija.com\/ru\/wp-json\/wp\/v2\/product_cat?post=17183"},{"taxonomy":"product_tag","embeddable":true,"href":"https:\/\/hidroterm.dmcsrbija.com\/ru\/wp-json\/wp\/v2\/product_tag?post=17183"}],"curies":[{"name":"wp","href":"https:\/\/api.w.org\/{rel}","templated":true}]}}