{"id":17181,"date":"2025-07-15T11:04:30","date_gmt":"2025-07-15T09:04:30","guid":{"rendered":"https:\/\/foxit-technology.com\/proizvod\/toplotna-pumpa-split-vazduh-voda-ferroli-omnia-s-3-2\/"},"modified":"2025-07-15T11:04:32","modified_gmt":"2025-07-15T09:04:32","slug":"toplotna-pumpa-split-vazduh-voda-ferroli-omnia-s-3-2","status":"publish","type":"product","link":"https:\/\/hidroterm.dmcsrbija.com\/ru\/proizvod\/toplotna-pumpa-split-vazduh-voda-ferroli-omnia-s-3-2\/","title":{"rendered":"Toplotna pumpa split vazduh\/voda FERROLI Omnia S 3.2"},"content":{"rendered":"<p>Nova gama toplotnih pumpi sa punim inverterskim split sistemom i ekolo\u0161kim rashladnim sredstvom R32. Sastoji od spoljne jedinice koja sadr\u017ei najva\u017enije elemente rashladnog kruga, od kompresora do izmenjiva\u010da toplote sa vazdu\u0161ne strane, koji se povezuje sa cevima rashladnog sredstva do unutra\u0161nje jedinice. Unutra\u0161nja jedinica, s druge strane, sadr\u017ei glavne komponente vodenog kruga generatora toplote, sa predinstaliranim komponentama, kao \u0161to su visokoefikasna cirkulaciona pumpa i ekspanziona posuda, kako bi se omoguc\u0301ila sigurna, brza i prakti\u010dna instalacija. Standardno se isporu\u010duje sa elektri\u010dnim greja\u010dem od 3 kV za monofazne modele i 6kV za trofazne modele. Instaliranje split sistema tako\u0111e nudi neospornu prednost izbegavanja problema smrzavanja, \u010dak i na najni\u017eim temperaturama (do -25 \u00b0 C) \u010dak i u odsustvu elektri\u010dne energije. Sve jedinice zadovoljavaju najekstremnije zimske\/letnje potrebe za grejanjem\/hla\u0111enjem sa kapacitetom za proizvodnju tople vode do 65 \u00b0 C, \u0161to ih \u010dini idealnim za prakti\u010dno sve sisteme grejanja, bez obzira da li su panelni, sa ventilator konvektorima ili radijatorima, uklju\u010dujuc\u0301i proizvodnju potro\u0161ne tople vode (PTV) preko spolja\u0161njeg bojlera. Ferrolijev novi dizajn sa punim inverterom koristi DC invertersku modulaciju na tri glavne komponente ma\u0161ine koje tro\u0161e energiju, tj. kompresor, ventilator i cirkulacionu pumpu. Ovo omoguc\u0301ava modulaciju distribuiranog kapaciteta finim prac\u0301enjem toplotnog opterec\u0301enja, omoguc\u0301avajuc\u0301i tako veoma visoku energetsku efikasnost i va\u017enu u\u0161tedu za krajnjeg korisnika. Na taj na\u010din, Ferrolijev dizajn sa punim inverterom smanjuje udarnu struju, izbegavajuc\u0301i fluktuacije elektri\u010dne mre\u017ee, \u010dime se pobolj\u0161ava radni vek komponenti. Nivoi buke su me\u0111u najni\u017eim u na tr\u017ei\u0161tu, a mo\u017ee se koristiti ili kao samostalan ili kao ure\u0111aj integrisan sa drugim izvorima toplote. Sve jedinice se isporu\u010duju sa temperaturnom sondom za bojler PTV i sondom za temperaturu spoljnog vazduha (prethodno montiranu na spoljnoj jedinici).<\/p>\n<p>&gt; SISTEM KONTROLE<\/p>\n<p>Kontroler dolazi sa Capsense tehnologijom sa grafi\u010dkim ekranom od 2,8 in\u010da, \u0161to osigurava jednostavnu I laku komunikaciju korisnika sa proizvodom. Interfejs ugra\u0111ene ma\u0161ine lako komunicira sa novim pametnim Connect CRP sistemima, koji mogu upravljati do 8 termostata.<\/p>\n<p>MODBUS PROTOKOL za pametnu kontrolu preko spoljnog BMS -a.<\/p>\n<p>GREJANJE I HLA\u0110ENJE sa toplotnom pumpom kao jedinim izvorom toplote. Potpuna modulacija invertera zna\u010di da se zadate vrednosti mogu odr\u017eavati i u grejanju i u hla\u0111enju uz optimizaciju potro\u0161nje za korisnika. Pode\u0161avanje temperaturne krive (standardno) mo\u017ee pobolj\u0161ati udobnost i dodatno smanjiti potro\u0161nju.<\/p>\n<p>PROIZVODNJA TOPLE VODE (PTV) Kada sonda za temperaturu tople vode na spoljnom bojleru, registruje temperaturu ispod odre\u0111ene vrednosti, ma\u0161ina ulazi u PTV re\u017eimu, odnosno grejanje sa namenskom zadatom temperaturom.<\/p>\n<p>ULAZ PAMETNE MRE\u017dE IZ FOTONAPONSKOG SISTEMA I MRE\u017dE Jedinica je opremljena sa 2 digitalna kontakta za upravljanje ulazom iz fotonaponskog sistema i mre\u017ee. Ovo su poznati Smart Grid kontakti koji se koriste za optimizaciju potro\u0161nje i u\u0161tedu. Prvi kontakt (EVU) govori toplotnoj pumpi kada fotonaponski sistem proizvodi: toplotna pumpa povec\u0301ava zadatu vrednost tople vode sa ciljem za pobolj\u0161anje sopstvene potro\u0161nje (gde korisnik ima najbolju u\u0161tedu). Kontakt prema mre\u017ei (SG) upozorava toplotnu pumpu kada elektri\u010dna energija ko\u0161ta vi\u0161e (ako to dozvoljava operater), koji c\u0301e tada biti ograni\u010den u skladu sa pode\u0161enim vrednostima.<\/p>\n<p>DALJINSKO UPRAVLJANJE PREKO APLIKACIJE Dostupno za iOS i Android koristec\u0301i Connect CRP (opcionalno) greja\u010d PTV. U re\u017eimu pripreme tople sanitarne vode jedinica upravlja elektri\u010dnim greja\u010dem integrisanim u bojler, funkcijom protiv legionele ili dodatnim generatorom u slu\u010daju kvara.<\/p>\n<p>FAST DHV Funkcija koja omoguc\u0301ava davanje prednosti proizvodnji tople sanitarne vode aktiviranjem svih dostupnih izvora energije, kako bi se bojler PTV doveo do zadate vrednosti u najkrac\u0301em moguc\u0301em roku.<\/p>\n<p>FUNKCIJA ANTI-LEGIONELLA Omoguc\u0301ava pode\u0161avanje nedeljnih ciklusa protiv legionele. Da bi efikasno funkcionisalo, u bojler mora biti ugra\u0111en dodatni elektri\u010dni greja\u010d ili se mora dogrevati preko dodatnog generator toplote.<\/p>\n<p>TIHI RE\u017dIM Kada se aktivira, smanjuje maksimalnu frekvenciju kompresora i brzinu ventilatora te time zna\u010dajno smanjuje emisiju buke. Dostupno sa 2 razli\u010dita nivoa i vremenski programabilno u dnevnim vremenskim intervalima (npr. noc\u0301u).<\/p>\n<p>ON\/OFF preko spoljnog kontakta. Ure\u0111aj se mo\u017ee aktivirati i deaktivirati preko spolja\u0161njeg ure\u0111aja.<\/p>","protected":false},"excerpt":{"rendered":"<p>Nova gama toplotnih pumpi sa punim inverterskim split sistemom i ekolo\u0161kim rashladnim sredstvom R32. Sastoji od spoljne jedinice koja sadr\u017ei najva\u017enije elemente rashladnog kruga, od kompresora do izmenjiva\u010da toplote sa vazdu\u0161ne strane, koji se povezuje sa cevima rashladnog sredstva do unutra\u0161nje jedinice. Unutra\u0161nja jedinica, s druge strane, sadr\u017ei glavne komponente vodenog kruga generatora toplote, sa [&hellip;]<\/p>\n","protected":false},"featured_media":17182,"template":"","meta":[],"product_brand":[4191],"product_cat":[4357,4335],"product_tag":[],"class_list":{"0":"post-17181","1":"product","2":"type-product","3":"status-publish","4":"has-post-thumbnail","6":"product_brand-ferroli","7":"product_cat-ferroli-omnia-toplotne-pumpe","8":"product_cat-toplotne-pumpe","10":"first","11":"instock","12":"purchasable","13":"product-type-simple"},"_links":{"self":[{"href":"https:\/\/hidroterm.dmcsrbija.com\/ru\/wp-json\/wp\/v2\/product\/17181","targetHints":{"allow":["GET"]}}],"collection":[{"href":"https:\/\/hidroterm.dmcsrbija.com\/ru\/wp-json\/wp\/v2\/product"}],"about":[{"href":"https:\/\/hidroterm.dmcsrbija.com\/ru\/wp-json\/wp\/v2\/types\/product"}],"wp:featuredmedia":[{"embeddable":true,"href":"https:\/\/hidroterm.dmcsrbija.com\/ru\/wp-json\/wp\/v2\/media\/17182"}],"wp:attachment":[{"href":"https:\/\/hidroterm.dmcsrbija.com\/ru\/wp-json\/wp\/v2\/media?parent=17181"}],"wp:term":[{"taxonomy":"product_brand","embeddable":true,"href":"https:\/\/hidroterm.dmcsrbija.com\/ru\/wp-json\/wp\/v2\/product_brand?post=17181"},{"taxonomy":"product_cat","embeddable":true,"href":"https:\/\/hidroterm.dmcsrbija.com\/ru\/wp-json\/wp\/v2\/product_cat?post=17181"},{"taxonomy":"product_tag","embeddable":true,"href":"https:\/\/hidroterm.dmcsrbija.com\/ru\/wp-json\/wp\/v2\/product_tag?post=17181"}],"curies":[{"name":"wp","href":"https:\/\/api.w.org\/{rel}","templated":true}]}}