{"id":17179,"date":"2025-07-15T11:04:30","date_gmt":"2025-07-15T09:04:30","guid":{"rendered":"https:\/\/foxit-technology.com\/proizvod\/kotao-na-pelet-kepo-ac-55\/"},"modified":"2025-10-11T08:48:54","modified_gmt":"2025-10-11T06:48:54","slug":"kotao-na-pelet-kepo-ac-55","status":"publish","type":"product","link":"https:\/\/hidroterm.dmcsrbija.com\/ru\/proizvod\/kotao-na-pelet-kepo-ac-55\/","title":{"rendered":"Kotao na pelet Kepo AC 55"},"content":{"rendered":"<p>Dugo ve\u0107 prisutan na tr\u017ei\u0161tu, KEPO COMFORT, svoju ponudu obogatio je novim kotlom snage 55 kW. Pored automatskog \u010di\u0161\u0107enja gorionika i izmenjiva\u010da toplote, automatizovan je i proces izbacivanja pepela u posudu za pepeo, \u010dime ovaj model predstavlja tehnolo\u0161ki usavr\u0161en proizvod. Uz minimalnu potrebu za odr\u017eavanjem kotla,\u00a0<strong>KEPO COMFORT AC 55<\/strong>\u00a0\u0107e zagrevati Va\u0161e velike stambene i poslovne prostorije i \u010diniti da\u00a0<em>u\u017eivate u komforu savremenog grejanja.<\/em><\/p>\n<p>Pored maksimalno automatizovanog rada kotla,\u00a0<strong>KEPO COMFORT AC 55<\/strong>\u00a0poseduje:<\/p>\n<ul>\n<li>Stepen iskori\u0161\u0107enja energije 90,90 %<\/li>\n<li>Mogu\u0107nost ugradnje WiFi modula za daljinsku kontrolu rada kotla<\/li>\n<li>Sigurnosni ventil, ozra\u010dni ventil i ventil za punjenje i pra\u017enjenje kotla<\/li>\n<li>CE sertifikat kvaliteta najvi\u0161e klase (5)<\/li>\n<li>Sposobnost da zagreje velike povr\u0161ine, od 300 m\u00b2 do 600 m\u00b2<\/li>\n<li>Veliki kapacitet spremnika za pelet (230 kg)<\/li>\n<\/ul>","protected":false},"excerpt":{"rendered":"<p>Dugo ve\u0107 prisutan na tr\u017ei\u0161tu, KEPO COMFORT, svoju ponudu obogatio je novim kotlom snage 55 kW. Pored automatskog \u010di\u0161\u0107enja gorionika i izmenjiva\u010da toplote, automatizovan je i proces izbacivanja pepela u posudu za pepeo, \u010dime ovaj model predstavlja tehnolo\u0161ki usavr\u0161en proizvod. Uz minimalnu potrebu za odr\u017eavanjem kotla,\u00a0KEPO COMFORT AC 55\u00a0\u0107e zagrevati Va\u0161e velike stambene i poslovne [&hellip;]<\/p>\n","protected":false},"featured_media":17180,"template":"","meta":[],"product_brand":[4209],"product_cat":[4917],"product_tag":[],"class_list":{"0":"post-17179","1":"product","2":"type-product","3":"status-publish","4":"has-post-thumbnail","6":"product_brand-kepo","7":"product_cat-kotlovi-na-pelet","9":"first","10":"instock","11":"purchasable","12":"product-type-simple"},"_links":{"self":[{"href":"https:\/\/hidroterm.dmcsrbija.com\/ru\/wp-json\/wp\/v2\/product\/17179","targetHints":{"allow":["GET"]}}],"collection":[{"href":"https:\/\/hidroterm.dmcsrbija.com\/ru\/wp-json\/wp\/v2\/product"}],"about":[{"href":"https:\/\/hidroterm.dmcsrbija.com\/ru\/wp-json\/wp\/v2\/types\/product"}],"wp:featuredmedia":[{"embeddable":true,"href":"https:\/\/hidroterm.dmcsrbija.com\/ru\/wp-json\/wp\/v2\/media\/17180"}],"wp:attachment":[{"href":"https:\/\/hidroterm.dmcsrbija.com\/ru\/wp-json\/wp\/v2\/media?parent=17179"}],"wp:term":[{"taxonomy":"product_brand","embeddable":true,"href":"https:\/\/hidroterm.dmcsrbija.com\/ru\/wp-json\/wp\/v2\/product_brand?post=17179"},{"taxonomy":"product_cat","embeddable":true,"href":"https:\/\/hidroterm.dmcsrbija.com\/ru\/wp-json\/wp\/v2\/product_cat?post=17179"},{"taxonomy":"product_tag","embeddable":true,"href":"https:\/\/hidroterm.dmcsrbija.com\/ru\/wp-json\/wp\/v2\/product_tag?post=17179"}],"curies":[{"name":"wp","href":"https:\/\/api.w.org\/{rel}","templated":true}]}}