{"id":17177,"date":"2025-07-15T11:04:30","date_gmt":"2025-07-15T09:04:30","guid":{"rendered":"https:\/\/foxit-technology.com\/proizvod\/thermoflux-kotao-na-cvrsto-gorivo\/"},"modified":"2025-07-15T11:04:31","modified_gmt":"2025-07-15T09:04:31","slug":"thermoflux-kotao-na-cvrsto-gorivo","status":"publish","type":"product","link":"https:\/\/hidroterm.dmcsrbija.com\/ru\/proizvod\/thermoflux-kotao-na-cvrsto-gorivo\/","title":{"rendered":"ThermoFLUX KOTAO NA CVRSTO GORIVO"},"content":{"rendered":"<p>Oslu\u0161kuju\u0107i potrebe tr\u017ei\u0161ta, ThermoFLUX je predstavio TK, jedini kotao sa cijevnim izmjenjiva\u010dem toplote na tr\u017ei\u0161tu, koji ga \u010dine jedinstvenim na tr\u017ei\u0161tu.<br \/>Kombinacija izmjenjiva\u010da i gusanih re\u0161etki koje se nalaze u osnovu lo\u017ei\u0161ta omogu\u0107ava ovom kotlu idealno sagorijevanje energenta. Istovremeno, masivne gusane re\u0161etke zadr\u017eavaju svoju formu \u010dak i pri najvi\u0161im temperaturama, te dugo zadr\u017eavaju toplotu.<br \/>TK kotao predvi\u0111en je za lo\u017eenje svih vrsta \u010dvrstog goriva (drvo, ugalj, briket), dok se istovremeno vrlo jednostavno \u010disti i odr\u017eava.<br \/>Uz mnoge druge funkcionalnosti, u prilogu mu idu i relativno male dimenzije, koje ga \u010dine prikladnim za ve\u0107inu kotlovnica.<\/p>","protected":false},"excerpt":{"rendered":"<p>Oslu\u0161kuju\u0107i potrebe tr\u017ei\u0161ta, ThermoFLUX je predstavio TK, jedini kotao sa cijevnim izmjenjiva\u010dem toplote na tr\u017ei\u0161tu, koji ga \u010dine jedinstvenim na tr\u017ei\u0161tu.Kombinacija izmjenjiva\u010da i gusanih re\u0161etki koje se nalaze u osnovu lo\u017ei\u0161ta omogu\u0107ava ovom kotlu idealno sagorijevanje energenta. Istovremeno, masivne gusane re\u0161etke zadr\u017eavaju svoju formu \u010dak i pri najvi\u0161im temperaturama, te dugo zadr\u017eavaju toplotu.TK kotao predvi\u0111en [&hellip;]<\/p>\n","protected":false},"featured_media":17178,"template":"","meta":[],"product_brand":[4356],"product_cat":[4189],"product_tag":[],"class_list":{"0":"post-17177","1":"product","2":"type-product","3":"status-publish","4":"has-post-thumbnail","6":"product_brand-thermoflux","7":"product_cat-kotlovi-na-cvrsto-gorivo","9":"first","10":"instock","11":"purchasable","12":"product-type-simple"},"_links":{"self":[{"href":"https:\/\/hidroterm.dmcsrbija.com\/ru\/wp-json\/wp\/v2\/product\/17177","targetHints":{"allow":["GET"]}}],"collection":[{"href":"https:\/\/hidroterm.dmcsrbija.com\/ru\/wp-json\/wp\/v2\/product"}],"about":[{"href":"https:\/\/hidroterm.dmcsrbija.com\/ru\/wp-json\/wp\/v2\/types\/product"}],"wp:featuredmedia":[{"embeddable":true,"href":"https:\/\/hidroterm.dmcsrbija.com\/ru\/wp-json\/wp\/v2\/media\/17178"}],"wp:attachment":[{"href":"https:\/\/hidroterm.dmcsrbija.com\/ru\/wp-json\/wp\/v2\/media?parent=17177"}],"wp:term":[{"taxonomy":"product_brand","embeddable":true,"href":"https:\/\/hidroterm.dmcsrbija.com\/ru\/wp-json\/wp\/v2\/product_brand?post=17177"},{"taxonomy":"product_cat","embeddable":true,"href":"https:\/\/hidroterm.dmcsrbija.com\/ru\/wp-json\/wp\/v2\/product_cat?post=17177"},{"taxonomy":"product_tag","embeddable":true,"href":"https:\/\/hidroterm.dmcsrbija.com\/ru\/wp-json\/wp\/v2\/product_tag?post=17177"}],"curies":[{"name":"wp","href":"https:\/\/api.w.org\/{rel}","templated":true}]}}