{"id":17173,"date":"2025-07-15T11:04:30","date_gmt":"2025-07-15T09:04:30","guid":{"rendered":"https:\/\/foxit-technology.com\/proizvod\/thermoflux-kamin-na-pelet-agnes\/"},"modified":"2025-07-17T11:59:41","modified_gmt":"2025-07-17T09:59:41","slug":"thermoflux-kamin-na-pelet-agnes","status":"publish","type":"product","link":"https:\/\/hidroterm.dmcsrbija.com\/ru\/proizvod\/thermoflux-kamin-na-pelet-agnes\/","title":{"rendered":"ThermoFLUX KAMIN NA PELET AGNES"},"content":{"rendered":"<p>Simpati\u010dno kompaktni kamin na pelet Agnes, rezultat je inovativnosti italijanskog dizajnera Cesarea Montija, tehnike Firevision Austrije i doma\u0107e proizvodnje. Agnes ostavlja atraktivno kompaktan utisak sa vratima od livenog \u010delika, upe\u010datljivo zaobljenih, mekanih radijusa. Kamin na pelet Agnes je u 2019. nagra\u0111en Design Plus Awardom u organizaciji nema\u010dkog Bundestaga za najbolji dizajn i inovaciju. Ovaj u svakom pogledu uspeli kamin, svakom \u0107e prostoru dati poseban ugo\u0111aj.<\/p>","protected":false},"excerpt":{"rendered":"<p>Simpati\u010dno kompaktni kamin na pelet Agnes, rezultat je inovativnosti italijanskog dizajnera Cesarea Montija, tehnike Firevision Austrije i doma\u0107e proizvodnje. Agnes ostavlja atraktivno kompaktan utisak sa vratima od livenog \u010delika, upe\u010datljivo zaobljenih, mekanih radijusa. Kamin na pelet Agnes je u 2019. nagra\u0111en Design Plus Awardom u organizaciji nema\u010dkog Bundestaga za najbolji dizajn i inovaciju. Ovaj u [&hellip;]<\/p>\n","protected":false},"featured_media":17174,"template":"","meta":[],"product_brand":[4356],"product_cat":[4208,4205],"product_tag":[],"class_list":{"0":"post-17173","1":"product","2":"type-product","3":"status-publish","4":"has-post-thumbnail","6":"product_brand-thermoflux","7":"product_cat-kotlovi-i-kamini-na-pelet-kotlovi-i-kamini-na-pelet","8":"product_cat-kotlovi-i-kamini-na-pelet","10":"first","11":"instock","12":"purchasable","13":"product-type-simple"},"_links":{"self":[{"href":"https:\/\/hidroterm.dmcsrbija.com\/ru\/wp-json\/wp\/v2\/product\/17173","targetHints":{"allow":["GET"]}}],"collection":[{"href":"https:\/\/hidroterm.dmcsrbija.com\/ru\/wp-json\/wp\/v2\/product"}],"about":[{"href":"https:\/\/hidroterm.dmcsrbija.com\/ru\/wp-json\/wp\/v2\/types\/product"}],"wp:featuredmedia":[{"embeddable":true,"href":"https:\/\/hidroterm.dmcsrbija.com\/ru\/wp-json\/wp\/v2\/media\/17174"}],"wp:attachment":[{"href":"https:\/\/hidroterm.dmcsrbija.com\/ru\/wp-json\/wp\/v2\/media?parent=17173"}],"wp:term":[{"taxonomy":"product_brand","embeddable":true,"href":"https:\/\/hidroterm.dmcsrbija.com\/ru\/wp-json\/wp\/v2\/product_brand?post=17173"},{"taxonomy":"product_cat","embeddable":true,"href":"https:\/\/hidroterm.dmcsrbija.com\/ru\/wp-json\/wp\/v2\/product_cat?post=17173"},{"taxonomy":"product_tag","embeddable":true,"href":"https:\/\/hidroterm.dmcsrbija.com\/ru\/wp-json\/wp\/v2\/product_tag?post=17173"}],"curies":[{"name":"wp","href":"https:\/\/api.w.org\/{rel}","templated":true}]}}