{"id":17171,"date":"2025-07-15T11:04:19","date_gmt":"2025-07-15T09:04:19","guid":{"rendered":"https:\/\/foxit-technology.com\/proizvod\/thermoflux-kamin-na-pelet-adele\/"},"modified":"2025-07-17T11:59:42","modified_gmt":"2025-07-17T09:59:42","slug":"thermoflux-kamin-na-pelet-adele","status":"publish","type":"product","link":"https:\/\/hidroterm.dmcsrbija.com\/ru\/proizvod\/thermoflux-kamin-na-pelet-adele\/","title":{"rendered":"ThermoFLUX KAMIN NA PELET ADELE"},"content":{"rendered":"<p>Ovaj moderno dizajnirani kamin premium kvalitete, izra\u0111en od visokokvalitetnih materijala, savr\u0161eno \u0107e se uklopiti u svaki interijer i postati Va\u0161 saveznik u stvaranju idealnog ambijenta. Pored ugodne atmosfere, donijet \u0107e Vam potpuno novo iskustvo zagrijavanja Va\u0161eg doma.<br \/>Velika staklena vrata i \u0161amotirano lo\u017ei\u0161te osiguravaju da intenzivan i ugodan plamen postane neizostavan dio Va\u0161e svakodnevnice, koja \u0107e ujedno postati i jednostavnija uz naprednu tehnologiju ekrana osjetljivog na dodir i mogu\u0107nost programiranja na daljinu.<\/p>","protected":false},"excerpt":{"rendered":"<p>Ovaj moderno dizajnirani kamin premium kvalitete, izra\u0111en od visokokvalitetnih materijala, savr\u0161eno \u0107e se uklopiti u svaki interijer i postati Va\u0161 saveznik u stvaranju idealnog ambijenta. Pored ugodne atmosfere, donijet \u0107e Vam potpuno novo iskustvo zagrijavanja Va\u0161eg doma.Velika staklena vrata i \u0161amotirano lo\u017ei\u0161te osiguravaju da intenzivan i ugodan plamen postane neizostavan dio Va\u0161e svakodnevnice, koja \u0107e [&hellip;]<\/p>\n","protected":false},"featured_media":17172,"template":"","meta":[],"product_brand":[4356],"product_cat":[4208,4205],"product_tag":[],"class_list":{"0":"post-17171","1":"product","2":"type-product","3":"status-publish","4":"has-post-thumbnail","6":"product_brand-thermoflux","7":"product_cat-kotlovi-i-kamini-na-pelet-kotlovi-i-kamini-na-pelet","8":"product_cat-kotlovi-i-kamini-na-pelet","10":"first","11":"instock","12":"purchasable","13":"product-type-simple"},"_links":{"self":[{"href":"https:\/\/hidroterm.dmcsrbija.com\/ru\/wp-json\/wp\/v2\/product\/17171","targetHints":{"allow":["GET"]}}],"collection":[{"href":"https:\/\/hidroterm.dmcsrbija.com\/ru\/wp-json\/wp\/v2\/product"}],"about":[{"href":"https:\/\/hidroterm.dmcsrbija.com\/ru\/wp-json\/wp\/v2\/types\/product"}],"wp:featuredmedia":[{"embeddable":true,"href":"https:\/\/hidroterm.dmcsrbija.com\/ru\/wp-json\/wp\/v2\/media\/17172"}],"wp:attachment":[{"href":"https:\/\/hidroterm.dmcsrbija.com\/ru\/wp-json\/wp\/v2\/media?parent=17171"}],"wp:term":[{"taxonomy":"product_brand","embeddable":true,"href":"https:\/\/hidroterm.dmcsrbija.com\/ru\/wp-json\/wp\/v2\/product_brand?post=17171"},{"taxonomy":"product_cat","embeddable":true,"href":"https:\/\/hidroterm.dmcsrbija.com\/ru\/wp-json\/wp\/v2\/product_cat?post=17171"},{"taxonomy":"product_tag","embeddable":true,"href":"https:\/\/hidroterm.dmcsrbija.com\/ru\/wp-json\/wp\/v2\/product_tag?post=17171"}],"curies":[{"name":"wp","href":"https:\/\/api.w.org\/{rel}","templated":true}]}}