{"id":17169,"date":"2025-07-15T11:04:19","date_gmt":"2025-07-15T09:04:19","guid":{"rendered":"https:\/\/foxit-technology.com\/proizvod\/thermoflux-kamin-na-pelet-eleganc-air\/"},"modified":"2025-07-17T11:59:42","modified_gmt":"2025-07-17T09:59:42","slug":"thermoflux-kamin-na-pelet-eleganc-air","status":"publish","type":"product","link":"https:\/\/hidroterm.dmcsrbija.com\/ru\/proizvod\/thermoflux-kamin-na-pelet-eleganc-air\/","title":{"rendered":"ThermoFLUX KAMIN NA PELET ELEGANC AIR"},"content":{"rendered":"<p>Bezvremenska elegancija u malim dimenzijama savr\u0161eno se uklapa u svaki ambijent. Do\u017eivljaj plamena kroz velika staklena vrata stvara posebnu atmosferu. Visoko iskori\u0161tenje i smanjene emisije \u0161tetnih gasova donose u\u0161tedu i doprinose o\u010duvanju \u017eivotne sredine. Automatska regulacija, sedmodnevni vremenski programator, velika lu\u017eara i aluminijska re\u0161etka, samo su neki od detalja koji ovaj kamin \u010dine posebnim.<\/p>","protected":false},"excerpt":{"rendered":"<p>Bezvremenska elegancija u malim dimenzijama savr\u0161eno se uklapa u svaki ambijent. Do\u017eivljaj plamena kroz velika staklena vrata stvara posebnu atmosferu. Visoko iskori\u0161tenje i smanjene emisije \u0161tetnih gasova donose u\u0161tedu i doprinose o\u010duvanju \u017eivotne sredine. Automatska regulacija, sedmodnevni vremenski programator, velika lu\u017eara i aluminijska re\u0161etka, samo su neki od detalja koji ovaj kamin \u010dine posebnim.<\/p>","protected":false},"featured_media":17170,"template":"","meta":[],"product_brand":[4356],"product_cat":[4208,4205],"product_tag":[],"class_list":{"0":"post-17169","1":"product","2":"type-product","3":"status-publish","4":"has-post-thumbnail","6":"product_brand-thermoflux","7":"product_cat-kotlovi-i-kamini-na-pelet-kotlovi-i-kamini-na-pelet","8":"product_cat-kotlovi-i-kamini-na-pelet","10":"first","11":"instock","12":"purchasable","13":"product-type-simple"},"_links":{"self":[{"href":"https:\/\/hidroterm.dmcsrbija.com\/ru\/wp-json\/wp\/v2\/product\/17169","targetHints":{"allow":["GET"]}}],"collection":[{"href":"https:\/\/hidroterm.dmcsrbija.com\/ru\/wp-json\/wp\/v2\/product"}],"about":[{"href":"https:\/\/hidroterm.dmcsrbija.com\/ru\/wp-json\/wp\/v2\/types\/product"}],"wp:featuredmedia":[{"embeddable":true,"href":"https:\/\/hidroterm.dmcsrbija.com\/ru\/wp-json\/wp\/v2\/media\/17170"}],"wp:attachment":[{"href":"https:\/\/hidroterm.dmcsrbija.com\/ru\/wp-json\/wp\/v2\/media?parent=17169"}],"wp:term":[{"taxonomy":"product_brand","embeddable":true,"href":"https:\/\/hidroterm.dmcsrbija.com\/ru\/wp-json\/wp\/v2\/product_brand?post=17169"},{"taxonomy":"product_cat","embeddable":true,"href":"https:\/\/hidroterm.dmcsrbija.com\/ru\/wp-json\/wp\/v2\/product_cat?post=17169"},{"taxonomy":"product_tag","embeddable":true,"href":"https:\/\/hidroterm.dmcsrbija.com\/ru\/wp-json\/wp\/v2\/product_tag?post=17169"}],"curies":[{"name":"wp","href":"https:\/\/api.w.org\/{rel}","templated":true}]}}